{"id":1790,"date":"2024-07-29T20:39:20","date_gmt":"2024-07-29T18:39:20","guid":{"rendered":"https:\/\/www.office-sale.ch\/?page_id=1790"},"modified":"2026-03-05T12:08:41","modified_gmt":"2026-03-05T10:08:41","slug":"allgemeine-geschaeftsbedingungen-agbs","status":"publish","type":"page","link":"https:\/\/www.office-sale.ch\/en\/allgemeine-geschaeftsbedingungen-agbs\/","title":{"rendered":"Allgemeine Gesch\u00e4ftsbedingungen (AGBs)"},"content":{"rendered":"<p><strong>Allgemeine Gesch\u00e4ftsbedingungen<\/strong><\/p>\n\n\n\n<p>Allgemeine Gesch\u00e4ftsbedingungen (AGB) f\u00fcr www.office-sale.ch&nbsp;<\/p>\n\n\n\n<p><strong>1. Begriff<\/strong><\/p>\n\n\n\n<p>Der Online Shop office-sale.ch ist ein Angebot von Marc Frischknecht (nachfolgend Office Sale genannt) in CH-9500 Wil SG<\/p>\n\n\n\n<p><strong><br><\/strong><strong>2. Geltung der Bedingungen<\/strong><\/p>\n\n\n\n<p>Die Lieferungen, Leistungen und Angebote von Office Sale erfolgen ausschliesslich aufgrund dieser Gesch\u00e4ftsbedingungen, auch wenn sie nicht nochmals ausdr\u00fccklich vereinbart werden. Mit Bestellung der Ware oder Leistung gelten diese Bedingungen als angenommen. Allgemeinen Einkaufsbedingungen des K\u00e4ufers wird hiermit widersprochen. Abweichungen von diesen Gesch\u00e4ftsbedingungen sind nur wirksam, wenn wir sie schriftlich best\u00e4tigen.<\/p>\n\n\n\n<p>Office Sale kann diese Gesch\u00e4ftsbedingungen jederzeit und ohne Vorank\u00fcndigung \u00e4ndern.<br><br><strong>3. Angebot und Vertragsschluss<\/strong><br>Die Angebote von Office Sale in Preislisten und Inseraten sind freibleibend und unverbindlich. Jede Online Bestellung ist verbindlich. Auftragsbest\u00e4tigungen werden nur auf ausdr\u00fccklichen Wunsch erstellt.<br>Die Angaben in unseren Verkaufsunterlagen (Zeichnungen, Abbildungen, Masse, Gewichte und sonstige Leistungen) sind nur als Richtwerte zu verstehen und stellen keine Zusicherung von Eigenschaften dar, es sei denn, sie werden schriftlich ausdr\u00fccklich als verbindlich bezeichnet.<br>\u00dcberschreitet ein K\u00e4ufer durch eine Bestellung sein Kreditlimit, so sind wir von unserer Lieferverpflichtung entbunden.<br><br><strong>4. Preise<\/strong><br>Massgebend sind die in unserer Auftragsbest\u00e4tigung genannten Preise. Diese werden f\u00fcr Lagerware zum Zeitpunkt der Bestellung fixiert. Bei Lieferengp\u00e4ssen sowie Besorgungen gilt der Tagespreis am Bestelltag.<br>Die Preise verstehen sich, falls nicht anders vereinbart, zuz\u00fcglich Transportkosten, inkl. allf\u00e4lliger Steuern.<br><br><strong>5. Liefer- und Leistungszeit<\/strong><br>Alle angebotenen Artikel von Office Sale sind bei uns an Lager verf\u00fcgbar und sofort lieferbar. Die Lieferfrist betr\u00e4gt 2-5 Werktage. Termine und Lieferfristen sind unverbindlich, sofern nicht ausdr\u00fccklich schriftlich etwas anderes vereinbart wurde.<br><br><strong>6. Annahmeverzug<\/strong><br>Wenn der K\u00e4ufer nach Ablauf einer ihm gesetzten Nachfrist die Annahme der Liefergegenst\u00e4nde verweigert oder erkl\u00e4rt, die Ware nicht abnehmen zu wollen, kann Office Sale die Erf\u00fcllung des Vertrages verweigern und Schadensersatz wegen Nichterf\u00fcllung verlangen. Office Sale ist berechtigt, als Schadensersatz wahlweise entweder pauschal 25 % des vereinbarten Kaufpreises oder den Ersatz des effektiv entstandenen Schadens vom K\u00e4ufer zu fordern.<br><br><strong>7. Lieferung<\/strong><br>Sichtbare Mengendifferenzen m\u00fcssen sofort bei Warenerhalt, verdeckte Mengendifferenzen innerhalb von 3 Tagen nach Warenerhalt an Office Sale und dem Frachtf\u00fchrer schriftlich angezeigt werden. Beanstandungen betreffend Besch\u00e4digung, Versp\u00e4tung, Verlust oder schlechter Verpackung sind sofort nach Eingang der Warensendung anzumelden.<br><br><strong>8. Gefahren\u00fcbergang<\/strong><br>Die Gefahr geht auf den K\u00e4ufer \u00fcber, sobald die Sendung an die den Transport ausf\u00fchrende Person \u00fcbergeben worden ist. Falls der Versand sich ohne unser Verschulden verz\u00f6gert oder unm\u00f6glich wird, geht die Gefahr mit der Meldung der Versandbereitschaft auf den K\u00e4ufer \u00fcber. Eine im Einzelfall vereinbarte \u00dcbernahme der Transportkosten durch Office Sale hat keinen Einfluss auf den Gefahren\u00fcbergang.<br><br><strong>9. Gew\u00e4hrleistung<\/strong><br>Die Gew\u00e4hrleistung nach Massgabe der folgenden Bestimmungen betr\u00e4gt 2 Jahre, wenn nicht ausdr\u00fccklich schriftlich etwas anderes vereinbart wird.<br>Die Gew\u00e4hrleistungsfrist beginnt mit dem Lieferdatum. Werden unsere Wartungsanweisungen nicht befolgt oder \u00c4nderungen vorgenommen,\u00a0 so entf\u00e4llt jede Gew\u00e4hrleistung, soweit der Mangel hierauf zur\u00fcckzuf\u00fchren ist. Dies gilt auch, soweit der Mangel auf unsachgem\u00e4sse Benutzung, Lagerung und Handhabung der Produkte zur\u00fcckzuf\u00fchren ist. Unwesentliche Abweichungen von zugesicherten Eigenschaften der Ware l\u00f6sen keine Gew\u00e4hrleistungsrechte aus.<\/p>\n\n\n\n<p>Eine Haftung f\u00fcr normale Abnutzung und Verschleiss ist ausgeschlossen.<br>Gew\u00e4hrleistungsanspr\u00fcche gegen Office Sale stehen nur dem unmittelbaren K\u00e4ufer zu und sind nicht abtretbar.<\/p>\n\n\n\n<p><strong>10. Retouren&nbsp;&amp; Warenumtausch<\/strong><br>F\u00fcr Retouren verlangen wir, dass der defekte Artikel mit schriftlicher Beanstandung sowie einer Kopie der Rechnung oder Bestellung an Office Sale eingesendet wird. Die Versandkosten sind vom K\u00e4ufer zu tragen. Durch den Austausch von Produkten treten keine neuen Gew\u00e4hrleistungsfristen in Kraft. Die Gew\u00e4hrleistung beschr\u00e4nkt sich ausschliesslich auf die Reparatur oder den Austausch der besch\u00e4digten Artikel.<br><br>Ein R\u00fcckgabe- oder Umtauschrecht sieht das Schweizer Gesetz weder f\u00fcr den Einkauf im Gesch\u00e4ft noch f\u00fcr den Onlinehandel vor.&nbsp;Auf freiwilliger Basis bieten wir unseren Kunden&nbsp;jedoch eine Gutschrift in Form eines Gutscheines zum Kauf f\u00fcr ein anderes Produkt aus unserem Sortiment an.<\/p>\n\n\n\n<p>Sobald retournierte Artikel bei uns im Lager eingetroffen sind, senden wir dem Kunden einen Gutschein f\u00fcr unseren Onlineshop an die Mail-Adresse mit welcher&nbsp;die Bestellung get\u00e4tigt wurde.&nbsp;Artikel k\u00f6nnen nur retourniert werden, sofern diese lediglich anprobiert und nicht bereits getragen oder gewaschen wurden.&nbsp;Der Gutschein hat eine G\u00fcltigkeit&nbsp;von 3 Jahren ab Ausstellungsdatum.<\/p>\n\n\n\n<p><strong>11. Eigentumsvorbehalt<\/strong><br>Die gelieferte Ware bleibt bis zur vollst\u00e4ndigen Bezahlung Eigentum von Office Sale.<br><br><strong>12. Zahlung<\/strong><br>Die Bestellungen sind je nach Vereinbarung per Vorkasse mit Bank\u00fcberweisung, Barzahlung bei Abholung, mit Kredit-\/Debitkarte, Twint oder PayPal zahlbar, soweit nicht anders vereinbart. Die kostenlose Lieferung, welche im Shop ab CHF 100 angeboten wird, gilt nur f\u00fcr Swiss Post Economy Lieferungen. Bei sonstigen Versandarten erfolgt die Lieferung grunds\u00e4tzlich unfrei, d.h. zu Lasten des K\u00e4ufers per Paketpost, Spedition oder eigenem Fahrzeug, ausser es wurde ausdr\u00fccklich etwas anderes vereinbart.&nbsp;Eine Zahlung gilt erst dann als erfolgt, wenn wir \u00fcber den Betrag verf\u00fcgen k\u00f6nnen.<\/p>\n\n\n\n<p>Ger\u00e4t der K\u00e4ufer in Verzug, so sind wir berechtigt, von dem betreffenden Zeitpunkt ab Zinsen in H\u00f6he von 5% zu berechnen. W\u00e4hrend der Dauer des Verzuges ist Office Sale auch jederzeit berechtigt, vom Vertrag zur\u00fcckzutreten, die gelieferte Ware zur\u00fcckzuverlangen und Schadensersatz auf das Dahinfallen des Vertrages zu fordern.<\/p>\n\n\n\n<p>Alle Forderungen werden sofort f\u00e4llig, wenn der Abnehmer in Zahlungsverzug ger\u00e4t, sonstige wesentliche Verpflichtungen aus dem Vertrag schuldhaft nicht einh\u00e4lt oder wenn uns Umst\u00e4nde bekannt werden, die geeignet sind, die Kreditw\u00fcrdigkeit des Abnehmers zu mindern, insbesondere Zahlungseinstellung, Anh\u00e4ngigkeit eines Vergleichs- oder Konkursverfahrens. In diesen F\u00e4llen sind wir berechtigt, noch ausstehende Lieferungen zur\u00fcckzubehalten oder nur gegen Vorauszahlung oder Sicherheiten auszuf\u00fchren.<br><br><strong>13. Haftungsbeschr\u00e4nkung<\/strong><br>Schadensersatzanspr\u00fcche aus Unm\u00f6glichkeit der Leistung, aus Vertragsverletzung, aus Verschulden bei Vertragsschluss und aus unerlaubter Handlung, sind sowohl gegen uns, als auch gegen unsere Erf\u00fcllungs- bzw. Verrichtungsgehilfen ausgeschlossen, soweit nicht vors\u00e4tzliches oder grob fahrl\u00e4ssiges Handeln vorliegt. F\u00fcr Folgesch\u00e4den aus der Verwendung der Produkte wird jede Haftung abgelehnt.<br><br><strong>14. Datenschutz<\/strong><br>Office Sale ist berechtigt, die bez\u00fcglich der Gesch\u00e4ftsverbindungen oder im Zusammenhang mit dieser erhaltenen Daten \u00fcber den K\u00e4ufer, gleich ob diese vom K\u00e4ufer selbst oder von Dritten stammen, im Sinne des Bundesdatenschutzgesetzes zu verarbeiten.<br>&nbsp;<br><strong>15. Gerichtsstand<\/strong><br>9500 Wil SG ist ausschliesslich Gerichtsstand f\u00fcr alle sich aus dem Vertragsverh\u00e4ltnis unmittelbar oder mittelbar ergebenden Streitigkeiten. Das Rechtsverh\u00e4ltnis untersteht dem schweizerischen Recht.<\/p>","protected":false},"excerpt":{"rendered":"<p>Allgemeine Gesch\u00e4ftsbedingungen Allgemeine Gesch\u00e4ftsbedingungen (AGB) f\u00fcr www.office-sale.ch&nbsp; 1. Begriff Der Online Shop office-sale.ch ist ein Angebot von Marc Frischknecht (nachfolgend&#8230;<\/p>","protected":false},"author":1,"featured_media":0,"parent":0,"menu_order":0,"comment_status":"closed","ping_status":"closed","template":"","meta":{"footnotes":""},"class_list":["post-1790","page","type-page","status-publish","hentry"],"yoast_head":"<!-- This site is optimized with the Yoast SEO plugin v27.4 - https:\/\/yoast.com\/product\/yoast-seo-wordpress\/ -->\n<title>Allgemeine Gesch\u00e4ftsbedingungen (AGBs) - Office-Sale.ch<\/title>\n<meta name=\"robots\" content=\"index, follow, max-snippet:-1, max-image-preview:large, max-video-preview:-1\" \/>\n<link rel=\"canonical\" href=\"https:\/\/www.office-sale.ch\/en\/allgemeine-geschaeftsbedingungen-agbs\/\" \/>\n<meta property=\"og:locale\" content=\"en_US\" \/>\n<meta property=\"og:type\" content=\"article\" \/>\n<meta property=\"og:title\" content=\"Allgemeine Gesch\u00e4ftsbedingungen (AGBs) - Office-Sale.ch\" \/>\n<meta property=\"og:description\" content=\"Allgemeine Gesch\u00e4ftsbedingungen Allgemeine Gesch\u00e4ftsbedingungen (AGB) f\u00fcr www.office-sale.ch&nbsp; 1. Begriff Der Online Shop office-sale.ch ist ein Angebot von Marc Frischknecht (nachfolgend...\" \/>\n<meta property=\"og:url\" content=\"https:\/\/www.office-sale.ch\/en\/allgemeine-geschaeftsbedingungen-agbs\/\" \/>\n<meta property=\"og:site_name\" content=\"Office-Sale.ch\" \/>\n<meta property=\"article:modified_time\" content=\"2026-03-05T10:08:41+00:00\" \/>\n<script type=\"application\/ld+json\" class=\"yoast-schema-graph\">{\"@context\":\"https:\\\/\\\/schema.org\",\"@graph\":[{\"@type\":\"WebPage\",\"@id\":\"https:\\\/\\\/www.office-sale.ch\\\/allgemeine-geschaeftsbedingungen-agbs\\\/\",\"url\":\"https:\\\/\\\/www.office-sale.ch\\\/allgemeine-geschaeftsbedingungen-agbs\\\/\",\"name\":\"Allgemeine Gesch\u00e4ftsbedingungen (AGBs) - Office-Sale.ch\",\"isPartOf\":{\"@id\":\"https:\\\/\\\/www.office-sale.ch\\\/#website\"},\"datePublished\":\"2024-07-29T18:39:20+00:00\",\"dateModified\":\"2026-03-05T10:08:41+00:00\",\"breadcrumb\":{\"@id\":\"https:\\\/\\\/www.office-sale.ch\\\/allgemeine-geschaeftsbedingungen-agbs\\\/#breadcrumb\"},\"inLanguage\":\"en-US\",\"potentialAction\":[{\"@type\":\"ReadAction\",\"target\":[\"https:\\\/\\\/www.office-sale.ch\\\/allgemeine-geschaeftsbedingungen-agbs\\\/\"]}]},{\"@type\":\"BreadcrumbList\",\"@id\":\"https:\\\/\\\/www.office-sale.ch\\\/allgemeine-geschaeftsbedingungen-agbs\\\/#breadcrumb\",\"itemListElement\":[{\"@type\":\"ListItem\",\"position\":1,\"name\":\"Startseite\",\"item\":\"https:\\\/\\\/www.office-sale.ch\\\/\"},{\"@type\":\"ListItem\",\"position\":2,\"name\":\"Allgemeine Gesch\u00e4ftsbedingungen (AGBs)\"}]},{\"@type\":\"WebSite\",\"@id\":\"https:\\\/\\\/www.office-sale.ch\\\/#website\",\"url\":\"https:\\\/\\\/www.office-sale.ch\\\/\",\"name\":\"Office Sale\",\"description\":\"\",\"publisher\":{\"@id\":\"https:\\\/\\\/www.office-sale.ch\\\/#organization\"},\"potentialAction\":[{\"@type\":\"SearchAction\",\"target\":{\"@type\":\"EntryPoint\",\"urlTemplate\":\"https:\\\/\\\/www.office-sale.ch\\\/?s={search_term_string}\"},\"query-input\":{\"@type\":\"PropertyValueSpecification\",\"valueRequired\":true,\"valueName\":\"search_term_string\"}}],\"inLanguage\":\"en-US\"},{\"@type\":\"Organization\",\"@id\":\"https:\\\/\\\/www.office-sale.ch\\\/#organization\",\"name\":\"Office Sale\",\"url\":\"https:\\\/\\\/www.office-sale.ch\\\/\",\"logo\":{\"@type\":\"ImageObject\",\"inLanguage\":\"en-US\",\"@id\":\"https:\\\/\\\/www.office-sale.ch\\\/#\\\/schema\\\/logo\\\/image\\\/\",\"url\":\"https:\\\/\\\/www.office-sale.ch\\\/wp-content\\\/uploads\\\/2024\\\/08\\\/logo-office-sale.webp\",\"contentUrl\":\"https:\\\/\\\/www.office-sale.ch\\\/wp-content\\\/uploads\\\/2024\\\/08\\\/logo-office-sale.webp\",\"width\":1431,\"height\":369,\"caption\":\"Office Sale\"},\"image\":{\"@id\":\"https:\\\/\\\/www.office-sale.ch\\\/#\\\/schema\\\/logo\\\/image\\\/\"}}]}<\/script>\n<!-- \/ Yoast SEO plugin. -->","yoast_head_json":{"title":"Allgemeine Gesch\u00e4ftsbedingungen (AGBs) - Office-Sale.ch","robots":{"index":"index","follow":"follow","max-snippet":"max-snippet:-1","max-image-preview":"max-image-preview:large","max-video-preview":"max-video-preview:-1"},"canonical":"https:\/\/www.office-sale.ch\/en\/allgemeine-geschaeftsbedingungen-agbs\/","og_locale":"en_US","og_type":"article","og_title":"Allgemeine Gesch\u00e4ftsbedingungen (AGBs) - Office-Sale.ch","og_description":"Allgemeine Gesch\u00e4ftsbedingungen Allgemeine Gesch\u00e4ftsbedingungen (AGB) f\u00fcr www.office-sale.ch&nbsp; 1. Begriff Der Online Shop office-sale.ch ist ein Angebot von Marc Frischknecht (nachfolgend...","og_url":"https:\/\/www.office-sale.ch\/en\/allgemeine-geschaeftsbedingungen-agbs\/","og_site_name":"Office-Sale.ch","article_modified_time":"2026-03-05T10:08:41+00:00","schema":{"@context":"https:\/\/schema.org","@graph":[{"@type":"WebPage","@id":"https:\/\/www.office-sale.ch\/allgemeine-geschaeftsbedingungen-agbs\/","url":"https:\/\/www.office-sale.ch\/allgemeine-geschaeftsbedingungen-agbs\/","name":"Allgemeine Gesch\u00e4ftsbedingungen (AGBs) - Office-Sale.ch","isPartOf":{"@id":"https:\/\/www.office-sale.ch\/#website"},"datePublished":"2024-07-29T18:39:20+00:00","dateModified":"2026-03-05T10:08:41+00:00","breadcrumb":{"@id":"https:\/\/www.office-sale.ch\/allgemeine-geschaeftsbedingungen-agbs\/#breadcrumb"},"inLanguage":"en-US","potentialAction":[{"@type":"ReadAction","target":["https:\/\/www.office-sale.ch\/allgemeine-geschaeftsbedingungen-agbs\/"]}]},{"@type":"BreadcrumbList","@id":"https:\/\/www.office-sale.ch\/allgemeine-geschaeftsbedingungen-agbs\/#breadcrumb","itemListElement":[{"@type":"ListItem","position":1,"name":"Startseite","item":"https:\/\/www.office-sale.ch\/"},{"@type":"ListItem","position":2,"name":"Allgemeine Gesch\u00e4ftsbedingungen (AGBs)"}]},{"@type":"WebSite","@id":"https:\/\/www.office-sale.ch\/#website","url":"https:\/\/www.office-sale.ch\/","name":"Office Sale","description":"","publisher":{"@id":"https:\/\/www.office-sale.ch\/#organization"},"potentialAction":[{"@type":"SearchAction","target":{"@type":"EntryPoint","urlTemplate":"https:\/\/www.office-sale.ch\/?s={search_term_string}"},"query-input":{"@type":"PropertyValueSpecification","valueRequired":true,"valueName":"search_term_string"}}],"inLanguage":"en-US"},{"@type":"Organization","@id":"https:\/\/www.office-sale.ch\/#organization","name":"Office Sale","url":"https:\/\/www.office-sale.ch\/","logo":{"@type":"ImageObject","inLanguage":"en-US","@id":"https:\/\/www.office-sale.ch\/#\/schema\/logo\/image\/","url":"https:\/\/www.office-sale.ch\/wp-content\/uploads\/2024\/08\/logo-office-sale.webp","contentUrl":"https:\/\/www.office-sale.ch\/wp-content\/uploads\/2024\/08\/logo-office-sale.webp","width":1431,"height":369,"caption":"Office Sale"},"image":{"@id":"https:\/\/www.office-sale.ch\/#\/schema\/logo\/image\/"}}]}},"_links":{"self":[{"href":"https:\/\/www.office-sale.ch\/en\/wp-json\/wp\/v2\/pages\/1790","targetHints":{"allow":["GET"]}}],"collection":[{"href":"https:\/\/www.office-sale.ch\/en\/wp-json\/wp\/v2\/pages"}],"about":[{"href":"https:\/\/www.office-sale.ch\/en\/wp-json\/wp\/v2\/types\/page"}],"author":[{"embeddable":true,"href":"https:\/\/www.office-sale.ch\/en\/wp-json\/wp\/v2\/users\/1"}],"replies":[{"embeddable":true,"href":"https:\/\/www.office-sale.ch\/en\/wp-json\/wp\/v2\/comments?post=1790"}],"version-history":[{"count":1,"href":"https:\/\/www.office-sale.ch\/en\/wp-json\/wp\/v2\/pages\/1790\/revisions"}],"predecessor-version":[{"id":2818,"href":"https:\/\/www.office-sale.ch\/en\/wp-json\/wp\/v2\/pages\/1790\/revisions\/2818"}],"wp:attachment":[{"href":"https:\/\/www.office-sale.ch\/en\/wp-json\/wp\/v2\/media?parent=1790"}],"curies":[{"name":"wp","href":"https:\/\/api.w.org\/{rel}","templated":true}]}}