{"id":1985,"date":"2024-09-01T17:30:38","date_gmt":"2024-09-01T15:30:38","guid":{"rendered":"https:\/\/www.office-sale.ch\/?post_type=product&#038;p=1985"},"modified":"2025-10-31T08:28:54","modified_gmt":"2025-10-31T06:28:54","slug":"klapptisch-auf-rollen","status":"publish","type":"product","link":"https:\/\/www.office-sale.ch\/en\/shop\/klapptisch-auf-rollen\/","title":{"rendered":"B\u00fcro Klapptisch Dekor Eiche auf Rollen"},"content":{"rendered":"<p><strong>B\u00fcro Klapptisch Dekor Eiche auf Rollen<\/strong><\/p>\n<p><em>B\u00fcro Klapptisch auf Rollen &#8211; Praktischer, mobiler Tisch, der sich ideal f\u00fcr flexible Arbeitsumgebungen eignet. Der Tisch kann bei Bedarf leicht zusammengeklappt und platzsparend verstaut werden. Dank der angebrachten Rollen l\u00e4sst er sich m\u00fchelos verschieben und schnell neu positionieren, was ihn besonders f\u00fcr Meetings, Schulungen oder tempor\u00e4re Arbeitspl\u00e4tze n\u00fctzlich macht. Das robuste Design bietet Stabilit\u00e4t, w\u00e4hrend die Klappfunktion eine einfache Handhabung erm\u00f6glicht. Dieser Tisch ist eine vielseitige L\u00f6sung f\u00fcr B\u00fcros, die Flexibilit\u00e4t und Platzoptimierung sch\u00e4tzen.<\/em><\/p>\n<p>&nbsp;<\/p>\n<ul>\n<li><em>Neu mit Garantie<\/em><\/li>\n<li><em>Beweglicher und zusammenklappbarer Tisch mit variablen Einsatzm\u00f6glichkeiten<\/em><\/li>\n<li><em>Masse Klapptisch: 1600 x 800 x 25 mm<\/em><\/li>\n<li><em>Hochwertiges Gestell aus Metall<\/em><\/li>\n<li><em>Rollen schwarz mit Feststellfunktion<\/em><\/li>\n<\/ul>","protected":false},"excerpt":{"rendered":"<p><em>Klapptisch Dekor Eiche auf Rollen<\/em><\/p>\n<p><em>Beweglicher und zusammenklappbarer Tisch mit variablen Einsatzm\u00f6glichkeiten<\/em><\/p>\n<p><em>Masse Klapptisch: 1600 x 800 x 25 mm<\/em><\/p>\n<p><em>Hochwertiges Gestell aus Metall<\/em><\/p>\n<p><em>Rollen schwarz mit Feststellfunktion<\/em><\/p>","protected":false},"featured_media":2004,"template":"","meta":[],"product_brand":[],"product_cat":[57,70],"product_tag":[91],"class_list":{"0":"post-1985","1":"product","2":"type-product","3":"status-publish","4":"has-post-thumbnail","6":"product_cat-tische","7":"product_cat-klapptische","8":"product_tag-buerotisch-klapptisch-rollen","9":"product_shipping_class-spedition","11":"first","12":"instock","13":"sale","14":"shipping-taxable","15":"purchasable","16":"product-type-simple"},"yoast_head":"<!-- This site is optimized with the Yoast SEO plugin v27.4 - https:\/\/yoast.com\/product\/yoast-seo-wordpress\/ -->\n<title>B\u00fcro Klapptisch Dekor Eiche auf Rollen - Office-Sale.ch<\/title>\n<meta name=\"description\" content=\"B\u00fcro Klapptisch auf Rollen - Praktischer, mobiler Tisch, der sich ideal f\u00fcr flexible Arbeitsumgebungen eignet. Der Tisch kann bei Bedarf leicht zusammengeklappt und platzsparend verstaut werden. Dank der angebrachten Rollen l\u00e4sst er sich m\u00fchelos verschieben und schnell neu positionieren, was ihn besonders f\u00fcr Meetings, Schulungen oder tempor\u00e4re Arbeitspl\u00e4tze n\u00fctzlich macht. Das robuste Design bietet Stabilit\u00e4t, w\u00e4hrend die Klappfunktion eine einfache Handhabung erm\u00f6glicht. Dieser Tisch ist eine vielseitige L\u00f6sung f\u00fcr B\u00fcros, die Flexibilit\u00e4t und Platzoptimierung sch\u00e4tzen. Beweglicher und zusammenklappbarer Tisch mit variablen Einsatzm\u00f6glichkeiten. Masse Klapptisch: 1600 x 800 x 25 mm Hochwertiges Gestell aus Metall Rollen schwarz mit Feststellfunktion\" \/>\n<meta name=\"robots\" content=\"index, follow, max-snippet:-1, max-image-preview:large, max-video-preview:-1\" \/>\n<link rel=\"canonical\" href=\"https:\/\/www.office-sale.ch\/en\/shop\/klapptisch-auf-rollen\/\" \/>\n<meta property=\"og:locale\" content=\"en_US\" \/>\n<meta property=\"og:type\" content=\"article\" \/>\n<meta property=\"og:title\" content=\"B\u00fcro Klapptisch Dekor Eiche auf Rollen - Office-Sale.ch\" \/>\n<meta property=\"og:description\" content=\"B\u00fcro Klapptisch auf Rollen - Praktischer, mobiler Tisch, der sich ideal f\u00fcr flexible Arbeitsumgebungen eignet. Der Tisch kann bei Bedarf leicht zusammengeklappt und platzsparend verstaut werden. Dank der angebrachten Rollen l\u00e4sst er sich m\u00fchelos verschieben und schnell neu positionieren, was ihn besonders f\u00fcr Meetings, Schulungen oder tempor\u00e4re Arbeitspl\u00e4tze n\u00fctzlich macht. Das robuste Design bietet Stabilit\u00e4t, w\u00e4hrend die Klappfunktion eine einfache Handhabung erm\u00f6glicht. Dieser Tisch ist eine vielseitige L\u00f6sung f\u00fcr B\u00fcros, die Flexibilit\u00e4t und Platzoptimierung sch\u00e4tzen. Beweglicher und zusammenklappbarer Tisch mit variablen Einsatzm\u00f6glichkeiten. Masse Klapptisch: 1600 x 800 x 25 mm Hochwertiges Gestell aus Metall Rollen schwarz mit Feststellfunktion\" \/>\n<meta property=\"og:url\" content=\"https:\/\/www.office-sale.ch\/en\/shop\/klapptisch-auf-rollen\/\" \/>\n<meta property=\"og:site_name\" content=\"Office-Sale.ch\" \/>\n<meta property=\"article:modified_time\" content=\"2025-10-31T06:28:54+00:00\" \/>\n<meta property=\"og:image\" content=\"https:\/\/www.office-sale.ch\/wp-content\/uploads\/2024\/09\/OS-Buero-Klapptisch01.jpg\" \/>\n\t<meta property=\"og:image:width\" content=\"1536\" \/>\n\t<meta property=\"og:image:height\" content=\"2048\" \/>\n\t<meta property=\"og:image:type\" content=\"image\/jpeg\" \/>\n<script type=\"application\/ld+json\" class=\"yoast-schema-graph\">{\"@context\":\"https:\\\/\\\/schema.org\",\"@graph\":[{\"@type\":\"WebPage\",\"@id\":\"https:\\\/\\\/www.office-sale.ch\\\/shop\\\/klapptisch-auf-rollen\\\/\",\"url\":\"https:\\\/\\\/www.office-sale.ch\\\/shop\\\/klapptisch-auf-rollen\\\/\",\"name\":\"B\u00fcro Klapptisch Dekor Eiche auf Rollen - Office-Sale.ch\",\"isPartOf\":{\"@id\":\"https:\\\/\\\/www.office-sale.ch\\\/#website\"},\"primaryImageOfPage\":{\"@id\":\"https:\\\/\\\/www.office-sale.ch\\\/shop\\\/klapptisch-auf-rollen\\\/#primaryimage\"},\"image\":{\"@id\":\"https:\\\/\\\/www.office-sale.ch\\\/shop\\\/klapptisch-auf-rollen\\\/#primaryimage\"},\"thumbnailUrl\":\"https:\\\/\\\/www.office-sale.ch\\\/wp-content\\\/uploads\\\/2024\\\/09\\\/OS-Buero-Klapptisch01.jpg\",\"datePublished\":\"2024-09-01T15:30:38+00:00\",\"dateModified\":\"2025-10-31T06:28:54+00:00\",\"description\":\"B\u00fcro Klapptisch auf Rollen - Praktischer, mobiler Tisch, der sich ideal f\u00fcr flexible Arbeitsumgebungen eignet. Der Tisch kann bei Bedarf leicht zusammengeklappt und platzsparend verstaut werden. Dank der angebrachten Rollen l\u00e4sst er sich m\u00fchelos verschieben und schnell neu positionieren, was ihn besonders f\u00fcr Meetings, Schulungen oder tempor\u00e4re Arbeitspl\u00e4tze n\u00fctzlich macht. Das robuste Design bietet Stabilit\u00e4t, w\u00e4hrend die Klappfunktion eine einfache Handhabung erm\u00f6glicht. Dieser Tisch ist eine vielseitige L\u00f6sung f\u00fcr B\u00fcros, die Flexibilit\u00e4t und Platzoptimierung sch\u00e4tzen. Beweglicher und zusammenklappbarer Tisch mit variablen Einsatzm\u00f6glichkeiten. Masse Klapptisch: 1600 x 800 x 25 mm Hochwertiges Gestell aus Metall Rollen schwarz mit Feststellfunktion\",\"breadcrumb\":{\"@id\":\"https:\\\/\\\/www.office-sale.ch\\\/shop\\\/klapptisch-auf-rollen\\\/#breadcrumb\"},\"inLanguage\":\"en-US\",\"potentialAction\":[{\"@type\":\"ReadAction\",\"target\":[\"https:\\\/\\\/www.office-sale.ch\\\/shop\\\/klapptisch-auf-rollen\\\/\"]}]},{\"@type\":\"ImageObject\",\"inLanguage\":\"en-US\",\"@id\":\"https:\\\/\\\/www.office-sale.ch\\\/shop\\\/klapptisch-auf-rollen\\\/#primaryimage\",\"url\":\"https:\\\/\\\/www.office-sale.ch\\\/wp-content\\\/uploads\\\/2024\\\/09\\\/OS-Buero-Klapptisch01.jpg\",\"contentUrl\":\"https:\\\/\\\/www.office-sale.ch\\\/wp-content\\\/uploads\\\/2024\\\/09\\\/OS-Buero-Klapptisch01.jpg\",\"width\":1536,\"height\":2048},{\"@type\":\"BreadcrumbList\",\"@id\":\"https:\\\/\\\/www.office-sale.ch\\\/shop\\\/klapptisch-auf-rollen\\\/#breadcrumb\",\"itemListElement\":[{\"@type\":\"ListItem\",\"position\":1,\"name\":\"Startseite\",\"item\":\"https:\\\/\\\/www.office-sale.ch\\\/\"},{\"@type\":\"ListItem\",\"position\":2,\"name\":\"Shop\",\"item\":\"https:\\\/\\\/www.office-sale.ch\\\/shop\\\/\"},{\"@type\":\"ListItem\",\"position\":3,\"name\":\"B\u00fcro Klapptisch Dekor Eiche auf Rollen\"}]},{\"@type\":\"WebSite\",\"@id\":\"https:\\\/\\\/www.office-sale.ch\\\/#website\",\"url\":\"https:\\\/\\\/www.office-sale.ch\\\/\",\"name\":\"Office Sale\",\"description\":\"\",\"publisher\":{\"@id\":\"https:\\\/\\\/www.office-sale.ch\\\/#organization\"},\"potentialAction\":[{\"@type\":\"SearchAction\",\"target\":{\"@type\":\"EntryPoint\",\"urlTemplate\":\"https:\\\/\\\/www.office-sale.ch\\\/?s={search_term_string}\"},\"query-input\":{\"@type\":\"PropertyValueSpecification\",\"valueRequired\":true,\"valueName\":\"search_term_string\"}}],\"inLanguage\":\"en-US\"},{\"@type\":\"Organization\",\"@id\":\"https:\\\/\\\/www.office-sale.ch\\\/#organization\",\"name\":\"Office Sale\",\"url\":\"https:\\\/\\\/www.office-sale.ch\\\/\",\"logo\":{\"@type\":\"ImageObject\",\"inLanguage\":\"en-US\",\"@id\":\"https:\\\/\\\/www.office-sale.ch\\\/#\\\/schema\\\/logo\\\/image\\\/\",\"url\":\"https:\\\/\\\/www.office-sale.ch\\\/wp-content\\\/uploads\\\/2024\\\/08\\\/logo-office-sale.webp\",\"contentUrl\":\"https:\\\/\\\/www.office-sale.ch\\\/wp-content\\\/uploads\\\/2024\\\/08\\\/logo-office-sale.webp\",\"width\":1431,\"height\":369,\"caption\":\"Office Sale\"},\"image\":{\"@id\":\"https:\\\/\\\/www.office-sale.ch\\\/#\\\/schema\\\/logo\\\/image\\\/\"}}]}<\/script>\n<!-- \/ Yoast SEO plugin. -->","yoast_head_json":{"title":"B\u00fcro Klapptisch Dekor Eiche auf Rollen - Office-Sale.ch","description":"B\u00fcro Klapptisch auf Rollen - Praktischer, mobiler Tisch, der sich ideal f\u00fcr flexible Arbeitsumgebungen eignet. Der Tisch kann bei Bedarf leicht zusammengeklappt und platzsparend verstaut werden. Dank der angebrachten Rollen l\u00e4sst er sich m\u00fchelos verschieben und schnell neu positionieren, was ihn besonders f\u00fcr Meetings, Schulungen oder tempor\u00e4re Arbeitspl\u00e4tze n\u00fctzlich macht. Das robuste Design bietet Stabilit\u00e4t, w\u00e4hrend die Klappfunktion eine einfache Handhabung erm\u00f6glicht. Dieser Tisch ist eine vielseitige L\u00f6sung f\u00fcr B\u00fcros, die Flexibilit\u00e4t und Platzoptimierung sch\u00e4tzen. Beweglicher und zusammenklappbarer Tisch mit variablen Einsatzm\u00f6glichkeiten. Masse Klapptisch: 1600 x 800 x 25 mm Hochwertiges Gestell aus Metall Rollen schwarz mit Feststellfunktion","robots":{"index":"index","follow":"follow","max-snippet":"max-snippet:-1","max-image-preview":"max-image-preview:large","max-video-preview":"max-video-preview:-1"},"canonical":"https:\/\/www.office-sale.ch\/en\/shop\/klapptisch-auf-rollen\/","og_locale":"en_US","og_type":"article","og_title":"B\u00fcro Klapptisch Dekor Eiche auf Rollen - Office-Sale.ch","og_description":"B\u00fcro Klapptisch auf Rollen - Praktischer, mobiler Tisch, der sich ideal f\u00fcr flexible Arbeitsumgebungen eignet. Der Tisch kann bei Bedarf leicht zusammengeklappt und platzsparend verstaut werden. Dank der angebrachten Rollen l\u00e4sst er sich m\u00fchelos verschieben und schnell neu positionieren, was ihn besonders f\u00fcr Meetings, Schulungen oder tempor\u00e4re Arbeitspl\u00e4tze n\u00fctzlich macht. Das robuste Design bietet Stabilit\u00e4t, w\u00e4hrend die Klappfunktion eine einfache Handhabung erm\u00f6glicht. Dieser Tisch ist eine vielseitige L\u00f6sung f\u00fcr B\u00fcros, die Flexibilit\u00e4t und Platzoptimierung sch\u00e4tzen. Beweglicher und zusammenklappbarer Tisch mit variablen Einsatzm\u00f6glichkeiten. Masse Klapptisch: 1600 x 800 x 25 mm Hochwertiges Gestell aus Metall Rollen schwarz mit Feststellfunktion","og_url":"https:\/\/www.office-sale.ch\/en\/shop\/klapptisch-auf-rollen\/","og_site_name":"Office-Sale.ch","article_modified_time":"2025-10-31T06:28:54+00:00","og_image":[{"width":1536,"height":2048,"url":"https:\/\/www.office-sale.ch\/wp-content\/uploads\/2024\/09\/OS-Buero-Klapptisch01.jpg","type":"image\/jpeg"}],"schema":{"@context":"https:\/\/schema.org","@graph":[{"@type":"WebPage","@id":"https:\/\/www.office-sale.ch\/shop\/klapptisch-auf-rollen\/","url":"https:\/\/www.office-sale.ch\/shop\/klapptisch-auf-rollen\/","name":"B\u00fcro Klapptisch Dekor Eiche auf Rollen - Office-Sale.ch","isPartOf":{"@id":"https:\/\/www.office-sale.ch\/#website"},"primaryImageOfPage":{"@id":"https:\/\/www.office-sale.ch\/shop\/klapptisch-auf-rollen\/#primaryimage"},"image":{"@id":"https:\/\/www.office-sale.ch\/shop\/klapptisch-auf-rollen\/#primaryimage"},"thumbnailUrl":"https:\/\/www.office-sale.ch\/wp-content\/uploads\/2024\/09\/OS-Buero-Klapptisch01.jpg","datePublished":"2024-09-01T15:30:38+00:00","dateModified":"2025-10-31T06:28:54+00:00","description":"B\u00fcro Klapptisch auf Rollen - Praktischer, mobiler Tisch, der sich ideal f\u00fcr flexible Arbeitsumgebungen eignet. Der Tisch kann bei Bedarf leicht zusammengeklappt und platzsparend verstaut werden. Dank der angebrachten Rollen l\u00e4sst er sich m\u00fchelos verschieben und schnell neu positionieren, was ihn besonders f\u00fcr Meetings, Schulungen oder tempor\u00e4re Arbeitspl\u00e4tze n\u00fctzlich macht. Das robuste Design bietet Stabilit\u00e4t, w\u00e4hrend die Klappfunktion eine einfache Handhabung erm\u00f6glicht. Dieser Tisch ist eine vielseitige L\u00f6sung f\u00fcr B\u00fcros, die Flexibilit\u00e4t und Platzoptimierung sch\u00e4tzen. Beweglicher und zusammenklappbarer Tisch mit variablen Einsatzm\u00f6glichkeiten. Masse Klapptisch: 1600 x 800 x 25 mm Hochwertiges Gestell aus Metall Rollen schwarz mit Feststellfunktion","breadcrumb":{"@id":"https:\/\/www.office-sale.ch\/shop\/klapptisch-auf-rollen\/#breadcrumb"},"inLanguage":"en-US","potentialAction":[{"@type":"ReadAction","target":["https:\/\/www.office-sale.ch\/shop\/klapptisch-auf-rollen\/"]}]},{"@type":"ImageObject","inLanguage":"en-US","@id":"https:\/\/www.office-sale.ch\/shop\/klapptisch-auf-rollen\/#primaryimage","url":"https:\/\/www.office-sale.ch\/wp-content\/uploads\/2024\/09\/OS-Buero-Klapptisch01.jpg","contentUrl":"https:\/\/www.office-sale.ch\/wp-content\/uploads\/2024\/09\/OS-Buero-Klapptisch01.jpg","width":1536,"height":2048},{"@type":"BreadcrumbList","@id":"https:\/\/www.office-sale.ch\/shop\/klapptisch-auf-rollen\/#breadcrumb","itemListElement":[{"@type":"ListItem","position":1,"name":"Startseite","item":"https:\/\/www.office-sale.ch\/"},{"@type":"ListItem","position":2,"name":"Shop","item":"https:\/\/www.office-sale.ch\/shop\/"},{"@type":"ListItem","position":3,"name":"B\u00fcro Klapptisch Dekor Eiche auf Rollen"}]},{"@type":"WebSite","@id":"https:\/\/www.office-sale.ch\/#website","url":"https:\/\/www.office-sale.ch\/","name":"Office Sale","description":"","publisher":{"@id":"https:\/\/www.office-sale.ch\/#organization"},"potentialAction":[{"@type":"SearchAction","target":{"@type":"EntryPoint","urlTemplate":"https:\/\/www.office-sale.ch\/?s={search_term_string}"},"query-input":{"@type":"PropertyValueSpecification","valueRequired":true,"valueName":"search_term_string"}}],"inLanguage":"en-US"},{"@type":"Organization","@id":"https:\/\/www.office-sale.ch\/#organization","name":"Office Sale","url":"https:\/\/www.office-sale.ch\/","logo":{"@type":"ImageObject","inLanguage":"en-US","@id":"https:\/\/www.office-sale.ch\/#\/schema\/logo\/image\/","url":"https:\/\/www.office-sale.ch\/wp-content\/uploads\/2024\/08\/logo-office-sale.webp","contentUrl":"https:\/\/www.office-sale.ch\/wp-content\/uploads\/2024\/08\/logo-office-sale.webp","width":1431,"height":369,"caption":"Office Sale"},"image":{"@id":"https:\/\/www.office-sale.ch\/#\/schema\/logo\/image\/"}}]}},"_links":{"self":[{"href":"https:\/\/www.office-sale.ch\/en\/wp-json\/wp\/v2\/product\/1985","targetHints":{"allow":["GET"]}}],"collection":[{"href":"https:\/\/www.office-sale.ch\/en\/wp-json\/wp\/v2\/product"}],"about":[{"href":"https:\/\/www.office-sale.ch\/en\/wp-json\/wp\/v2\/types\/product"}],"wp:featuredmedia":[{"embeddable":true,"href":"https:\/\/www.office-sale.ch\/en\/wp-json\/wp\/v2\/media\/2004"}],"wp:attachment":[{"href":"https:\/\/www.office-sale.ch\/en\/wp-json\/wp\/v2\/media?parent=1985"}],"wp:term":[{"taxonomy":"product_brand","embeddable":true,"href":"https:\/\/www.office-sale.ch\/en\/wp-json\/wp\/v2\/product_brand?post=1985"},{"taxonomy":"product_cat","embeddable":true,"href":"https:\/\/www.office-sale.ch\/en\/wp-json\/wp\/v2\/product_cat?post=1985"},{"taxonomy":"product_tag","embeddable":true,"href":"https:\/\/www.office-sale.ch\/en\/wp-json\/wp\/v2\/product_tag?post=1985"}],"curies":[{"name":"wp","href":"https:\/\/api.w.org\/{rel}","templated":true}]}}