{"id":1994,"date":"2024-09-01T19:23:05","date_gmt":"2024-09-01T17:23:05","guid":{"rendered":"https:\/\/www.office-sale.ch\/?post_type=product&#038;p=1994"},"modified":"2026-01-08T10:28:42","modified_gmt":"2026-01-08T08:28:42","slug":"herman-miller-mirra-2-cappuccino","status":"publish","type":"product","link":"https:\/\/www.office-sale.ch\/en\/shop\/herman-miller-mirra-2-cappuccino\/","title":{"rendered":"Herman Miller Mirra 2 Cappuccino"},"content":{"rendered":"<p><strong>Herman Miller Mirra 2 Cappuccino<\/strong><\/p>\n<p><em>Der Mirra 2 ist ein ergonomischer B\u00fcrostuhl von Herman Miller, der durch sein flexibles Design und hohe Anpassungsf\u00e4higkeit besticht. Er bietet dynamischen Sitzkomfort dank einer atmungsaktiven R\u00fcckenlehne, die sich den Bewegungen des Nutzers anpasst. Mit verstellbaren Elementen wie Sitzh\u00f6he, Armlehnen und Neigungswinkel sorgt er f\u00fcr individuelle Unterst\u00fctzung und eine gesunde Sitzhaltung. Der Stuhl ist zudem umweltfreundlich konzipiert und besteht zu einem gro\u00dfen Teil aus recycelten Materialien. Ideal f\u00fcr den Einsatz im B\u00fcro, wo lange Sitzzeiten erforderlich sind.<\/em><\/p>\n<p>&nbsp;<\/p>\n<ul>\n<li><em>Neu mit Garantie<\/em><\/li>\n<li><em>Back support: AJ adj. lumbar<\/em><\/li>\n<li><em>Fuss \/ Gestell: H-alloy \/ studio white<\/em><\/li>\n<li><em>Rollen: Hartboden gebremst<\/em><\/li>\n<li><em>Rahmenfarbe: Cappuccino<\/em><\/li>\n<li><em>Bezug: French press<\/em><\/li>\n<li><em>Armpad: Fog ( grau )<\/em><\/li>\n<li><em>Air Weave Sitz: Cappuccino<\/em><\/li>\n<\/ul>","protected":false},"excerpt":{"rendered":"<p><em>Der Mirra 2 ist ein ergonomischer B\u00fcrostuhl von Herman Miller, der durch sein flexibles Design und hohe Anpassungsf\u00e4higkeit besticht. Er bietet dynamischen Sitzkomfort dank einer atmungsaktiven R\u00fcckenlehne, die sich den Bewegungen des Nutzers anpasst. Mit verstellbaren Elementen wie Sitzh\u00f6he, Armlehnen und Neigungswinkel sorgt er f\u00fcr individuelle Unterst\u00fctzung und eine gesunde Sitzhaltung. Der Stuhl ist zudem umweltfreundlich konzipiert und besteht zu einem gro\u00dfen Teil aus recycelten Materialien. Ideal f\u00fcr den Einsatz im B\u00fcro, wo lange Sitzzeiten erforderlich sind.<\/em><\/p>","protected":false},"featured_media":2027,"template":"","meta":[],"product_brand":[],"product_cat":[56,65],"product_tag":[98],"class_list":{"0":"post-1994","1":"product","2":"type-product","3":"status-publish","4":"has-post-thumbnail","6":"product_cat-stuehle","7":"product_cat-buerodrehstuehle","8":"product_tag-herman-miller-mirra-2-cappuccino","9":"product_shipping_class-spedition","11":"first","12":"outofstock","13":"sale","14":"shipping-taxable","15":"purchasable","16":"product-type-simple"},"yoast_head":"<!-- This site is optimized with the Yoast SEO plugin v27.4 - https:\/\/yoast.com\/product\/yoast-seo-wordpress\/ -->\n<title>Herman Miller Mirra 2 Cappuccino - Office-Sale.ch<\/title>\n<meta name=\"description\" content=\"Der Mirra 2 ist ein ergonomischer B\u00fcrostuhl von Herman Miller, der durch sein flexibles Design und hohe Anpassungsf\u00e4higkeit besticht. Er bietet dynamischen Sitzkomfort dank einer atmungsaktiven R\u00fcckenlehne, die sich den Bewegungen des Nutzers anpasst. Mit verstellbaren Elementen wie Sitzh\u00f6he, Armlehnen und Neigungswinkel sorgt er f\u00fcr individuelle Unterst\u00fctzung und eine gesunde Sitzhaltung. Der Stuhl ist zudem umweltfreundlich konzipiert und besteht zu einem gro\u00dfen Teil aus recycelten Materialien. Ideal f\u00fcr den Einsatz im B\u00fcro, wo lange Sitzzeiten erforderlich sind.\" \/>\n<meta name=\"robots\" content=\"index, follow, max-snippet:-1, max-image-preview:large, max-video-preview:-1\" \/>\n<link rel=\"canonical\" href=\"https:\/\/www.office-sale.ch\/en\/shop\/herman-miller-mirra-2-cappuccino\/\" \/>\n<meta property=\"og:locale\" content=\"en_US\" \/>\n<meta property=\"og:type\" content=\"article\" \/>\n<meta property=\"og:title\" content=\"Herman Miller Mirra 2 Cappuccino - Office-Sale.ch\" \/>\n<meta property=\"og:description\" content=\"Der Mirra 2 ist ein ergonomischer B\u00fcrostuhl von Herman Miller, der durch sein flexibles Design und hohe Anpassungsf\u00e4higkeit besticht. Er bietet dynamischen Sitzkomfort dank einer atmungsaktiven R\u00fcckenlehne, die sich den Bewegungen des Nutzers anpasst. Mit verstellbaren Elementen wie Sitzh\u00f6he, Armlehnen und Neigungswinkel sorgt er f\u00fcr individuelle Unterst\u00fctzung und eine gesunde Sitzhaltung. Der Stuhl ist zudem umweltfreundlich konzipiert und besteht zu einem gro\u00dfen Teil aus recycelten Materialien. Ideal f\u00fcr den Einsatz im B\u00fcro, wo lange Sitzzeiten erforderlich sind.\" \/>\n<meta property=\"og:url\" content=\"https:\/\/www.office-sale.ch\/en\/shop\/herman-miller-mirra-2-cappuccino\/\" \/>\n<meta property=\"og:site_name\" content=\"Office-Sale.ch\" \/>\n<meta property=\"article:modified_time\" content=\"2026-01-08T08:28:42+00:00\" \/>\n<meta property=\"og:image\" content=\"https:\/\/www.office-sale.ch\/wp-content\/uploads\/2024\/09\/mirra2008.jpg\" \/>\n\t<meta property=\"og:image:width\" content=\"1536\" \/>\n\t<meta property=\"og:image:height\" content=\"2048\" \/>\n\t<meta property=\"og:image:type\" content=\"image\/jpeg\" \/>\n<script type=\"application\/ld+json\" class=\"yoast-schema-graph\">{\"@context\":\"https:\\\/\\\/schema.org\",\"@graph\":[{\"@type\":\"WebPage\",\"@id\":\"https:\\\/\\\/www.office-sale.ch\\\/shop\\\/herman-miller-mirra-2-cappuccino\\\/\",\"url\":\"https:\\\/\\\/www.office-sale.ch\\\/shop\\\/herman-miller-mirra-2-cappuccino\\\/\",\"name\":\"Herman Miller Mirra 2 Cappuccino - Office-Sale.ch\",\"isPartOf\":{\"@id\":\"https:\\\/\\\/www.office-sale.ch\\\/#website\"},\"primaryImageOfPage\":{\"@id\":\"https:\\\/\\\/www.office-sale.ch\\\/shop\\\/herman-miller-mirra-2-cappuccino\\\/#primaryimage\"},\"image\":{\"@id\":\"https:\\\/\\\/www.office-sale.ch\\\/shop\\\/herman-miller-mirra-2-cappuccino\\\/#primaryimage\"},\"thumbnailUrl\":\"https:\\\/\\\/www.office-sale.ch\\\/wp-content\\\/uploads\\\/2024\\\/09\\\/mirra2008.jpg\",\"datePublished\":\"2024-09-01T17:23:05+00:00\",\"dateModified\":\"2026-01-08T08:28:42+00:00\",\"description\":\"Der Mirra 2 ist ein ergonomischer B\u00fcrostuhl von Herman Miller, der durch sein flexibles Design und hohe Anpassungsf\u00e4higkeit besticht. Er bietet dynamischen Sitzkomfort dank einer atmungsaktiven R\u00fcckenlehne, die sich den Bewegungen des Nutzers anpasst. Mit verstellbaren Elementen wie Sitzh\u00f6he, Armlehnen und Neigungswinkel sorgt er f\u00fcr individuelle Unterst\u00fctzung und eine gesunde Sitzhaltung. Der Stuhl ist zudem umweltfreundlich konzipiert und besteht zu einem gro\u00dfen Teil aus recycelten Materialien. Ideal f\u00fcr den Einsatz im B\u00fcro, wo lange Sitzzeiten erforderlich sind.\",\"breadcrumb\":{\"@id\":\"https:\\\/\\\/www.office-sale.ch\\\/shop\\\/herman-miller-mirra-2-cappuccino\\\/#breadcrumb\"},\"inLanguage\":\"en-US\",\"potentialAction\":[{\"@type\":\"ReadAction\",\"target\":[\"https:\\\/\\\/www.office-sale.ch\\\/shop\\\/herman-miller-mirra-2-cappuccino\\\/\"]}]},{\"@type\":\"ImageObject\",\"inLanguage\":\"en-US\",\"@id\":\"https:\\\/\\\/www.office-sale.ch\\\/shop\\\/herman-miller-mirra-2-cappuccino\\\/#primaryimage\",\"url\":\"https:\\\/\\\/www.office-sale.ch\\\/wp-content\\\/uploads\\\/2024\\\/09\\\/mirra2008.jpg\",\"contentUrl\":\"https:\\\/\\\/www.office-sale.ch\\\/wp-content\\\/uploads\\\/2024\\\/09\\\/mirra2008.jpg\",\"width\":1536,\"height\":2048},{\"@type\":\"BreadcrumbList\",\"@id\":\"https:\\\/\\\/www.office-sale.ch\\\/shop\\\/herman-miller-mirra-2-cappuccino\\\/#breadcrumb\",\"itemListElement\":[{\"@type\":\"ListItem\",\"position\":1,\"name\":\"Startseite\",\"item\":\"https:\\\/\\\/www.office-sale.ch\\\/\"},{\"@type\":\"ListItem\",\"position\":2,\"name\":\"Shop\",\"item\":\"https:\\\/\\\/www.office-sale.ch\\\/shop\\\/\"},{\"@type\":\"ListItem\",\"position\":3,\"name\":\"Herman Miller Mirra 2 Cappuccino\"}]},{\"@type\":\"WebSite\",\"@id\":\"https:\\\/\\\/www.office-sale.ch\\\/#website\",\"url\":\"https:\\\/\\\/www.office-sale.ch\\\/\",\"name\":\"Office Sale\",\"description\":\"\",\"publisher\":{\"@id\":\"https:\\\/\\\/www.office-sale.ch\\\/#organization\"},\"potentialAction\":[{\"@type\":\"SearchAction\",\"target\":{\"@type\":\"EntryPoint\",\"urlTemplate\":\"https:\\\/\\\/www.office-sale.ch\\\/?s={search_term_string}\"},\"query-input\":{\"@type\":\"PropertyValueSpecification\",\"valueRequired\":true,\"valueName\":\"search_term_string\"}}],\"inLanguage\":\"en-US\"},{\"@type\":\"Organization\",\"@id\":\"https:\\\/\\\/www.office-sale.ch\\\/#organization\",\"name\":\"Office Sale\",\"url\":\"https:\\\/\\\/www.office-sale.ch\\\/\",\"logo\":{\"@type\":\"ImageObject\",\"inLanguage\":\"en-US\",\"@id\":\"https:\\\/\\\/www.office-sale.ch\\\/#\\\/schema\\\/logo\\\/image\\\/\",\"url\":\"https:\\\/\\\/www.office-sale.ch\\\/wp-content\\\/uploads\\\/2024\\\/08\\\/logo-office-sale.webp\",\"contentUrl\":\"https:\\\/\\\/www.office-sale.ch\\\/wp-content\\\/uploads\\\/2024\\\/08\\\/logo-office-sale.webp\",\"width\":1431,\"height\":369,\"caption\":\"Office Sale\"},\"image\":{\"@id\":\"https:\\\/\\\/www.office-sale.ch\\\/#\\\/schema\\\/logo\\\/image\\\/\"}}]}<\/script>\n<!-- \/ Yoast SEO plugin. -->","yoast_head_json":{"title":"Herman Miller Mirra 2 Cappuccino - Office-Sale.ch","description":"Der Mirra 2 ist ein ergonomischer B\u00fcrostuhl von Herman Miller, der durch sein flexibles Design und hohe Anpassungsf\u00e4higkeit besticht. Er bietet dynamischen Sitzkomfort dank einer atmungsaktiven R\u00fcckenlehne, die sich den Bewegungen des Nutzers anpasst. Mit verstellbaren Elementen wie Sitzh\u00f6he, Armlehnen und Neigungswinkel sorgt er f\u00fcr individuelle Unterst\u00fctzung und eine gesunde Sitzhaltung. Der Stuhl ist zudem umweltfreundlich konzipiert und besteht zu einem gro\u00dfen Teil aus recycelten Materialien. Ideal f\u00fcr den Einsatz im B\u00fcro, wo lange Sitzzeiten erforderlich sind.","robots":{"index":"index","follow":"follow","max-snippet":"max-snippet:-1","max-image-preview":"max-image-preview:large","max-video-preview":"max-video-preview:-1"},"canonical":"https:\/\/www.office-sale.ch\/en\/shop\/herman-miller-mirra-2-cappuccino\/","og_locale":"en_US","og_type":"article","og_title":"Herman Miller Mirra 2 Cappuccino - Office-Sale.ch","og_description":"Der Mirra 2 ist ein ergonomischer B\u00fcrostuhl von Herman Miller, der durch sein flexibles Design und hohe Anpassungsf\u00e4higkeit besticht. Er bietet dynamischen Sitzkomfort dank einer atmungsaktiven R\u00fcckenlehne, die sich den Bewegungen des Nutzers anpasst. Mit verstellbaren Elementen wie Sitzh\u00f6he, Armlehnen und Neigungswinkel sorgt er f\u00fcr individuelle Unterst\u00fctzung und eine gesunde Sitzhaltung. Der Stuhl ist zudem umweltfreundlich konzipiert und besteht zu einem gro\u00dfen Teil aus recycelten Materialien. Ideal f\u00fcr den Einsatz im B\u00fcro, wo lange Sitzzeiten erforderlich sind.","og_url":"https:\/\/www.office-sale.ch\/en\/shop\/herman-miller-mirra-2-cappuccino\/","og_site_name":"Office-Sale.ch","article_modified_time":"2026-01-08T08:28:42+00:00","og_image":[{"width":1536,"height":2048,"url":"https:\/\/www.office-sale.ch\/wp-content\/uploads\/2024\/09\/mirra2008.jpg","type":"image\/jpeg"}],"schema":{"@context":"https:\/\/schema.org","@graph":[{"@type":"WebPage","@id":"https:\/\/www.office-sale.ch\/shop\/herman-miller-mirra-2-cappuccino\/","url":"https:\/\/www.office-sale.ch\/shop\/herman-miller-mirra-2-cappuccino\/","name":"Herman Miller Mirra 2 Cappuccino - Office-Sale.ch","isPartOf":{"@id":"https:\/\/www.office-sale.ch\/#website"},"primaryImageOfPage":{"@id":"https:\/\/www.office-sale.ch\/shop\/herman-miller-mirra-2-cappuccino\/#primaryimage"},"image":{"@id":"https:\/\/www.office-sale.ch\/shop\/herman-miller-mirra-2-cappuccino\/#primaryimage"},"thumbnailUrl":"https:\/\/www.office-sale.ch\/wp-content\/uploads\/2024\/09\/mirra2008.jpg","datePublished":"2024-09-01T17:23:05+00:00","dateModified":"2026-01-08T08:28:42+00:00","description":"Der Mirra 2 ist ein ergonomischer B\u00fcrostuhl von Herman Miller, der durch sein flexibles Design und hohe Anpassungsf\u00e4higkeit besticht. Er bietet dynamischen Sitzkomfort dank einer atmungsaktiven R\u00fcckenlehne, die sich den Bewegungen des Nutzers anpasst. Mit verstellbaren Elementen wie Sitzh\u00f6he, Armlehnen und Neigungswinkel sorgt er f\u00fcr individuelle Unterst\u00fctzung und eine gesunde Sitzhaltung. Der Stuhl ist zudem umweltfreundlich konzipiert und besteht zu einem gro\u00dfen Teil aus recycelten Materialien. Ideal f\u00fcr den Einsatz im B\u00fcro, wo lange Sitzzeiten erforderlich sind.","breadcrumb":{"@id":"https:\/\/www.office-sale.ch\/shop\/herman-miller-mirra-2-cappuccino\/#breadcrumb"},"inLanguage":"en-US","potentialAction":[{"@type":"ReadAction","target":["https:\/\/www.office-sale.ch\/shop\/herman-miller-mirra-2-cappuccino\/"]}]},{"@type":"ImageObject","inLanguage":"en-US","@id":"https:\/\/www.office-sale.ch\/shop\/herman-miller-mirra-2-cappuccino\/#primaryimage","url":"https:\/\/www.office-sale.ch\/wp-content\/uploads\/2024\/09\/mirra2008.jpg","contentUrl":"https:\/\/www.office-sale.ch\/wp-content\/uploads\/2024\/09\/mirra2008.jpg","width":1536,"height":2048},{"@type":"BreadcrumbList","@id":"https:\/\/www.office-sale.ch\/shop\/herman-miller-mirra-2-cappuccino\/#breadcrumb","itemListElement":[{"@type":"ListItem","position":1,"name":"Startseite","item":"https:\/\/www.office-sale.ch\/"},{"@type":"ListItem","position":2,"name":"Shop","item":"https:\/\/www.office-sale.ch\/shop\/"},{"@type":"ListItem","position":3,"name":"Herman Miller Mirra 2 Cappuccino"}]},{"@type":"WebSite","@id":"https:\/\/www.office-sale.ch\/#website","url":"https:\/\/www.office-sale.ch\/","name":"Office Sale","description":"","publisher":{"@id":"https:\/\/www.office-sale.ch\/#organization"},"potentialAction":[{"@type":"SearchAction","target":{"@type":"EntryPoint","urlTemplate":"https:\/\/www.office-sale.ch\/?s={search_term_string}"},"query-input":{"@type":"PropertyValueSpecification","valueRequired":true,"valueName":"search_term_string"}}],"inLanguage":"en-US"},{"@type":"Organization","@id":"https:\/\/www.office-sale.ch\/#organization","name":"Office Sale","url":"https:\/\/www.office-sale.ch\/","logo":{"@type":"ImageObject","inLanguage":"en-US","@id":"https:\/\/www.office-sale.ch\/#\/schema\/logo\/image\/","url":"https:\/\/www.office-sale.ch\/wp-content\/uploads\/2024\/08\/logo-office-sale.webp","contentUrl":"https:\/\/www.office-sale.ch\/wp-content\/uploads\/2024\/08\/logo-office-sale.webp","width":1431,"height":369,"caption":"Office Sale"},"image":{"@id":"https:\/\/www.office-sale.ch\/#\/schema\/logo\/image\/"}}]}},"_links":{"self":[{"href":"https:\/\/www.office-sale.ch\/en\/wp-json\/wp\/v2\/product\/1994","targetHints":{"allow":["GET"]}}],"collection":[{"href":"https:\/\/www.office-sale.ch\/en\/wp-json\/wp\/v2\/product"}],"about":[{"href":"https:\/\/www.office-sale.ch\/en\/wp-json\/wp\/v2\/types\/product"}],"wp:featuredmedia":[{"embeddable":true,"href":"https:\/\/www.office-sale.ch\/en\/wp-json\/wp\/v2\/media\/2027"}],"wp:attachment":[{"href":"https:\/\/www.office-sale.ch\/en\/wp-json\/wp\/v2\/media?parent=1994"}],"wp:term":[{"taxonomy":"product_brand","embeddable":true,"href":"https:\/\/www.office-sale.ch\/en\/wp-json\/wp\/v2\/product_brand?post=1994"},{"taxonomy":"product_cat","embeddable":true,"href":"https:\/\/www.office-sale.ch\/en\/wp-json\/wp\/v2\/product_cat?post=1994"},{"taxonomy":"product_tag","embeddable":true,"href":"https:\/\/www.office-sale.ch\/en\/wp-json\/wp\/v2\/product_tag?post=1994"}],"curies":[{"name":"wp","href":"https:\/\/api.w.org\/{rel}","templated":true}]}}