{"id":2086,"date":"2024-09-03T19:28:21","date_gmt":"2024-09-03T17:28:21","guid":{"rendered":"https:\/\/www.office-sale.ch\/?post_type=product&#038;p=2086"},"modified":"2024-09-22T19:44:57","modified_gmt":"2024-09-22T17:44:57","slug":"herman-miller-mirra-2-stool-graphite","status":"publish","type":"product","link":"https:\/\/www.office-sale.ch\/en\/shop\/herman-miller-mirra-2-stool-graphite\/","title":{"rendered":"Herman Miller Mirra 2 Stool Graphite"},"content":{"rendered":"<p><strong>Herman Miller Mirra 2 Stool Graphite<\/strong><\/p>\n<p><em>Der Mirra 2 ist ein ergonomischer B\u00fcrostuhl von Herman Miller, der durch sein flexibles Design und hohe Anpassungsf\u00e4higkeit besticht. Er bietet dynamischen Sitzkomfort dank einer atmungsaktiven R\u00fcckenlehne, die sich den Bewegungen des Nutzers anpasst. Mit verstellbaren Elementen wie Sitzh\u00f6he, Armlehnen und Neigungswinkel sorgt er f\u00fcr individuelle Unterst\u00fctzung und eine gesunde Sitzhaltung. Der Stuhl ist zudem umweltfreundlich konzipiert und besteht zu einem gro\u00dfen Teil aus recycelten Materialien. Ideal f\u00fcr den Einsatz im B\u00fcro, wo lange Sitzzeiten erforderlich sind.<\/em><\/p>\n<p>&nbsp;<\/p>\n<ul>\n<li><em>Neu mit Garantie<\/em><\/li>\n<li><em>Lumbar support<\/em><\/li>\n<li><em>Fusskreuz \/ Sitzrahmen: Graphite<\/em><\/li>\n<li><em>Hartbodenrollen<\/em><\/li>\n<li><em>R\u00fccken: Butterfly graphite<\/em><\/li>\n<li><em>R\u00fcckenbezug: graphite<\/em><\/li>\n<li><em>Armpads: schwarz<\/em><\/li>\n<li><em>Sitz: AireWeave graphite<\/em><\/li>\n<li><em>Komfortable Hochversion<\/em><\/li>\n<\/ul>","protected":false},"excerpt":{"rendered":"<p><em>Der Mirra 2 ist ein ergonomischer B\u00fcrostuhl von Herman Miller, der durch sein flexibles Design und hohe Anpassungsf\u00e4higkeit besticht. Er bietet dynamischen Sitzkomfort dank einer atmungsaktiven R\u00fcckenlehne, die sich den Bewegungen des Nutzers anpasst. Mit verstellbaren Elementen wie Sitzh\u00f6he, Armlehnen und Neigungswinkel sorgt er f\u00fcr individuelle Unterst\u00fctzung und eine gesunde Sitzhaltung. Der Stuhl ist zudem umweltfreundlich konzipiert und besteht zu einem gro\u00dfen Teil aus recycelten Materialien. Ideal f\u00fcr den Einsatz im B\u00fcro, wo lange Sitzzeiten erforderlich sind.<\/em><\/p>","protected":false},"featured_media":2081,"template":"","meta":[],"product_brand":[],"product_cat":[56,65],"product_tag":[93,102,103],"class_list":{"0":"post-2086","1":"product","2":"type-product","3":"status-publish","4":"has-post-thumbnail","6":"product_cat-stuehle","7":"product_cat-buerodrehstuehle","8":"product_tag-herman-miller-mirra-2","9":"product_tag-herman-miller-mirra-2-graphite","10":"product_tag-stool","11":"product_shipping_class-spedition","13":"first","14":"instock","15":"sale","16":"shipping-taxable","17":"purchasable","18":"product-type-simple"},"yoast_head":"<!-- This site is optimized with the Yoast SEO plugin v27.4 - https:\/\/yoast.com\/product\/yoast-seo-wordpress\/ -->\n<title>Herman Miller Mirra 2 Stool Graphite - Office-Sale.ch<\/title>\n<meta name=\"description\" content=\"Der Mirra 2 ist ein ergonomischer B\u00fcrostuhl von Herman Miller, der durch sein flexibles Design und hohe Anpassungsf\u00e4higkeit besticht. Er bietet dynamischen Sitzkomfort dank einer atmungsaktiven R\u00fcckenlehne, die sich den Bewegungen des Nutzers anpasst. Mit verstellbaren Elementen wie Sitzh\u00f6he, Armlehnen und Neigungswinkel sorgt er f\u00fcr individuelle Unterst\u00fctzung und eine gesunde Sitzhaltung. Der Stuhl ist zudem umweltfreundlich konzipiert und besteht zu einem gro\u00dfen Teil aus recycelten Materialien. Ideal f\u00fcr den Einsatz im B\u00fcro, wo lange Sitzzeiten erforderlich sind.\" \/>\n<meta name=\"robots\" content=\"index, follow, max-snippet:-1, max-image-preview:large, max-video-preview:-1\" \/>\n<link rel=\"canonical\" href=\"https:\/\/www.office-sale.ch\/en\/shop\/herman-miller-mirra-2-stool-graphite\/\" \/>\n<meta property=\"og:locale\" content=\"en_US\" \/>\n<meta property=\"og:type\" content=\"article\" \/>\n<meta property=\"og:title\" content=\"Herman Miller Mirra 2 Stool Graphite - Office-Sale.ch\" \/>\n<meta property=\"og:description\" content=\"Der Mirra 2 ist ein ergonomischer B\u00fcrostuhl von Herman Miller, der durch sein flexibles Design und hohe Anpassungsf\u00e4higkeit besticht. Er bietet dynamischen Sitzkomfort dank einer atmungsaktiven R\u00fcckenlehne, die sich den Bewegungen des Nutzers anpasst. Mit verstellbaren Elementen wie Sitzh\u00f6he, Armlehnen und Neigungswinkel sorgt er f\u00fcr individuelle Unterst\u00fctzung und eine gesunde Sitzhaltung. Der Stuhl ist zudem umweltfreundlich konzipiert und besteht zu einem gro\u00dfen Teil aus recycelten Materialien. Ideal f\u00fcr den Einsatz im B\u00fcro, wo lange Sitzzeiten erforderlich sind.\" \/>\n<meta property=\"og:url\" content=\"https:\/\/www.office-sale.ch\/en\/shop\/herman-miller-mirra-2-stool-graphite\/\" \/>\n<meta property=\"og:site_name\" content=\"Office-Sale.ch\" \/>\n<meta property=\"article:modified_time\" content=\"2024-09-22T17:44:57+00:00\" \/>\n<meta property=\"og:image\" content=\"https:\/\/www.office-sale.ch\/wp-content\/uploads\/2024\/09\/mirra35.jpg\" \/>\n\t<meta property=\"og:image:width\" content=\"1200\" \/>\n\t<meta property=\"og:image:height\" content=\"1600\" \/>\n\t<meta property=\"og:image:type\" content=\"image\/jpeg\" \/>\n<script type=\"application\/ld+json\" class=\"yoast-schema-graph\">{\"@context\":\"https:\\\/\\\/schema.org\",\"@graph\":[{\"@type\":\"WebPage\",\"@id\":\"https:\\\/\\\/www.office-sale.ch\\\/shop\\\/herman-miller-mirra-2-stool-graphite\\\/\",\"url\":\"https:\\\/\\\/www.office-sale.ch\\\/shop\\\/herman-miller-mirra-2-stool-graphite\\\/\",\"name\":\"Herman Miller Mirra 2 Stool Graphite - Office-Sale.ch\",\"isPartOf\":{\"@id\":\"https:\\\/\\\/www.office-sale.ch\\\/#website\"},\"primaryImageOfPage\":{\"@id\":\"https:\\\/\\\/www.office-sale.ch\\\/shop\\\/herman-miller-mirra-2-stool-graphite\\\/#primaryimage\"},\"image\":{\"@id\":\"https:\\\/\\\/www.office-sale.ch\\\/shop\\\/herman-miller-mirra-2-stool-graphite\\\/#primaryimage\"},\"thumbnailUrl\":\"https:\\\/\\\/www.office-sale.ch\\\/wp-content\\\/uploads\\\/2024\\\/09\\\/mirra35.jpg\",\"datePublished\":\"2024-09-03T17:28:21+00:00\",\"dateModified\":\"2024-09-22T17:44:57+00:00\",\"description\":\"Der Mirra 2 ist ein ergonomischer B\u00fcrostuhl von Herman Miller, der durch sein flexibles Design und hohe Anpassungsf\u00e4higkeit besticht. Er bietet dynamischen Sitzkomfort dank einer atmungsaktiven R\u00fcckenlehne, die sich den Bewegungen des Nutzers anpasst. Mit verstellbaren Elementen wie Sitzh\u00f6he, Armlehnen und Neigungswinkel sorgt er f\u00fcr individuelle Unterst\u00fctzung und eine gesunde Sitzhaltung. Der Stuhl ist zudem umweltfreundlich konzipiert und besteht zu einem gro\u00dfen Teil aus recycelten Materialien. Ideal f\u00fcr den Einsatz im B\u00fcro, wo lange Sitzzeiten erforderlich sind.\",\"breadcrumb\":{\"@id\":\"https:\\\/\\\/www.office-sale.ch\\\/shop\\\/herman-miller-mirra-2-stool-graphite\\\/#breadcrumb\"},\"inLanguage\":\"en-US\",\"potentialAction\":[{\"@type\":\"ReadAction\",\"target\":[\"https:\\\/\\\/www.office-sale.ch\\\/shop\\\/herman-miller-mirra-2-stool-graphite\\\/\"]}]},{\"@type\":\"ImageObject\",\"inLanguage\":\"en-US\",\"@id\":\"https:\\\/\\\/www.office-sale.ch\\\/shop\\\/herman-miller-mirra-2-stool-graphite\\\/#primaryimage\",\"url\":\"https:\\\/\\\/www.office-sale.ch\\\/wp-content\\\/uploads\\\/2024\\\/09\\\/mirra35.jpg\",\"contentUrl\":\"https:\\\/\\\/www.office-sale.ch\\\/wp-content\\\/uploads\\\/2024\\\/09\\\/mirra35.jpg\",\"width\":1200,\"height\":1600},{\"@type\":\"BreadcrumbList\",\"@id\":\"https:\\\/\\\/www.office-sale.ch\\\/shop\\\/herman-miller-mirra-2-stool-graphite\\\/#breadcrumb\",\"itemListElement\":[{\"@type\":\"ListItem\",\"position\":1,\"name\":\"Startseite\",\"item\":\"https:\\\/\\\/www.office-sale.ch\\\/\"},{\"@type\":\"ListItem\",\"position\":2,\"name\":\"Shop\",\"item\":\"https:\\\/\\\/www.office-sale.ch\\\/shop\\\/\"},{\"@type\":\"ListItem\",\"position\":3,\"name\":\"Herman Miller Mirra 2 Stool Graphite\"}]},{\"@type\":\"WebSite\",\"@id\":\"https:\\\/\\\/www.office-sale.ch\\\/#website\",\"url\":\"https:\\\/\\\/www.office-sale.ch\\\/\",\"name\":\"Office Sale\",\"description\":\"\",\"publisher\":{\"@id\":\"https:\\\/\\\/www.office-sale.ch\\\/#organization\"},\"potentialAction\":[{\"@type\":\"SearchAction\",\"target\":{\"@type\":\"EntryPoint\",\"urlTemplate\":\"https:\\\/\\\/www.office-sale.ch\\\/?s={search_term_string}\"},\"query-input\":{\"@type\":\"PropertyValueSpecification\",\"valueRequired\":true,\"valueName\":\"search_term_string\"}}],\"inLanguage\":\"en-US\"},{\"@type\":\"Organization\",\"@id\":\"https:\\\/\\\/www.office-sale.ch\\\/#organization\",\"name\":\"Office Sale\",\"url\":\"https:\\\/\\\/www.office-sale.ch\\\/\",\"logo\":{\"@type\":\"ImageObject\",\"inLanguage\":\"en-US\",\"@id\":\"https:\\\/\\\/www.office-sale.ch\\\/#\\\/schema\\\/logo\\\/image\\\/\",\"url\":\"https:\\\/\\\/www.office-sale.ch\\\/wp-content\\\/uploads\\\/2024\\\/08\\\/logo-office-sale.webp\",\"contentUrl\":\"https:\\\/\\\/www.office-sale.ch\\\/wp-content\\\/uploads\\\/2024\\\/08\\\/logo-office-sale.webp\",\"width\":1431,\"height\":369,\"caption\":\"Office Sale\"},\"image\":{\"@id\":\"https:\\\/\\\/www.office-sale.ch\\\/#\\\/schema\\\/logo\\\/image\\\/\"}}]}<\/script>\n<!-- \/ Yoast SEO plugin. -->","yoast_head_json":{"title":"Herman Miller Mirra 2 Stool Graphite - Office-Sale.ch","description":"Der Mirra 2 ist ein ergonomischer B\u00fcrostuhl von Herman Miller, der durch sein flexibles Design und hohe Anpassungsf\u00e4higkeit besticht. Er bietet dynamischen Sitzkomfort dank einer atmungsaktiven R\u00fcckenlehne, die sich den Bewegungen des Nutzers anpasst. Mit verstellbaren Elementen wie Sitzh\u00f6he, Armlehnen und Neigungswinkel sorgt er f\u00fcr individuelle Unterst\u00fctzung und eine gesunde Sitzhaltung. Der Stuhl ist zudem umweltfreundlich konzipiert und besteht zu einem gro\u00dfen Teil aus recycelten Materialien. Ideal f\u00fcr den Einsatz im B\u00fcro, wo lange Sitzzeiten erforderlich sind.","robots":{"index":"index","follow":"follow","max-snippet":"max-snippet:-1","max-image-preview":"max-image-preview:large","max-video-preview":"max-video-preview:-1"},"canonical":"https:\/\/www.office-sale.ch\/en\/shop\/herman-miller-mirra-2-stool-graphite\/","og_locale":"en_US","og_type":"article","og_title":"Herman Miller Mirra 2 Stool Graphite - Office-Sale.ch","og_description":"Der Mirra 2 ist ein ergonomischer B\u00fcrostuhl von Herman Miller, der durch sein flexibles Design und hohe Anpassungsf\u00e4higkeit besticht. Er bietet dynamischen Sitzkomfort dank einer atmungsaktiven R\u00fcckenlehne, die sich den Bewegungen des Nutzers anpasst. Mit verstellbaren Elementen wie Sitzh\u00f6he, Armlehnen und Neigungswinkel sorgt er f\u00fcr individuelle Unterst\u00fctzung und eine gesunde Sitzhaltung. Der Stuhl ist zudem umweltfreundlich konzipiert und besteht zu einem gro\u00dfen Teil aus recycelten Materialien. Ideal f\u00fcr den Einsatz im B\u00fcro, wo lange Sitzzeiten erforderlich sind.","og_url":"https:\/\/www.office-sale.ch\/en\/shop\/herman-miller-mirra-2-stool-graphite\/","og_site_name":"Office-Sale.ch","article_modified_time":"2024-09-22T17:44:57+00:00","og_image":[{"width":1200,"height":1600,"url":"https:\/\/www.office-sale.ch\/wp-content\/uploads\/2024\/09\/mirra35.jpg","type":"image\/jpeg"}],"schema":{"@context":"https:\/\/schema.org","@graph":[{"@type":"WebPage","@id":"https:\/\/www.office-sale.ch\/shop\/herman-miller-mirra-2-stool-graphite\/","url":"https:\/\/www.office-sale.ch\/shop\/herman-miller-mirra-2-stool-graphite\/","name":"Herman Miller Mirra 2 Stool Graphite - Office-Sale.ch","isPartOf":{"@id":"https:\/\/www.office-sale.ch\/#website"},"primaryImageOfPage":{"@id":"https:\/\/www.office-sale.ch\/shop\/herman-miller-mirra-2-stool-graphite\/#primaryimage"},"image":{"@id":"https:\/\/www.office-sale.ch\/shop\/herman-miller-mirra-2-stool-graphite\/#primaryimage"},"thumbnailUrl":"https:\/\/www.office-sale.ch\/wp-content\/uploads\/2024\/09\/mirra35.jpg","datePublished":"2024-09-03T17:28:21+00:00","dateModified":"2024-09-22T17:44:57+00:00","description":"Der Mirra 2 ist ein ergonomischer B\u00fcrostuhl von Herman Miller, der durch sein flexibles Design und hohe Anpassungsf\u00e4higkeit besticht. Er bietet dynamischen Sitzkomfort dank einer atmungsaktiven R\u00fcckenlehne, die sich den Bewegungen des Nutzers anpasst. Mit verstellbaren Elementen wie Sitzh\u00f6he, Armlehnen und Neigungswinkel sorgt er f\u00fcr individuelle Unterst\u00fctzung und eine gesunde Sitzhaltung. Der Stuhl ist zudem umweltfreundlich konzipiert und besteht zu einem gro\u00dfen Teil aus recycelten Materialien. Ideal f\u00fcr den Einsatz im B\u00fcro, wo lange Sitzzeiten erforderlich sind.","breadcrumb":{"@id":"https:\/\/www.office-sale.ch\/shop\/herman-miller-mirra-2-stool-graphite\/#breadcrumb"},"inLanguage":"en-US","potentialAction":[{"@type":"ReadAction","target":["https:\/\/www.office-sale.ch\/shop\/herman-miller-mirra-2-stool-graphite\/"]}]},{"@type":"ImageObject","inLanguage":"en-US","@id":"https:\/\/www.office-sale.ch\/shop\/herman-miller-mirra-2-stool-graphite\/#primaryimage","url":"https:\/\/www.office-sale.ch\/wp-content\/uploads\/2024\/09\/mirra35.jpg","contentUrl":"https:\/\/www.office-sale.ch\/wp-content\/uploads\/2024\/09\/mirra35.jpg","width":1200,"height":1600},{"@type":"BreadcrumbList","@id":"https:\/\/www.office-sale.ch\/shop\/herman-miller-mirra-2-stool-graphite\/#breadcrumb","itemListElement":[{"@type":"ListItem","position":1,"name":"Startseite","item":"https:\/\/www.office-sale.ch\/"},{"@type":"ListItem","position":2,"name":"Shop","item":"https:\/\/www.office-sale.ch\/shop\/"},{"@type":"ListItem","position":3,"name":"Herman Miller Mirra 2 Stool Graphite"}]},{"@type":"WebSite","@id":"https:\/\/www.office-sale.ch\/#website","url":"https:\/\/www.office-sale.ch\/","name":"Office Sale","description":"","publisher":{"@id":"https:\/\/www.office-sale.ch\/#organization"},"potentialAction":[{"@type":"SearchAction","target":{"@type":"EntryPoint","urlTemplate":"https:\/\/www.office-sale.ch\/?s={search_term_string}"},"query-input":{"@type":"PropertyValueSpecification","valueRequired":true,"valueName":"search_term_string"}}],"inLanguage":"en-US"},{"@type":"Organization","@id":"https:\/\/www.office-sale.ch\/#organization","name":"Office Sale","url":"https:\/\/www.office-sale.ch\/","logo":{"@type":"ImageObject","inLanguage":"en-US","@id":"https:\/\/www.office-sale.ch\/#\/schema\/logo\/image\/","url":"https:\/\/www.office-sale.ch\/wp-content\/uploads\/2024\/08\/logo-office-sale.webp","contentUrl":"https:\/\/www.office-sale.ch\/wp-content\/uploads\/2024\/08\/logo-office-sale.webp","width":1431,"height":369,"caption":"Office Sale"},"image":{"@id":"https:\/\/www.office-sale.ch\/#\/schema\/logo\/image\/"}}]}},"_links":{"self":[{"href":"https:\/\/www.office-sale.ch\/en\/wp-json\/wp\/v2\/product\/2086","targetHints":{"allow":["GET"]}}],"collection":[{"href":"https:\/\/www.office-sale.ch\/en\/wp-json\/wp\/v2\/product"}],"about":[{"href":"https:\/\/www.office-sale.ch\/en\/wp-json\/wp\/v2\/types\/product"}],"wp:featuredmedia":[{"embeddable":true,"href":"https:\/\/www.office-sale.ch\/en\/wp-json\/wp\/v2\/media\/2081"}],"wp:attachment":[{"href":"https:\/\/www.office-sale.ch\/en\/wp-json\/wp\/v2\/media?parent=2086"}],"wp:term":[{"taxonomy":"product_brand","embeddable":true,"href":"https:\/\/www.office-sale.ch\/en\/wp-json\/wp\/v2\/product_brand?post=2086"},{"taxonomy":"product_cat","embeddable":true,"href":"https:\/\/www.office-sale.ch\/en\/wp-json\/wp\/v2\/product_cat?post=2086"},{"taxonomy":"product_tag","embeddable":true,"href":"https:\/\/www.office-sale.ch\/en\/wp-json\/wp\/v2\/product_tag?post=2086"}],"curies":[{"name":"wp","href":"https:\/\/api.w.org\/{rel}","templated":true}]}}