{"id":2122,"date":"2024-09-08T15:13:53","date_gmt":"2024-09-08T13:13:53","guid":{"rendered":"https:\/\/www.office-sale.ch\/?post_type=product&#038;p=2122"},"modified":"2026-03-06T12:10:38","modified_gmt":"2026-03-06T10:10:38","slug":"herman-miller-mirra-2-triflex-black-and-white","status":"publish","type":"product","link":"https:\/\/www.office-sale.ch\/en\/shop\/herman-miller-mirra-2-triflex-black-and-white\/","title":{"rendered":"Herman Miller Mirra 2 Triflex black and white"},"content":{"rendered":"<p><strong>Herman Miller Mirra 2 Triflex black and white<\/strong><\/p>\n<p><em>Mirra 2 Triflex ist ein ergonomischer B\u00fcrostuhl von Herman Miller, der speziell entwickelt wurde, um Komfort und Unterst\u00fctzung w\u00e4hrend des Sitzens zu bieten. Hier sind die wichtigsten Merkmale in einer Kurzbeschreibung:<\/em><\/p>\n<p><em>Die Triflex-R\u00fcckenlehne besteht aus einem flexiblen, durchbrochenen Material, das sich an den R\u00fccken des Nutzers anpasst und gleichzeitig eine gute Luftzirkulation erm\u00f6glicht. Ergonomisch, unterst\u00fctzt die nat\u00fcrlichen Bewegungen des K\u00f6rpers und f\u00f6rdert eine gesunde Sitzhaltung. Mehrere Einstellungsm\u00f6glichkeiten wie Sitzh\u00f6he, Neigung und Armlehnenpositionen, erm\u00f6glichen eine individuelle Anpassung. Hochwertige und langlebige Materialien sorgen f\u00fcr eine lange Lebensdauer und einfache Pflege.\u00a0 \u00a0<\/em><\/p>\n<p><em>Modernes, minimalistisches Design, das sich in verschiedene Arbeitsumgebungen einf\u00fcgt. Der Mirra 2 Triflex ist ideal f\u00fcr Nutzer, die lange Zeit am Schreibtisch sitzen und ergonomischen Komfort sch\u00e4tzen.<\/em><\/p>\n<p>&nbsp;<\/p>\n<ul>\n<li><em>Neu mit Garantie<\/em><\/li>\n<li><em>Lumbar support<\/em><\/li>\n<li><em>Fusskreuz: Graphite<\/em><\/li>\n<li><em>Sitzrahmen: Graphite<\/em><\/li>\n<li><em>Weichbodenrollen<\/em><\/li>\n<li><em>R\u00fccken: Triflex Studio White<\/em><\/li>\n<li><em>Armpads: Fog ( grau )<\/em><\/li>\n<li><em>Sitz: AireWeave Alpine<\/em><\/li>\n<\/ul>","protected":false},"excerpt":{"rendered":"<p><em>Der Herman Miller Mirra 2 mit TriFlex-R\u00fcckenlehne ist ein ergonomischer B\u00fcrostuhl, der Bewegungsfreiheit und optimalen Komfort kombiniert. Die TriFlex-R\u00fcckenlehne ist flexibel und unterst\u00fctzt den R\u00fccken ohne zus\u00e4tzliche Polsterung, was Atmungsaktivit\u00e4t und hygienische Pflege erleichtert. Der Mirra 2 ist besonders leicht und bietet eine dynamische Sitzmechanik, die sich an den Benutzer anpasst, um eine gesunde Sitzhaltung zu f\u00f6rdern. Mit verstellbaren Funktionen wie Sitzh\u00f6he, Armlehnen und Neigung eignet sich der Stuhl ideal f\u00fcr lange Arbeitszeiten und ist bekannt f\u00fcr seine Kombination aus Flexibilit\u00e4t, Halt und modernem Design.<\/em><\/p>","protected":false},"featured_media":2126,"template":"","meta":[],"product_brand":[],"product_cat":[56,65],"product_tag":[124,79,123,118],"class_list":{"0":"post-2122","1":"product","2":"type-product","3":"status-publish","4":"has-post-thumbnail","6":"product_cat-stuehle","7":"product_cat-buerodrehstuehle","8":"product_tag-black-and-white","9":"product_tag-herman-miller","10":"product_tag-mirra-2","11":"product_tag-triflex","12":"product_shipping_class-spedition","14":"first","15":"outofstock","16":"sale","17":"shipping-taxable","18":"purchasable","19":"product-type-simple"},"yoast_head":"<!-- This site is optimized with the Yoast SEO plugin v27.4 - https:\/\/yoast.com\/product\/yoast-seo-wordpress\/ -->\n<title>Herman Miller Mirra 2 Triflex black and white - Office-Sale.ch<\/title>\n<meta name=\"description\" content=\"Mirra 2 Triflex ist ein ergonomischer B\u00fcrostuhl von Herman Miller, der speziell entwickelt wurde, um Komfort und Unterst\u00fctzung w\u00e4hrend des Sitzens zu bieten. Hier sind die wichtigsten Merkmale in einer Kurzbeschreibung:Die Triflex-R\u00fcckenlehne besteht aus einem flexiblen, durchbrochenen Material, das sich an den R\u00fccken des Nutzers anpasst und gleichzeitig eine gute Luftzirkulation erm\u00f6glicht. Ergonomisch, unterst\u00fctzt die nat\u00fcrlichen Bewegungen des K\u00f6rpers und f\u00f6rdert eine gesunde Sitzhaltung. Mehrere Einstellungsm\u00f6glichkeiten wie Sitzh\u00f6he, Neigung und Armlehnenpositionen, erm\u00f6glichen eine individuelle Anpassung. Hochwertige und langlebige Materialien sorgen f\u00fcr eine lange Lebensdauer und einfache Pflege.\u00a0 \u00a0Modernes, minimalistisches Design, das sich in verschiedene Arbeitsumgebungen einf\u00fcgt. Der Mirra 2 Triflex ist ideal f\u00fcr Nutzer, die lange Zeit am Schreibtisch sitzen und ergonomischen Komfort sch\u00e4tzen.\" \/>\n<meta name=\"robots\" content=\"index, follow, max-snippet:-1, max-image-preview:large, max-video-preview:-1\" \/>\n<link rel=\"canonical\" href=\"https:\/\/www.office-sale.ch\/en\/shop\/herman-miller-mirra-2-triflex-black-and-white\/\" \/>\n<meta property=\"og:locale\" content=\"en_US\" \/>\n<meta property=\"og:type\" content=\"article\" \/>\n<meta property=\"og:title\" content=\"Herman Miller Mirra 2 Triflex black and white - Office-Sale.ch\" \/>\n<meta property=\"og:description\" content=\"Mirra 2 Triflex ist ein ergonomischer B\u00fcrostuhl von Herman Miller, der speziell entwickelt wurde, um Komfort und Unterst\u00fctzung w\u00e4hrend des Sitzens zu bieten. Hier sind die wichtigsten Merkmale in einer Kurzbeschreibung:Die Triflex-R\u00fcckenlehne besteht aus einem flexiblen, durchbrochenen Material, das sich an den R\u00fccken des Nutzers anpasst und gleichzeitig eine gute Luftzirkulation erm\u00f6glicht. Ergonomisch, unterst\u00fctzt die nat\u00fcrlichen Bewegungen des K\u00f6rpers und f\u00f6rdert eine gesunde Sitzhaltung. Mehrere Einstellungsm\u00f6glichkeiten wie Sitzh\u00f6he, Neigung und Armlehnenpositionen, erm\u00f6glichen eine individuelle Anpassung. Hochwertige und langlebige Materialien sorgen f\u00fcr eine lange Lebensdauer und einfache Pflege.\u00a0 \u00a0Modernes, minimalistisches Design, das sich in verschiedene Arbeitsumgebungen einf\u00fcgt. Der Mirra 2 Triflex ist ideal f\u00fcr Nutzer, die lange Zeit am Schreibtisch sitzen und ergonomischen Komfort sch\u00e4tzen.\" \/>\n<meta property=\"og:url\" content=\"https:\/\/www.office-sale.ch\/en\/shop\/herman-miller-mirra-2-triflex-black-and-white\/\" \/>\n<meta property=\"og:site_name\" content=\"Office-Sale.ch\" \/>\n<meta property=\"article:modified_time\" content=\"2026-03-06T10:10:38+00:00\" \/>\n<meta property=\"og:image\" content=\"https:\/\/www.office-sale.ch\/wp-content\/uploads\/2024\/09\/mirra2tri2022.jpg\" \/>\n\t<meta property=\"og:image:width\" content=\"1200\" \/>\n\t<meta property=\"og:image:height\" content=\"1600\" \/>\n\t<meta property=\"og:image:type\" content=\"image\/jpeg\" \/>\n<script type=\"application\/ld+json\" class=\"yoast-schema-graph\">{\"@context\":\"https:\\\/\\\/schema.org\",\"@graph\":[{\"@type\":\"WebPage\",\"@id\":\"https:\\\/\\\/www.office-sale.ch\\\/shop\\\/herman-miller-mirra-2-triflex-black-and-white\\\/\",\"url\":\"https:\\\/\\\/www.office-sale.ch\\\/shop\\\/herman-miller-mirra-2-triflex-black-and-white\\\/\",\"name\":\"Herman Miller Mirra 2 Triflex black and white - Office-Sale.ch\",\"isPartOf\":{\"@id\":\"https:\\\/\\\/www.office-sale.ch\\\/#website\"},\"primaryImageOfPage\":{\"@id\":\"https:\\\/\\\/www.office-sale.ch\\\/shop\\\/herman-miller-mirra-2-triflex-black-and-white\\\/#primaryimage\"},\"image\":{\"@id\":\"https:\\\/\\\/www.office-sale.ch\\\/shop\\\/herman-miller-mirra-2-triflex-black-and-white\\\/#primaryimage\"},\"thumbnailUrl\":\"https:\\\/\\\/www.office-sale.ch\\\/wp-content\\\/uploads\\\/2024\\\/09\\\/mirra2tri2022.jpg\",\"datePublished\":\"2024-09-08T13:13:53+00:00\",\"dateModified\":\"2026-03-06T10:10:38+00:00\",\"description\":\"Mirra 2 Triflex ist ein ergonomischer B\u00fcrostuhl von Herman Miller, der speziell entwickelt wurde, um Komfort und Unterst\u00fctzung w\u00e4hrend des Sitzens zu bieten. Hier sind die wichtigsten Merkmale in einer Kurzbeschreibung:Die Triflex-R\u00fcckenlehne besteht aus einem flexiblen, durchbrochenen Material, das sich an den R\u00fccken des Nutzers anpasst und gleichzeitig eine gute Luftzirkulation erm\u00f6glicht. Ergonomisch, unterst\u00fctzt die nat\u00fcrlichen Bewegungen des K\u00f6rpers und f\u00f6rdert eine gesunde Sitzhaltung. Mehrere Einstellungsm\u00f6glichkeiten wie Sitzh\u00f6he, Neigung und Armlehnenpositionen, erm\u00f6glichen eine individuelle Anpassung. Hochwertige und langlebige Materialien sorgen f\u00fcr eine lange Lebensdauer und einfache Pflege.\u00a0 \u00a0Modernes, minimalistisches Design, das sich in verschiedene Arbeitsumgebungen einf\u00fcgt. Der Mirra 2 Triflex ist ideal f\u00fcr Nutzer, die lange Zeit am Schreibtisch sitzen und ergonomischen Komfort sch\u00e4tzen.\",\"breadcrumb\":{\"@id\":\"https:\\\/\\\/www.office-sale.ch\\\/shop\\\/herman-miller-mirra-2-triflex-black-and-white\\\/#breadcrumb\"},\"inLanguage\":\"en-US\",\"potentialAction\":[{\"@type\":\"ReadAction\",\"target\":[\"https:\\\/\\\/www.office-sale.ch\\\/shop\\\/herman-miller-mirra-2-triflex-black-and-white\\\/\"]}]},{\"@type\":\"ImageObject\",\"inLanguage\":\"en-US\",\"@id\":\"https:\\\/\\\/www.office-sale.ch\\\/shop\\\/herman-miller-mirra-2-triflex-black-and-white\\\/#primaryimage\",\"url\":\"https:\\\/\\\/www.office-sale.ch\\\/wp-content\\\/uploads\\\/2024\\\/09\\\/mirra2tri2022.jpg\",\"contentUrl\":\"https:\\\/\\\/www.office-sale.ch\\\/wp-content\\\/uploads\\\/2024\\\/09\\\/mirra2tri2022.jpg\",\"width\":1200,\"height\":1600},{\"@type\":\"BreadcrumbList\",\"@id\":\"https:\\\/\\\/www.office-sale.ch\\\/shop\\\/herman-miller-mirra-2-triflex-black-and-white\\\/#breadcrumb\",\"itemListElement\":[{\"@type\":\"ListItem\",\"position\":1,\"name\":\"Startseite\",\"item\":\"https:\\\/\\\/www.office-sale.ch\\\/\"},{\"@type\":\"ListItem\",\"position\":2,\"name\":\"Shop\",\"item\":\"https:\\\/\\\/www.office-sale.ch\\\/shop\\\/\"},{\"@type\":\"ListItem\",\"position\":3,\"name\":\"Herman Miller Mirra 2 Triflex black and white\"}]},{\"@type\":\"WebSite\",\"@id\":\"https:\\\/\\\/www.office-sale.ch\\\/#website\",\"url\":\"https:\\\/\\\/www.office-sale.ch\\\/\",\"name\":\"Office Sale\",\"description\":\"\",\"publisher\":{\"@id\":\"https:\\\/\\\/www.office-sale.ch\\\/#organization\"},\"potentialAction\":[{\"@type\":\"SearchAction\",\"target\":{\"@type\":\"EntryPoint\",\"urlTemplate\":\"https:\\\/\\\/www.office-sale.ch\\\/?s={search_term_string}\"},\"query-input\":{\"@type\":\"PropertyValueSpecification\",\"valueRequired\":true,\"valueName\":\"search_term_string\"}}],\"inLanguage\":\"en-US\"},{\"@type\":\"Organization\",\"@id\":\"https:\\\/\\\/www.office-sale.ch\\\/#organization\",\"name\":\"Office Sale\",\"url\":\"https:\\\/\\\/www.office-sale.ch\\\/\",\"logo\":{\"@type\":\"ImageObject\",\"inLanguage\":\"en-US\",\"@id\":\"https:\\\/\\\/www.office-sale.ch\\\/#\\\/schema\\\/logo\\\/image\\\/\",\"url\":\"https:\\\/\\\/www.office-sale.ch\\\/wp-content\\\/uploads\\\/2024\\\/08\\\/logo-office-sale.webp\",\"contentUrl\":\"https:\\\/\\\/www.office-sale.ch\\\/wp-content\\\/uploads\\\/2024\\\/08\\\/logo-office-sale.webp\",\"width\":1431,\"height\":369,\"caption\":\"Office Sale\"},\"image\":{\"@id\":\"https:\\\/\\\/www.office-sale.ch\\\/#\\\/schema\\\/logo\\\/image\\\/\"}}]}<\/script>\n<!-- \/ Yoast SEO plugin. -->","yoast_head_json":{"title":"Herman Miller Mirra 2 Triflex black and white - Office-Sale.ch","description":"Mirra 2 Triflex ist ein ergonomischer B\u00fcrostuhl von Herman Miller, der speziell entwickelt wurde, um Komfort und Unterst\u00fctzung w\u00e4hrend des Sitzens zu bieten. Hier sind die wichtigsten Merkmale in einer Kurzbeschreibung:Die Triflex-R\u00fcckenlehne besteht aus einem flexiblen, durchbrochenen Material, das sich an den R\u00fccken des Nutzers anpasst und gleichzeitig eine gute Luftzirkulation erm\u00f6glicht. Ergonomisch, unterst\u00fctzt die nat\u00fcrlichen Bewegungen des K\u00f6rpers und f\u00f6rdert eine gesunde Sitzhaltung. Mehrere Einstellungsm\u00f6glichkeiten wie Sitzh\u00f6he, Neigung und Armlehnenpositionen, erm\u00f6glichen eine individuelle Anpassung. Hochwertige und langlebige Materialien sorgen f\u00fcr eine lange Lebensdauer und einfache Pflege.\u00a0 \u00a0Modernes, minimalistisches Design, das sich in verschiedene Arbeitsumgebungen einf\u00fcgt. Der Mirra 2 Triflex ist ideal f\u00fcr Nutzer, die lange Zeit am Schreibtisch sitzen und ergonomischen Komfort sch\u00e4tzen.","robots":{"index":"index","follow":"follow","max-snippet":"max-snippet:-1","max-image-preview":"max-image-preview:large","max-video-preview":"max-video-preview:-1"},"canonical":"https:\/\/www.office-sale.ch\/en\/shop\/herman-miller-mirra-2-triflex-black-and-white\/","og_locale":"en_US","og_type":"article","og_title":"Herman Miller Mirra 2 Triflex black and white - Office-Sale.ch","og_description":"Mirra 2 Triflex ist ein ergonomischer B\u00fcrostuhl von Herman Miller, der speziell entwickelt wurde, um Komfort und Unterst\u00fctzung w\u00e4hrend des Sitzens zu bieten. Hier sind die wichtigsten Merkmale in einer Kurzbeschreibung:Die Triflex-R\u00fcckenlehne besteht aus einem flexiblen, durchbrochenen Material, das sich an den R\u00fccken des Nutzers anpasst und gleichzeitig eine gute Luftzirkulation erm\u00f6glicht. Ergonomisch, unterst\u00fctzt die nat\u00fcrlichen Bewegungen des K\u00f6rpers und f\u00f6rdert eine gesunde Sitzhaltung. Mehrere Einstellungsm\u00f6glichkeiten wie Sitzh\u00f6he, Neigung und Armlehnenpositionen, erm\u00f6glichen eine individuelle Anpassung. Hochwertige und langlebige Materialien sorgen f\u00fcr eine lange Lebensdauer und einfache Pflege.\u00a0 \u00a0Modernes, minimalistisches Design, das sich in verschiedene Arbeitsumgebungen einf\u00fcgt. Der Mirra 2 Triflex ist ideal f\u00fcr Nutzer, die lange Zeit am Schreibtisch sitzen und ergonomischen Komfort sch\u00e4tzen.","og_url":"https:\/\/www.office-sale.ch\/en\/shop\/herman-miller-mirra-2-triflex-black-and-white\/","og_site_name":"Office-Sale.ch","article_modified_time":"2026-03-06T10:10:38+00:00","og_image":[{"width":1200,"height":1600,"url":"https:\/\/www.office-sale.ch\/wp-content\/uploads\/2024\/09\/mirra2tri2022.jpg","type":"image\/jpeg"}],"schema":{"@context":"https:\/\/schema.org","@graph":[{"@type":"WebPage","@id":"https:\/\/www.office-sale.ch\/shop\/herman-miller-mirra-2-triflex-black-and-white\/","url":"https:\/\/www.office-sale.ch\/shop\/herman-miller-mirra-2-triflex-black-and-white\/","name":"Herman Miller Mirra 2 Triflex black and white - Office-Sale.ch","isPartOf":{"@id":"https:\/\/www.office-sale.ch\/#website"},"primaryImageOfPage":{"@id":"https:\/\/www.office-sale.ch\/shop\/herman-miller-mirra-2-triflex-black-and-white\/#primaryimage"},"image":{"@id":"https:\/\/www.office-sale.ch\/shop\/herman-miller-mirra-2-triflex-black-and-white\/#primaryimage"},"thumbnailUrl":"https:\/\/www.office-sale.ch\/wp-content\/uploads\/2024\/09\/mirra2tri2022.jpg","datePublished":"2024-09-08T13:13:53+00:00","dateModified":"2026-03-06T10:10:38+00:00","description":"Mirra 2 Triflex ist ein ergonomischer B\u00fcrostuhl von Herman Miller, der speziell entwickelt wurde, um Komfort und Unterst\u00fctzung w\u00e4hrend des Sitzens zu bieten. Hier sind die wichtigsten Merkmale in einer Kurzbeschreibung:Die Triflex-R\u00fcckenlehne besteht aus einem flexiblen, durchbrochenen Material, das sich an den R\u00fccken des Nutzers anpasst und gleichzeitig eine gute Luftzirkulation erm\u00f6glicht. Ergonomisch, unterst\u00fctzt die nat\u00fcrlichen Bewegungen des K\u00f6rpers und f\u00f6rdert eine gesunde Sitzhaltung. Mehrere Einstellungsm\u00f6glichkeiten wie Sitzh\u00f6he, Neigung und Armlehnenpositionen, erm\u00f6glichen eine individuelle Anpassung. Hochwertige und langlebige Materialien sorgen f\u00fcr eine lange Lebensdauer und einfache Pflege.\u00a0 \u00a0Modernes, minimalistisches Design, das sich in verschiedene Arbeitsumgebungen einf\u00fcgt. Der Mirra 2 Triflex ist ideal f\u00fcr Nutzer, die lange Zeit am Schreibtisch sitzen und ergonomischen Komfort sch\u00e4tzen.","breadcrumb":{"@id":"https:\/\/www.office-sale.ch\/shop\/herman-miller-mirra-2-triflex-black-and-white\/#breadcrumb"},"inLanguage":"en-US","potentialAction":[{"@type":"ReadAction","target":["https:\/\/www.office-sale.ch\/shop\/herman-miller-mirra-2-triflex-black-and-white\/"]}]},{"@type":"ImageObject","inLanguage":"en-US","@id":"https:\/\/www.office-sale.ch\/shop\/herman-miller-mirra-2-triflex-black-and-white\/#primaryimage","url":"https:\/\/www.office-sale.ch\/wp-content\/uploads\/2024\/09\/mirra2tri2022.jpg","contentUrl":"https:\/\/www.office-sale.ch\/wp-content\/uploads\/2024\/09\/mirra2tri2022.jpg","width":1200,"height":1600},{"@type":"BreadcrumbList","@id":"https:\/\/www.office-sale.ch\/shop\/herman-miller-mirra-2-triflex-black-and-white\/#breadcrumb","itemListElement":[{"@type":"ListItem","position":1,"name":"Startseite","item":"https:\/\/www.office-sale.ch\/"},{"@type":"ListItem","position":2,"name":"Shop","item":"https:\/\/www.office-sale.ch\/shop\/"},{"@type":"ListItem","position":3,"name":"Herman Miller Mirra 2 Triflex black and white"}]},{"@type":"WebSite","@id":"https:\/\/www.office-sale.ch\/#website","url":"https:\/\/www.office-sale.ch\/","name":"Office Sale","description":"","publisher":{"@id":"https:\/\/www.office-sale.ch\/#organization"},"potentialAction":[{"@type":"SearchAction","target":{"@type":"EntryPoint","urlTemplate":"https:\/\/www.office-sale.ch\/?s={search_term_string}"},"query-input":{"@type":"PropertyValueSpecification","valueRequired":true,"valueName":"search_term_string"}}],"inLanguage":"en-US"},{"@type":"Organization","@id":"https:\/\/www.office-sale.ch\/#organization","name":"Office Sale","url":"https:\/\/www.office-sale.ch\/","logo":{"@type":"ImageObject","inLanguage":"en-US","@id":"https:\/\/www.office-sale.ch\/#\/schema\/logo\/image\/","url":"https:\/\/www.office-sale.ch\/wp-content\/uploads\/2024\/08\/logo-office-sale.webp","contentUrl":"https:\/\/www.office-sale.ch\/wp-content\/uploads\/2024\/08\/logo-office-sale.webp","width":1431,"height":369,"caption":"Office Sale"},"image":{"@id":"https:\/\/www.office-sale.ch\/#\/schema\/logo\/image\/"}}]}},"_links":{"self":[{"href":"https:\/\/www.office-sale.ch\/en\/wp-json\/wp\/v2\/product\/2122","targetHints":{"allow":["GET"]}}],"collection":[{"href":"https:\/\/www.office-sale.ch\/en\/wp-json\/wp\/v2\/product"}],"about":[{"href":"https:\/\/www.office-sale.ch\/en\/wp-json\/wp\/v2\/types\/product"}],"wp:featuredmedia":[{"embeddable":true,"href":"https:\/\/www.office-sale.ch\/en\/wp-json\/wp\/v2\/media\/2126"}],"wp:attachment":[{"href":"https:\/\/www.office-sale.ch\/en\/wp-json\/wp\/v2\/media?parent=2122"}],"wp:term":[{"taxonomy":"product_brand","embeddable":true,"href":"https:\/\/www.office-sale.ch\/en\/wp-json\/wp\/v2\/product_brand?post=2122"},{"taxonomy":"product_cat","embeddable":true,"href":"https:\/\/www.office-sale.ch\/en\/wp-json\/wp\/v2\/product_cat?post=2122"},{"taxonomy":"product_tag","embeddable":true,"href":"https:\/\/www.office-sale.ch\/en\/wp-json\/wp\/v2\/product_tag?post=2122"}],"curies":[{"name":"wp","href":"https:\/\/api.w.org\/{rel}","templated":true}]}}