{"id":2149,"date":"2024-09-14T12:30:11","date_gmt":"2024-09-14T10:30:11","guid":{"rendered":"https:\/\/www.office-sale.ch\/?post_type=product&#038;p=2149"},"modified":"2025-01-29T11:56:59","modified_gmt":"2025-01-29T09:56:59","slug":"herman-miller-aeron-b-mineral","status":"publish","type":"product","link":"https:\/\/www.office-sale.ch\/en\/shop\/herman-miller-aeron-b-mineral\/","title":{"rendered":"Herman Miller Aeron B Mineral"},"content":{"rendered":"<p><strong>Herman Miller Aeron B Mineral<\/strong><\/p>\n<p>&nbsp;<\/p>\n<p><em>Der Herman Miller Aeron Chair ist ein ergonomischer B\u00fcrostuhl, der f\u00fcr seine hohe Anpassungsf\u00e4higkeit und seinen Komfort bekannt ist. Er wurde von Bill Stumpf und Don Chadwick entworfen und ist seit den 1990er Jahren auf dem Markt. Der Aeron Chair zeichnet sich durch folgende Merkmale aus:<\/em><\/p>\n<p><em>Entwickelt im ergonomischen Design, um den R\u00fccken optimal zu unterst\u00fctzen und die Sitzhaltung zu verbessern, was besonders bei langen Arbeitszeiten hilfreich ist. Mit seinen anpassbaren Funktionen bietet der B\u00fcrostuhl \u00a0individuell einstellbare Armlehnen, Sitzh\u00f6he, R\u00fcckenlehne und Neigungswinkel.<\/em><\/p>\n<p><em>Die flexible, luftdurchl\u00e4ssige Netzstruktur passt sich dem K\u00f6rper an und sorgt f\u00fcr eine gute Luftzirkulation, wodurch \u00dcberhitzung vermieden wird.<\/em><\/p>\n<p><em>Der Stuhl ist aus hochwertigen Materialien gefertigt und f\u00fcr den dauerhaften Gebrauch konzipiert, so dass Langlebigkeit garantiert werden kann.<\/em><\/p>\n<p><em>Der Aeron Chair ist besonders bei Menschen beliebt, die viel Zeit im Sitzen verbringen, und wird h\u00e4ufig in B\u00fcros und Home-Office-Umgebungen verwendet.<\/em><\/p>\n<p>&nbsp;<\/p>\n<ul>\n<li>Neu mit Garantie<\/li>\n<li><em>Standart Zonal Back Support\u00a0<\/em><\/li>\n<li>Sitzrahmen: Mineral<\/li>\n<li><em>Chassis: finish Satin aluminium<\/em><\/li>\n<li><em>Fusskreuz: Dark Mineral<\/em><\/li>\n<li><em>Hartbodenrollen<\/em><\/li>\n<li><em>Armpads: Vinyl Dark Mineral<\/em><\/li>\n<li><em>Bezug Mineral<\/em><\/li>\n<li><em>Gr\u00f6sse B<\/em><\/li>\n<\/ul>","protected":false},"excerpt":{"rendered":"<div class=\"flex max-w-full flex-col flex-grow\">\n<div class=\"min-h-[20px] text-message flex w-full flex-col items-end gap-2 whitespace-normal break-words [.text-message+&amp;]:mt-5\" dir=\"auto\" data-message-author-role=\"assistant\" data-message-id=\"6d3a076e-9c15-4b78-ba07-d8f06e927a91\">\n<div class=\"flex w-full flex-col gap-1 empty:hidden first:pt-[3px]\">\n<div class=\"markdown prose w-full break-words dark:prose-invert light\">\n<p><em>Der Aeron Chair ist ein ikonischer ergonomischer B\u00fcrostuhl, der von Herman Miller entworfen wurde. Er wurde 1994 von den Designern Bill Stumpf und Don Chadwick entwickelt und ist besonders f\u00fcr sein modernes Design sowie hohen Komfort bekannt. Der Stuhl passt sich durch innovative Materialien und eine anpassbare Sitzmechanik flexibel dem K\u00f6rper an. Die atmungsaktive Pellicle-Membran ersetzt die klassische Polsterung und f\u00f6rdert Luftzirkulation, um den Sitzenden k\u00fchl und bequem zu halten. Zudem bietet er verstellbare Armlehnen, Sitzh\u00f6he und Neigungswinkel. Der Aeron Chair gilt als Ma\u00dfstab f\u00fcr ergonomische St\u00fchle im modernen B\u00fcro.<\/em><\/p>\n<\/div>\n<\/div>\n<\/div>\n<\/div>\n<div class=\"mb-2 flex gap-3 empty:hidden -ml-2\">\n<div class=\"items-center justify-start rounded-xl p-1 flex\">\n<div class=\"flex items-center\"><button class=\"rounded-lg text-token-text-secondary hover:bg-token-main-surface-secondary\" aria-label=\"Read aloud\" data-testid=\"voice-play-turn-action-button\"><\/button><button class=\"rounded-lg text-token-text-secondary hover:bg-token-main-surface-secondary\" aria-label=\"Kopieren\" data-testid=\"copy-turn-action-button\"><\/button><\/p>\n<div class=\"flex\"><\/div>\n<div class=\"flex items-center pb-0\"><span class=\"overflow-hidden text-clip whitespace-nowrap text-sm\">4o<\/span><\/div>\n<\/div>\n<\/div>\n<\/div>\n","protected":false},"featured_media":2153,"template":"","meta":[],"product_brand":[],"product_cat":[56,65],"product_tag":[130,79,128],"class_list":{"0":"post-2149","1":"product","2":"type-product","3":"status-publish","4":"has-post-thumbnail","6":"product_cat-stuehle","7":"product_cat-buerodrehstuehle","8":"product_tag-aeron-b","9":"product_tag-herman-miller","10":"product_tag-mineral","11":"product_shipping_class-spedition","13":"first","14":"outofstock","15":"sale","16":"shipping-taxable","17":"purchasable","18":"product-type-simple"},"yoast_head":"<!-- This site is optimized with the Yoast SEO plugin v27.4 - https:\/\/yoast.com\/product\/yoast-seo-wordpress\/ -->\n<title>Herman Miller Aeron B Mineral - Office-Sale.ch<\/title>\n<meta name=\"description\" content=\"Der Herman Miller Aeron Chair ist ein ergonomischer B\u00fcrostuhl, der f\u00fcr seine hohe Anpassungsf\u00e4higkeit und seinen Komfort bekannt ist. Er wurde von Bill Stumpf und Don Chadwick entworfen und ist seit den 1990er Jahren auf dem Markt. Der Aeron Chair zeichnet sich durch folgende Merkmale aus: Entwickelt im ergonomischen Design, um den R\u00fccken optimal zu unterst\u00fctzen und die Sitzhaltung zu verbessern, was besonders bei langen Arbeitszeiten hilfreich ist. Mit seinen anpassbaren Funktionen bietet der B\u00fcrostuhl \u00a0individuell einstellbare Armlehnen, Sitzh\u00f6he, R\u00fcckenlehne und Neigungswinkel. Die flexible, luftdurchl\u00e4ssige Netzstruktur passt sich dem K\u00f6rper an und sorgt f\u00fcr eine gute Luftzirkulation, wodurch \u00dcberhitzung vermieden wird. Der Stuhl ist aus hochwertigen Materialien gefertigt und f\u00fcr den dauerhaften Gebrauch konzipiert, so dass Langlebigkeit garantiert werden kann. Der Aeron Chair ist besonders bei Menschen beliebt, die viel Zeit im Sitzen verbringen, und wird h\u00e4ufig in B\u00fcros und Home-Office-Umgebungen verwendet.\" \/>\n<meta name=\"robots\" content=\"index, follow, max-snippet:-1, max-image-preview:large, max-video-preview:-1\" \/>\n<link rel=\"canonical\" href=\"https:\/\/www.office-sale.ch\/en\/shop\/herman-miller-aeron-b-mineral\/\" \/>\n<meta property=\"og:locale\" content=\"en_US\" \/>\n<meta property=\"og:type\" content=\"article\" \/>\n<meta property=\"og:title\" content=\"Herman Miller Aeron B Mineral - Office-Sale.ch\" \/>\n<meta property=\"og:description\" content=\"Der Herman Miller Aeron Chair ist ein ergonomischer B\u00fcrostuhl, der f\u00fcr seine hohe Anpassungsf\u00e4higkeit und seinen Komfort bekannt ist. Er wurde von Bill Stumpf und Don Chadwick entworfen und ist seit den 1990er Jahren auf dem Markt. Der Aeron Chair zeichnet sich durch folgende Merkmale aus: Entwickelt im ergonomischen Design, um den R\u00fccken optimal zu unterst\u00fctzen und die Sitzhaltung zu verbessern, was besonders bei langen Arbeitszeiten hilfreich ist. Mit seinen anpassbaren Funktionen bietet der B\u00fcrostuhl \u00a0individuell einstellbare Armlehnen, Sitzh\u00f6he, R\u00fcckenlehne und Neigungswinkel. Die flexible, luftdurchl\u00e4ssige Netzstruktur passt sich dem K\u00f6rper an und sorgt f\u00fcr eine gute Luftzirkulation, wodurch \u00dcberhitzung vermieden wird. Der Stuhl ist aus hochwertigen Materialien gefertigt und f\u00fcr den dauerhaften Gebrauch konzipiert, so dass Langlebigkeit garantiert werden kann. Der Aeron Chair ist besonders bei Menschen beliebt, die viel Zeit im Sitzen verbringen, und wird h\u00e4ufig in B\u00fcros und Home-Office-Umgebungen verwendet.\" \/>\n<meta property=\"og:url\" content=\"https:\/\/www.office-sale.ch\/en\/shop\/herman-miller-aeron-b-mineral\/\" \/>\n<meta property=\"og:site_name\" content=\"Office-Sale.ch\" \/>\n<meta property=\"article:modified_time\" content=\"2025-01-29T09:56:59+00:00\" \/>\n<meta property=\"og:image\" content=\"https:\/\/www.office-sale.ch\/wp-content\/uploads\/2024\/09\/aeronB2004.jpg\" \/>\n\t<meta property=\"og:image:width\" content=\"1200\" \/>\n\t<meta property=\"og:image:height\" content=\"1600\" \/>\n\t<meta property=\"og:image:type\" content=\"image\/jpeg\" \/>\n<script type=\"application\/ld+json\" class=\"yoast-schema-graph\">{\"@context\":\"https:\\\/\\\/schema.org\",\"@graph\":[{\"@type\":\"WebPage\",\"@id\":\"https:\\\/\\\/www.office-sale.ch\\\/shop\\\/herman-miller-aeron-b-mineral\\\/\",\"url\":\"https:\\\/\\\/www.office-sale.ch\\\/shop\\\/herman-miller-aeron-b-mineral\\\/\",\"name\":\"Herman Miller Aeron B Mineral - Office-Sale.ch\",\"isPartOf\":{\"@id\":\"https:\\\/\\\/www.office-sale.ch\\\/#website\"},\"primaryImageOfPage\":{\"@id\":\"https:\\\/\\\/www.office-sale.ch\\\/shop\\\/herman-miller-aeron-b-mineral\\\/#primaryimage\"},\"image\":{\"@id\":\"https:\\\/\\\/www.office-sale.ch\\\/shop\\\/herman-miller-aeron-b-mineral\\\/#primaryimage\"},\"thumbnailUrl\":\"https:\\\/\\\/www.office-sale.ch\\\/wp-content\\\/uploads\\\/2024\\\/09\\\/aeronB2004.jpg\",\"datePublished\":\"2024-09-14T10:30:11+00:00\",\"dateModified\":\"2025-01-29T09:56:59+00:00\",\"description\":\"Der Herman Miller Aeron Chair ist ein ergonomischer B\u00fcrostuhl, der f\u00fcr seine hohe Anpassungsf\u00e4higkeit und seinen Komfort bekannt ist. Er wurde von Bill Stumpf und Don Chadwick entworfen und ist seit den 1990er Jahren auf dem Markt. Der Aeron Chair zeichnet sich durch folgende Merkmale aus: Entwickelt im ergonomischen Design, um den R\u00fccken optimal zu unterst\u00fctzen und die Sitzhaltung zu verbessern, was besonders bei langen Arbeitszeiten hilfreich ist. Mit seinen anpassbaren Funktionen bietet der B\u00fcrostuhl \u00a0individuell einstellbare Armlehnen, Sitzh\u00f6he, R\u00fcckenlehne und Neigungswinkel. Die flexible, luftdurchl\u00e4ssige Netzstruktur passt sich dem K\u00f6rper an und sorgt f\u00fcr eine gute Luftzirkulation, wodurch \u00dcberhitzung vermieden wird. Der Stuhl ist aus hochwertigen Materialien gefertigt und f\u00fcr den dauerhaften Gebrauch konzipiert, so dass Langlebigkeit garantiert werden kann. Der Aeron Chair ist besonders bei Menschen beliebt, die viel Zeit im Sitzen verbringen, und wird h\u00e4ufig in B\u00fcros und Home-Office-Umgebungen verwendet.\",\"breadcrumb\":{\"@id\":\"https:\\\/\\\/www.office-sale.ch\\\/shop\\\/herman-miller-aeron-b-mineral\\\/#breadcrumb\"},\"inLanguage\":\"en-US\",\"potentialAction\":[{\"@type\":\"ReadAction\",\"target\":[\"https:\\\/\\\/www.office-sale.ch\\\/shop\\\/herman-miller-aeron-b-mineral\\\/\"]}]},{\"@type\":\"ImageObject\",\"inLanguage\":\"en-US\",\"@id\":\"https:\\\/\\\/www.office-sale.ch\\\/shop\\\/herman-miller-aeron-b-mineral\\\/#primaryimage\",\"url\":\"https:\\\/\\\/www.office-sale.ch\\\/wp-content\\\/uploads\\\/2024\\\/09\\\/aeronB2004.jpg\",\"contentUrl\":\"https:\\\/\\\/www.office-sale.ch\\\/wp-content\\\/uploads\\\/2024\\\/09\\\/aeronB2004.jpg\",\"width\":1200,\"height\":1600},{\"@type\":\"BreadcrumbList\",\"@id\":\"https:\\\/\\\/www.office-sale.ch\\\/shop\\\/herman-miller-aeron-b-mineral\\\/#breadcrumb\",\"itemListElement\":[{\"@type\":\"ListItem\",\"position\":1,\"name\":\"Startseite\",\"item\":\"https:\\\/\\\/www.office-sale.ch\\\/\"},{\"@type\":\"ListItem\",\"position\":2,\"name\":\"Shop\",\"item\":\"https:\\\/\\\/www.office-sale.ch\\\/shop\\\/\"},{\"@type\":\"ListItem\",\"position\":3,\"name\":\"Herman Miller Aeron B Mineral\"}]},{\"@type\":\"WebSite\",\"@id\":\"https:\\\/\\\/www.office-sale.ch\\\/#website\",\"url\":\"https:\\\/\\\/www.office-sale.ch\\\/\",\"name\":\"Office Sale\",\"description\":\"\",\"publisher\":{\"@id\":\"https:\\\/\\\/www.office-sale.ch\\\/#organization\"},\"potentialAction\":[{\"@type\":\"SearchAction\",\"target\":{\"@type\":\"EntryPoint\",\"urlTemplate\":\"https:\\\/\\\/www.office-sale.ch\\\/?s={search_term_string}\"},\"query-input\":{\"@type\":\"PropertyValueSpecification\",\"valueRequired\":true,\"valueName\":\"search_term_string\"}}],\"inLanguage\":\"en-US\"},{\"@type\":\"Organization\",\"@id\":\"https:\\\/\\\/www.office-sale.ch\\\/#organization\",\"name\":\"Office Sale\",\"url\":\"https:\\\/\\\/www.office-sale.ch\\\/\",\"logo\":{\"@type\":\"ImageObject\",\"inLanguage\":\"en-US\",\"@id\":\"https:\\\/\\\/www.office-sale.ch\\\/#\\\/schema\\\/logo\\\/image\\\/\",\"url\":\"https:\\\/\\\/www.office-sale.ch\\\/wp-content\\\/uploads\\\/2024\\\/08\\\/logo-office-sale.webp\",\"contentUrl\":\"https:\\\/\\\/www.office-sale.ch\\\/wp-content\\\/uploads\\\/2024\\\/08\\\/logo-office-sale.webp\",\"width\":1431,\"height\":369,\"caption\":\"Office Sale\"},\"image\":{\"@id\":\"https:\\\/\\\/www.office-sale.ch\\\/#\\\/schema\\\/logo\\\/image\\\/\"}}]}<\/script>\n<!-- \/ Yoast SEO plugin. -->","yoast_head_json":{"title":"Herman Miller Aeron B Mineral - Office-Sale.ch","description":"Der Herman Miller Aeron Chair ist ein ergonomischer B\u00fcrostuhl, der f\u00fcr seine hohe Anpassungsf\u00e4higkeit und seinen Komfort bekannt ist. Er wurde von Bill Stumpf und Don Chadwick entworfen und ist seit den 1990er Jahren auf dem Markt. Der Aeron Chair zeichnet sich durch folgende Merkmale aus: Entwickelt im ergonomischen Design, um den R\u00fccken optimal zu unterst\u00fctzen und die Sitzhaltung zu verbessern, was besonders bei langen Arbeitszeiten hilfreich ist. Mit seinen anpassbaren Funktionen bietet der B\u00fcrostuhl \u00a0individuell einstellbare Armlehnen, Sitzh\u00f6he, R\u00fcckenlehne und Neigungswinkel. Die flexible, luftdurchl\u00e4ssige Netzstruktur passt sich dem K\u00f6rper an und sorgt f\u00fcr eine gute Luftzirkulation, wodurch \u00dcberhitzung vermieden wird. Der Stuhl ist aus hochwertigen Materialien gefertigt und f\u00fcr den dauerhaften Gebrauch konzipiert, so dass Langlebigkeit garantiert werden kann. Der Aeron Chair ist besonders bei Menschen beliebt, die viel Zeit im Sitzen verbringen, und wird h\u00e4ufig in B\u00fcros und Home-Office-Umgebungen verwendet.","robots":{"index":"index","follow":"follow","max-snippet":"max-snippet:-1","max-image-preview":"max-image-preview:large","max-video-preview":"max-video-preview:-1"},"canonical":"https:\/\/www.office-sale.ch\/en\/shop\/herman-miller-aeron-b-mineral\/","og_locale":"en_US","og_type":"article","og_title":"Herman Miller Aeron B Mineral - Office-Sale.ch","og_description":"Der Herman Miller Aeron Chair ist ein ergonomischer B\u00fcrostuhl, der f\u00fcr seine hohe Anpassungsf\u00e4higkeit und seinen Komfort bekannt ist. Er wurde von Bill Stumpf und Don Chadwick entworfen und ist seit den 1990er Jahren auf dem Markt. Der Aeron Chair zeichnet sich durch folgende Merkmale aus: Entwickelt im ergonomischen Design, um den R\u00fccken optimal zu unterst\u00fctzen und die Sitzhaltung zu verbessern, was besonders bei langen Arbeitszeiten hilfreich ist. Mit seinen anpassbaren Funktionen bietet der B\u00fcrostuhl \u00a0individuell einstellbare Armlehnen, Sitzh\u00f6he, R\u00fcckenlehne und Neigungswinkel. Die flexible, luftdurchl\u00e4ssige Netzstruktur passt sich dem K\u00f6rper an und sorgt f\u00fcr eine gute Luftzirkulation, wodurch \u00dcberhitzung vermieden wird. Der Stuhl ist aus hochwertigen Materialien gefertigt und f\u00fcr den dauerhaften Gebrauch konzipiert, so dass Langlebigkeit garantiert werden kann. Der Aeron Chair ist besonders bei Menschen beliebt, die viel Zeit im Sitzen verbringen, und wird h\u00e4ufig in B\u00fcros und Home-Office-Umgebungen verwendet.","og_url":"https:\/\/www.office-sale.ch\/en\/shop\/herman-miller-aeron-b-mineral\/","og_site_name":"Office-Sale.ch","article_modified_time":"2025-01-29T09:56:59+00:00","og_image":[{"width":1200,"height":1600,"url":"https:\/\/www.office-sale.ch\/wp-content\/uploads\/2024\/09\/aeronB2004.jpg","type":"image\/jpeg"}],"schema":{"@context":"https:\/\/schema.org","@graph":[{"@type":"WebPage","@id":"https:\/\/www.office-sale.ch\/shop\/herman-miller-aeron-b-mineral\/","url":"https:\/\/www.office-sale.ch\/shop\/herman-miller-aeron-b-mineral\/","name":"Herman Miller Aeron B Mineral - Office-Sale.ch","isPartOf":{"@id":"https:\/\/www.office-sale.ch\/#website"},"primaryImageOfPage":{"@id":"https:\/\/www.office-sale.ch\/shop\/herman-miller-aeron-b-mineral\/#primaryimage"},"image":{"@id":"https:\/\/www.office-sale.ch\/shop\/herman-miller-aeron-b-mineral\/#primaryimage"},"thumbnailUrl":"https:\/\/www.office-sale.ch\/wp-content\/uploads\/2024\/09\/aeronB2004.jpg","datePublished":"2024-09-14T10:30:11+00:00","dateModified":"2025-01-29T09:56:59+00:00","description":"Der Herman Miller Aeron Chair ist ein ergonomischer B\u00fcrostuhl, der f\u00fcr seine hohe Anpassungsf\u00e4higkeit und seinen Komfort bekannt ist. Er wurde von Bill Stumpf und Don Chadwick entworfen und ist seit den 1990er Jahren auf dem Markt. Der Aeron Chair zeichnet sich durch folgende Merkmale aus: Entwickelt im ergonomischen Design, um den R\u00fccken optimal zu unterst\u00fctzen und die Sitzhaltung zu verbessern, was besonders bei langen Arbeitszeiten hilfreich ist. Mit seinen anpassbaren Funktionen bietet der B\u00fcrostuhl \u00a0individuell einstellbare Armlehnen, Sitzh\u00f6he, R\u00fcckenlehne und Neigungswinkel. Die flexible, luftdurchl\u00e4ssige Netzstruktur passt sich dem K\u00f6rper an und sorgt f\u00fcr eine gute Luftzirkulation, wodurch \u00dcberhitzung vermieden wird. Der Stuhl ist aus hochwertigen Materialien gefertigt und f\u00fcr den dauerhaften Gebrauch konzipiert, so dass Langlebigkeit garantiert werden kann. Der Aeron Chair ist besonders bei Menschen beliebt, die viel Zeit im Sitzen verbringen, und wird h\u00e4ufig in B\u00fcros und Home-Office-Umgebungen verwendet.","breadcrumb":{"@id":"https:\/\/www.office-sale.ch\/shop\/herman-miller-aeron-b-mineral\/#breadcrumb"},"inLanguage":"en-US","potentialAction":[{"@type":"ReadAction","target":["https:\/\/www.office-sale.ch\/shop\/herman-miller-aeron-b-mineral\/"]}]},{"@type":"ImageObject","inLanguage":"en-US","@id":"https:\/\/www.office-sale.ch\/shop\/herman-miller-aeron-b-mineral\/#primaryimage","url":"https:\/\/www.office-sale.ch\/wp-content\/uploads\/2024\/09\/aeronB2004.jpg","contentUrl":"https:\/\/www.office-sale.ch\/wp-content\/uploads\/2024\/09\/aeronB2004.jpg","width":1200,"height":1600},{"@type":"BreadcrumbList","@id":"https:\/\/www.office-sale.ch\/shop\/herman-miller-aeron-b-mineral\/#breadcrumb","itemListElement":[{"@type":"ListItem","position":1,"name":"Startseite","item":"https:\/\/www.office-sale.ch\/"},{"@type":"ListItem","position":2,"name":"Shop","item":"https:\/\/www.office-sale.ch\/shop\/"},{"@type":"ListItem","position":3,"name":"Herman Miller Aeron B Mineral"}]},{"@type":"WebSite","@id":"https:\/\/www.office-sale.ch\/#website","url":"https:\/\/www.office-sale.ch\/","name":"Office Sale","description":"","publisher":{"@id":"https:\/\/www.office-sale.ch\/#organization"},"potentialAction":[{"@type":"SearchAction","target":{"@type":"EntryPoint","urlTemplate":"https:\/\/www.office-sale.ch\/?s={search_term_string}"},"query-input":{"@type":"PropertyValueSpecification","valueRequired":true,"valueName":"search_term_string"}}],"inLanguage":"en-US"},{"@type":"Organization","@id":"https:\/\/www.office-sale.ch\/#organization","name":"Office Sale","url":"https:\/\/www.office-sale.ch\/","logo":{"@type":"ImageObject","inLanguage":"en-US","@id":"https:\/\/www.office-sale.ch\/#\/schema\/logo\/image\/","url":"https:\/\/www.office-sale.ch\/wp-content\/uploads\/2024\/08\/logo-office-sale.webp","contentUrl":"https:\/\/www.office-sale.ch\/wp-content\/uploads\/2024\/08\/logo-office-sale.webp","width":1431,"height":369,"caption":"Office Sale"},"image":{"@id":"https:\/\/www.office-sale.ch\/#\/schema\/logo\/image\/"}}]}},"_links":{"self":[{"href":"https:\/\/www.office-sale.ch\/en\/wp-json\/wp\/v2\/product\/2149","targetHints":{"allow":["GET"]}}],"collection":[{"href":"https:\/\/www.office-sale.ch\/en\/wp-json\/wp\/v2\/product"}],"about":[{"href":"https:\/\/www.office-sale.ch\/en\/wp-json\/wp\/v2\/types\/product"}],"wp:featuredmedia":[{"embeddable":true,"href":"https:\/\/www.office-sale.ch\/en\/wp-json\/wp\/v2\/media\/2153"}],"wp:attachment":[{"href":"https:\/\/www.office-sale.ch\/en\/wp-json\/wp\/v2\/media?parent=2149"}],"wp:term":[{"taxonomy":"product_brand","embeddable":true,"href":"https:\/\/www.office-sale.ch\/en\/wp-json\/wp\/v2\/product_brand?post=2149"},{"taxonomy":"product_cat","embeddable":true,"href":"https:\/\/www.office-sale.ch\/en\/wp-json\/wp\/v2\/product_cat?post=2149"},{"taxonomy":"product_tag","embeddable":true,"href":"https:\/\/www.office-sale.ch\/en\/wp-json\/wp\/v2\/product_tag?post=2149"}],"curies":[{"name":"wp","href":"https:\/\/api.w.org\/{rel}","templated":true}]}}