{"id":2208,"date":"2024-09-15T16:32:14","date_gmt":"2024-09-15T14:32:14","guid":{"rendered":"https:\/\/www.office-sale.ch\/?post_type=product&#038;p=2208"},"modified":"2024-09-22T20:58:50","modified_gmt":"2024-09-22T18:58:50","slug":"herman-miller-sayl-red","status":"publish","type":"product","link":"https:\/\/www.office-sale.ch\/en\/shop\/herman-miller-sayl-red\/","title":{"rendered":"Herman Miller Sayl red"},"content":{"rendered":"<p><strong>Herman Miller Sayl Office Chair red<\/strong><\/p>\n<p><em>Der Sayl Office Chair von Herman Miller ist ein ergonomischer B\u00fcrostuhl, der f\u00fcr seine innovative, dreidimensionale R\u00fcckeneinheit bekannt ist, die flexiblen Halt und nat\u00fcrliche Bewegungsfreiheit bietet. Er verf\u00fcgt \u00fcber verstellbare Einstellungen f\u00fcr Sitzh\u00f6he, Neigung und Armlehnen, um individuellen Komfort zu gew\u00e4hrleisten. Das atmungsaktive Material f\u00f6rdert die Bel\u00fcftung und sorgt f\u00fcr zus\u00e4tzlichen Komfort. Mit seinem modernen Design und nachhaltigen Materialien ist der Sayl Chair nicht nur \u00e4sthetisch ansprechend, sondern auch umweltfreundlich und bietet ein hervorragendes Preis-Leistungsverh\u00e4ltnis.<\/em><\/p>\n<p><em>\u00a0<\/em><\/p>\n<ul>\n<li><em>Neu mit Garantie<\/em><\/li>\n<li><em>R\u00fcckensupport \/ Lumbar support<\/em><\/li>\n<li><em>Fusskreuz: schwarz<\/em><\/li>\n<li><em>Rahmen: schwarz<\/em><\/li>\n<li><em>Teppichrollen<\/em><\/li>\n<li><em>Netzr\u00fccken: rot<\/em><\/li>\n<li><em>Armpads: schwarz<\/em><\/li>\n<li><em>Sitzbezug: Phoenix Belize (rot)<\/em><\/li>\n<\/ul>","protected":false},"excerpt":{"rendered":"<p><em>Der Sayl Office Chair von Herman Miller ist ein ergonomischer B\u00fcrostuhl, der f\u00fcr seine innovative, dreidimensionale R\u00fcckeneinheit bekannt ist, die flexiblen Halt und nat\u00fcrliche Bewegungsfreiheit bietet. Er verf\u00fcgt \u00fcber verstellbare Einstellungen f\u00fcr Sitzh\u00f6he, Neigung und Armlehnen, um individuellen Komfort zu gew\u00e4hrleisten. Das atmungsaktive Material f\u00f6rdert die Bel\u00fcftung und sorgt f\u00fcr zus\u00e4tzlichen Komfort. Mit seinem modernen Design und nachhaltigen Materialien ist der Sayl Chair nicht nur \u00e4sthetisch ansprechend, sondern auch umweltfreundlich und bietet ein hervorragendes Preis-Leistungsverh\u00e4ltnis.<\/em><\/p>","protected":false},"featured_media":2212,"template":"","meta":[],"product_brand":[],"product_cat":[56,65],"product_tag":[79,140,143,139],"class_list":{"0":"post-2208","1":"product","2":"type-product","3":"status-publish","4":"has-post-thumbnail","6":"product_cat-stuehle","7":"product_cat-buerodrehstuehle","8":"product_tag-herman-miller","9":"product_tag-office-chair","10":"product_tag-red","11":"product_tag-sayl","12":"product_shipping_class-spedition","14":"first","15":"instock","16":"sale","17":"shipping-taxable","18":"purchasable","19":"product-type-simple"},"yoast_head":"<!-- This site is optimized with the Yoast SEO plugin v27.4 - https:\/\/yoast.com\/product\/yoast-seo-wordpress\/ -->\n<title>Herman Miller Sayl red - Office-Sale.ch<\/title>\n<meta name=\"description\" content=\"Der Sayl Office Chair von Herman Miller ist ein ergonomischer B\u00fcrostuhl, der f\u00fcr seine innovative, dreidimensionale R\u00fcckeneinheit bekannt ist, die flexiblen Halt und nat\u00fcrliche Bewegungsfreiheit bietet. Er verf\u00fcgt \u00fcber verstellbare Einstellungen f\u00fcr Sitzh\u00f6he, Neigung und Armlehnen, um individuellen Komfort zu gew\u00e4hrleisten. Das atmungsaktive Material f\u00f6rdert die Bel\u00fcftung und sorgt f\u00fcr zus\u00e4tzlichen Komfort. Mit seinem modernen Design und nachhaltigen Materialien ist der Sayl Chair nicht nur \u00e4sthetisch ansprechend, sondern auch umweltfreundlich und bietet ein hervorragendes Preis-Leistungsverh\u00e4ltnis.\" \/>\n<meta name=\"robots\" content=\"index, follow, max-snippet:-1, max-image-preview:large, max-video-preview:-1\" \/>\n<link rel=\"canonical\" href=\"https:\/\/www.office-sale.ch\/en\/shop\/herman-miller-sayl-red\/\" \/>\n<meta property=\"og:locale\" content=\"en_US\" \/>\n<meta property=\"og:type\" content=\"article\" \/>\n<meta property=\"og:title\" content=\"Herman Miller Sayl red - Office-Sale.ch\" \/>\n<meta property=\"og:description\" content=\"Der Sayl Office Chair von Herman Miller ist ein ergonomischer B\u00fcrostuhl, der f\u00fcr seine innovative, dreidimensionale R\u00fcckeneinheit bekannt ist, die flexiblen Halt und nat\u00fcrliche Bewegungsfreiheit bietet. Er verf\u00fcgt \u00fcber verstellbare Einstellungen f\u00fcr Sitzh\u00f6he, Neigung und Armlehnen, um individuellen Komfort zu gew\u00e4hrleisten. Das atmungsaktive Material f\u00f6rdert die Bel\u00fcftung und sorgt f\u00fcr zus\u00e4tzlichen Komfort. Mit seinem modernen Design und nachhaltigen Materialien ist der Sayl Chair nicht nur \u00e4sthetisch ansprechend, sondern auch umweltfreundlich und bietet ein hervorragendes Preis-Leistungsverh\u00e4ltnis.\" \/>\n<meta property=\"og:url\" content=\"https:\/\/www.office-sale.ch\/en\/shop\/herman-miller-sayl-red\/\" \/>\n<meta property=\"og:site_name\" content=\"Office-Sale.ch\" \/>\n<meta property=\"article:modified_time\" content=\"2024-09-22T18:58:50+00:00\" \/>\n<meta property=\"og:image\" content=\"https:\/\/www.office-sale.ch\/wp-content\/uploads\/2024\/09\/sayl2013.jpg\" \/>\n\t<meta property=\"og:image:width\" content=\"1200\" \/>\n\t<meta property=\"og:image:height\" content=\"1600\" \/>\n\t<meta property=\"og:image:type\" content=\"image\/jpeg\" \/>\n<script type=\"application\/ld+json\" class=\"yoast-schema-graph\">{\"@context\":\"https:\\\/\\\/schema.org\",\"@graph\":[{\"@type\":\"WebPage\",\"@id\":\"https:\\\/\\\/www.office-sale.ch\\\/shop\\\/herman-miller-sayl-red\\\/\",\"url\":\"https:\\\/\\\/www.office-sale.ch\\\/shop\\\/herman-miller-sayl-red\\\/\",\"name\":\"Herman Miller Sayl red - Office-Sale.ch\",\"isPartOf\":{\"@id\":\"https:\\\/\\\/www.office-sale.ch\\\/#website\"},\"primaryImageOfPage\":{\"@id\":\"https:\\\/\\\/www.office-sale.ch\\\/shop\\\/herman-miller-sayl-red\\\/#primaryimage\"},\"image\":{\"@id\":\"https:\\\/\\\/www.office-sale.ch\\\/shop\\\/herman-miller-sayl-red\\\/#primaryimage\"},\"thumbnailUrl\":\"https:\\\/\\\/www.office-sale.ch\\\/wp-content\\\/uploads\\\/2024\\\/09\\\/sayl2013.jpg\",\"datePublished\":\"2024-09-15T14:32:14+00:00\",\"dateModified\":\"2024-09-22T18:58:50+00:00\",\"description\":\"Der Sayl Office Chair von Herman Miller ist ein ergonomischer B\u00fcrostuhl, der f\u00fcr seine innovative, dreidimensionale R\u00fcckeneinheit bekannt ist, die flexiblen Halt und nat\u00fcrliche Bewegungsfreiheit bietet. Er verf\u00fcgt \u00fcber verstellbare Einstellungen f\u00fcr Sitzh\u00f6he, Neigung und Armlehnen, um individuellen Komfort zu gew\u00e4hrleisten. Das atmungsaktive Material f\u00f6rdert die Bel\u00fcftung und sorgt f\u00fcr zus\u00e4tzlichen Komfort. Mit seinem modernen Design und nachhaltigen Materialien ist der Sayl Chair nicht nur \u00e4sthetisch ansprechend, sondern auch umweltfreundlich und bietet ein hervorragendes Preis-Leistungsverh\u00e4ltnis.\",\"breadcrumb\":{\"@id\":\"https:\\\/\\\/www.office-sale.ch\\\/shop\\\/herman-miller-sayl-red\\\/#breadcrumb\"},\"inLanguage\":\"en-US\",\"potentialAction\":[{\"@type\":\"ReadAction\",\"target\":[\"https:\\\/\\\/www.office-sale.ch\\\/shop\\\/herman-miller-sayl-red\\\/\"]}]},{\"@type\":\"ImageObject\",\"inLanguage\":\"en-US\",\"@id\":\"https:\\\/\\\/www.office-sale.ch\\\/shop\\\/herman-miller-sayl-red\\\/#primaryimage\",\"url\":\"https:\\\/\\\/www.office-sale.ch\\\/wp-content\\\/uploads\\\/2024\\\/09\\\/sayl2013.jpg\",\"contentUrl\":\"https:\\\/\\\/www.office-sale.ch\\\/wp-content\\\/uploads\\\/2024\\\/09\\\/sayl2013.jpg\",\"width\":1200,\"height\":1600},{\"@type\":\"BreadcrumbList\",\"@id\":\"https:\\\/\\\/www.office-sale.ch\\\/shop\\\/herman-miller-sayl-red\\\/#breadcrumb\",\"itemListElement\":[{\"@type\":\"ListItem\",\"position\":1,\"name\":\"Startseite\",\"item\":\"https:\\\/\\\/www.office-sale.ch\\\/\"},{\"@type\":\"ListItem\",\"position\":2,\"name\":\"Shop\",\"item\":\"https:\\\/\\\/www.office-sale.ch\\\/shop\\\/\"},{\"@type\":\"ListItem\",\"position\":3,\"name\":\"Herman Miller Sayl red\"}]},{\"@type\":\"WebSite\",\"@id\":\"https:\\\/\\\/www.office-sale.ch\\\/#website\",\"url\":\"https:\\\/\\\/www.office-sale.ch\\\/\",\"name\":\"Office Sale\",\"description\":\"\",\"publisher\":{\"@id\":\"https:\\\/\\\/www.office-sale.ch\\\/#organization\"},\"potentialAction\":[{\"@type\":\"SearchAction\",\"target\":{\"@type\":\"EntryPoint\",\"urlTemplate\":\"https:\\\/\\\/www.office-sale.ch\\\/?s={search_term_string}\"},\"query-input\":{\"@type\":\"PropertyValueSpecification\",\"valueRequired\":true,\"valueName\":\"search_term_string\"}}],\"inLanguage\":\"en-US\"},{\"@type\":\"Organization\",\"@id\":\"https:\\\/\\\/www.office-sale.ch\\\/#organization\",\"name\":\"Office Sale\",\"url\":\"https:\\\/\\\/www.office-sale.ch\\\/\",\"logo\":{\"@type\":\"ImageObject\",\"inLanguage\":\"en-US\",\"@id\":\"https:\\\/\\\/www.office-sale.ch\\\/#\\\/schema\\\/logo\\\/image\\\/\",\"url\":\"https:\\\/\\\/www.office-sale.ch\\\/wp-content\\\/uploads\\\/2024\\\/08\\\/logo-office-sale.webp\",\"contentUrl\":\"https:\\\/\\\/www.office-sale.ch\\\/wp-content\\\/uploads\\\/2024\\\/08\\\/logo-office-sale.webp\",\"width\":1431,\"height\":369,\"caption\":\"Office Sale\"},\"image\":{\"@id\":\"https:\\\/\\\/www.office-sale.ch\\\/#\\\/schema\\\/logo\\\/image\\\/\"}}]}<\/script>\n<!-- \/ Yoast SEO plugin. -->","yoast_head_json":{"title":"Herman Miller Sayl red - Office-Sale.ch","description":"Der Sayl Office Chair von Herman Miller ist ein ergonomischer B\u00fcrostuhl, der f\u00fcr seine innovative, dreidimensionale R\u00fcckeneinheit bekannt ist, die flexiblen Halt und nat\u00fcrliche Bewegungsfreiheit bietet. Er verf\u00fcgt \u00fcber verstellbare Einstellungen f\u00fcr Sitzh\u00f6he, Neigung und Armlehnen, um individuellen Komfort zu gew\u00e4hrleisten. Das atmungsaktive Material f\u00f6rdert die Bel\u00fcftung und sorgt f\u00fcr zus\u00e4tzlichen Komfort. Mit seinem modernen Design und nachhaltigen Materialien ist der Sayl Chair nicht nur \u00e4sthetisch ansprechend, sondern auch umweltfreundlich und bietet ein hervorragendes Preis-Leistungsverh\u00e4ltnis.","robots":{"index":"index","follow":"follow","max-snippet":"max-snippet:-1","max-image-preview":"max-image-preview:large","max-video-preview":"max-video-preview:-1"},"canonical":"https:\/\/www.office-sale.ch\/en\/shop\/herman-miller-sayl-red\/","og_locale":"en_US","og_type":"article","og_title":"Herman Miller Sayl red - Office-Sale.ch","og_description":"Der Sayl Office Chair von Herman Miller ist ein ergonomischer B\u00fcrostuhl, der f\u00fcr seine innovative, dreidimensionale R\u00fcckeneinheit bekannt ist, die flexiblen Halt und nat\u00fcrliche Bewegungsfreiheit bietet. Er verf\u00fcgt \u00fcber verstellbare Einstellungen f\u00fcr Sitzh\u00f6he, Neigung und Armlehnen, um individuellen Komfort zu gew\u00e4hrleisten. Das atmungsaktive Material f\u00f6rdert die Bel\u00fcftung und sorgt f\u00fcr zus\u00e4tzlichen Komfort. Mit seinem modernen Design und nachhaltigen Materialien ist der Sayl Chair nicht nur \u00e4sthetisch ansprechend, sondern auch umweltfreundlich und bietet ein hervorragendes Preis-Leistungsverh\u00e4ltnis.","og_url":"https:\/\/www.office-sale.ch\/en\/shop\/herman-miller-sayl-red\/","og_site_name":"Office-Sale.ch","article_modified_time":"2024-09-22T18:58:50+00:00","og_image":[{"width":1200,"height":1600,"url":"https:\/\/www.office-sale.ch\/wp-content\/uploads\/2024\/09\/sayl2013.jpg","type":"image\/jpeg"}],"schema":{"@context":"https:\/\/schema.org","@graph":[{"@type":"WebPage","@id":"https:\/\/www.office-sale.ch\/shop\/herman-miller-sayl-red\/","url":"https:\/\/www.office-sale.ch\/shop\/herman-miller-sayl-red\/","name":"Herman Miller Sayl red - Office-Sale.ch","isPartOf":{"@id":"https:\/\/www.office-sale.ch\/#website"},"primaryImageOfPage":{"@id":"https:\/\/www.office-sale.ch\/shop\/herman-miller-sayl-red\/#primaryimage"},"image":{"@id":"https:\/\/www.office-sale.ch\/shop\/herman-miller-sayl-red\/#primaryimage"},"thumbnailUrl":"https:\/\/www.office-sale.ch\/wp-content\/uploads\/2024\/09\/sayl2013.jpg","datePublished":"2024-09-15T14:32:14+00:00","dateModified":"2024-09-22T18:58:50+00:00","description":"Der Sayl Office Chair von Herman Miller ist ein ergonomischer B\u00fcrostuhl, der f\u00fcr seine innovative, dreidimensionale R\u00fcckeneinheit bekannt ist, die flexiblen Halt und nat\u00fcrliche Bewegungsfreiheit bietet. Er verf\u00fcgt \u00fcber verstellbare Einstellungen f\u00fcr Sitzh\u00f6he, Neigung und Armlehnen, um individuellen Komfort zu gew\u00e4hrleisten. Das atmungsaktive Material f\u00f6rdert die Bel\u00fcftung und sorgt f\u00fcr zus\u00e4tzlichen Komfort. Mit seinem modernen Design und nachhaltigen Materialien ist der Sayl Chair nicht nur \u00e4sthetisch ansprechend, sondern auch umweltfreundlich und bietet ein hervorragendes Preis-Leistungsverh\u00e4ltnis.","breadcrumb":{"@id":"https:\/\/www.office-sale.ch\/shop\/herman-miller-sayl-red\/#breadcrumb"},"inLanguage":"en-US","potentialAction":[{"@type":"ReadAction","target":["https:\/\/www.office-sale.ch\/shop\/herman-miller-sayl-red\/"]}]},{"@type":"ImageObject","inLanguage":"en-US","@id":"https:\/\/www.office-sale.ch\/shop\/herman-miller-sayl-red\/#primaryimage","url":"https:\/\/www.office-sale.ch\/wp-content\/uploads\/2024\/09\/sayl2013.jpg","contentUrl":"https:\/\/www.office-sale.ch\/wp-content\/uploads\/2024\/09\/sayl2013.jpg","width":1200,"height":1600},{"@type":"BreadcrumbList","@id":"https:\/\/www.office-sale.ch\/shop\/herman-miller-sayl-red\/#breadcrumb","itemListElement":[{"@type":"ListItem","position":1,"name":"Startseite","item":"https:\/\/www.office-sale.ch\/"},{"@type":"ListItem","position":2,"name":"Shop","item":"https:\/\/www.office-sale.ch\/shop\/"},{"@type":"ListItem","position":3,"name":"Herman Miller Sayl red"}]},{"@type":"WebSite","@id":"https:\/\/www.office-sale.ch\/#website","url":"https:\/\/www.office-sale.ch\/","name":"Office Sale","description":"","publisher":{"@id":"https:\/\/www.office-sale.ch\/#organization"},"potentialAction":[{"@type":"SearchAction","target":{"@type":"EntryPoint","urlTemplate":"https:\/\/www.office-sale.ch\/?s={search_term_string}"},"query-input":{"@type":"PropertyValueSpecification","valueRequired":true,"valueName":"search_term_string"}}],"inLanguage":"en-US"},{"@type":"Organization","@id":"https:\/\/www.office-sale.ch\/#organization","name":"Office Sale","url":"https:\/\/www.office-sale.ch\/","logo":{"@type":"ImageObject","inLanguage":"en-US","@id":"https:\/\/www.office-sale.ch\/#\/schema\/logo\/image\/","url":"https:\/\/www.office-sale.ch\/wp-content\/uploads\/2024\/08\/logo-office-sale.webp","contentUrl":"https:\/\/www.office-sale.ch\/wp-content\/uploads\/2024\/08\/logo-office-sale.webp","width":1431,"height":369,"caption":"Office Sale"},"image":{"@id":"https:\/\/www.office-sale.ch\/#\/schema\/logo\/image\/"}}]}},"_links":{"self":[{"href":"https:\/\/www.office-sale.ch\/en\/wp-json\/wp\/v2\/product\/2208","targetHints":{"allow":["GET"]}}],"collection":[{"href":"https:\/\/www.office-sale.ch\/en\/wp-json\/wp\/v2\/product"}],"about":[{"href":"https:\/\/www.office-sale.ch\/en\/wp-json\/wp\/v2\/types\/product"}],"wp:featuredmedia":[{"embeddable":true,"href":"https:\/\/www.office-sale.ch\/en\/wp-json\/wp\/v2\/media\/2212"}],"wp:attachment":[{"href":"https:\/\/www.office-sale.ch\/en\/wp-json\/wp\/v2\/media?parent=2208"}],"wp:term":[{"taxonomy":"product_brand","embeddable":true,"href":"https:\/\/www.office-sale.ch\/en\/wp-json\/wp\/v2\/product_brand?post=2208"},{"taxonomy":"product_cat","embeddable":true,"href":"https:\/\/www.office-sale.ch\/en\/wp-json\/wp\/v2\/product_cat?post=2208"},{"taxonomy":"product_tag","embeddable":true,"href":"https:\/\/www.office-sale.ch\/en\/wp-json\/wp\/v2\/product_tag?post=2208"}],"curies":[{"name":"wp","href":"https:\/\/api.w.org\/{rel}","templated":true}]}}