{"id":2286,"date":"2024-09-18T11:47:02","date_gmt":"2024-09-18T09:47:02","guid":{"rendered":"https:\/\/www.office-sale.ch\/?post_type=product&#038;p=2286"},"modified":"2024-09-22T18:34:55","modified_gmt":"2024-09-22T16:34:55","slug":"herman-miller-cosm-graphite-low","status":"publish","type":"product","link":"https:\/\/www.office-sale.ch\/en\/shop\/herman-miller-cosm-graphite-low\/","title":{"rendered":"Herman Miller Cosm Graphite Low"},"content":{"rendered":"<p><strong>Herman Miller Cosm Graphite Low<\/strong><\/p>\n<p>&nbsp;<\/p>\n<p><em>Der Herman Miller Cosm ist ein innovativer B\u00fcrostuhl, der sich durch sein modernes Design und seinen hohen Komfort auszeichnet. Er bietet eine automatische Anpassung an den Nutzer, was bedeutet, dass keine manuelle Einstellung von Neigung oder R\u00fcckenlehne erforderlich ist. Mit seiner flexiblen Rahmenkonstruktion und der atmungsaktiven Netzr\u00fcckenlehne bietet er sowohl Unterst\u00fctzung als auch Bewegungsfreiheit. Besonders hervorzuheben ist die Auto-Harmonic\u2122 Tilt-Technologie, die eine nat\u00fcrliche, gleichm\u00e4\u00dfige R\u00fcckw\u00e4rtsneigung erm\u00f6glicht und den Druck gleichm\u00e4\u00dfig verteilt. Dank der ergonomischen Konstruktion wird die Wirbels\u00e4ule unterst\u00fctzt, was Verspannungen und R\u00fcckenschmerzen vorbeugt. Der Stuhl f\u00f6rdert eine gesunde Sitzhaltung. Insgesamt vereint der Herman Miller Cosm modernste Ergonomie, Design und Technologie f\u00fcr komfortables, gesundes und produktives Sitzen.<\/em><\/p>\n<p>&nbsp;<\/p>\n<ul>\n<li><em>Neu mit Garantie<\/em><\/li>\n<li><em>Sitzrahmen: Finish Graphite<\/em><\/li>\n<li><em>Fusskreuz: Finish Graphite<\/em><\/li>\n<li><em>Chassis: Finish Graphite<\/em><\/li>\n<li><em>Hartbodenrollen<\/em><\/li>\n<li><em>Bezug: Graphite<\/em><\/li>\n<\/ul>","protected":false},"excerpt":{"rendered":"<p><em>Der Herman Miller Cosm ist ein ergonomischer B\u00fcrostuhl, der durch sein innovatives Design und automatischen Komfort beeindruckt. Entwickelt vom Studio 7.5, bietet der Stuhl die Auto-Harmonic Tilt-Technologie, die sich automatisch an den K\u00f6rper des Nutzers anpasst, ohne dass manuelle Einstellungen n\u00f6tig sind. Seine flexible, atmungsaktive R\u00fcckenlehne und der nahtlose Sitz sorgen f\u00fcr hohen Komfort und Unterst\u00fctzung. Der Cosm ist in verschiedenen Farben und Ausf\u00fchrungen erh\u00e4ltlich und zeichnet sich durch seinen stilvollen, modernen Look und au\u00dfergew\u00f6hnliche Benutzerfreundlichkeit aus.<\/em><\/p>","protected":false},"featured_media":2289,"template":"","meta":[],"product_brand":[],"product_cat":[56,65],"product_tag":[148,101,79],"class_list":{"0":"post-2286","1":"product","2":"type-product","3":"status-publish","4":"has-post-thumbnail","6":"product_cat-stuehle","7":"product_cat-buerodrehstuehle","8":"product_tag-cosm","9":"product_tag-graphite-dark","10":"product_tag-herman-miller","11":"product_shipping_class-spedition","13":"first","14":"instock","15":"sale","16":"shipping-taxable","17":"purchasable","18":"product-type-simple"},"yoast_head":"<!-- This site is optimized with the Yoast SEO plugin v27.4 - https:\/\/yoast.com\/product\/yoast-seo-wordpress\/ -->\n<title>Herman Miller Cosm Graphite Low - Office-Sale.ch<\/title>\n<meta name=\"description\" content=\"Der Herman Miller Cosm ist ein innovativer B\u00fcrostuhl, der sich durch sein modernes Design und seinen hohen Komfort auszeichnet. Er bietet eine automatische Anpassung an den Nutzer, was bedeutet, dass keine manuelle Einstellung von Neigung oder R\u00fcckenlehne erforderlich ist. Mit seiner flexiblen Rahmenkonstruktion und der atmungsaktiven Netzr\u00fcckenlehne bietet er sowohl Unterst\u00fctzung als auch Bewegungsfreiheit. Besonders hervorzuheben ist die Auto-Harmonic\u2122 Tilt-Technologie, die eine nat\u00fcrliche, gleichm\u00e4\u00dfige R\u00fcckw\u00e4rtsneigung erm\u00f6glicht und den Druck gleichm\u00e4\u00dfig verteilt. Dank der ergonomischen Konstruktion wird die Wirbels\u00e4ule unterst\u00fctzt, was Verspannungen und R\u00fcckenschmerzen vorbeugt. Der Stuhl f\u00f6rdert eine gesunde Sitzhaltung. Insgesamt vereint der Herman Miller Cosm modernste Ergonomie, Design und Technologie f\u00fcr komfortables, gesundes und produktives Sitzen.\" \/>\n<meta name=\"robots\" content=\"index, follow, max-snippet:-1, max-image-preview:large, max-video-preview:-1\" \/>\n<link rel=\"canonical\" href=\"https:\/\/www.office-sale.ch\/en\/shop\/herman-miller-cosm-graphite-low\/\" \/>\n<meta property=\"og:locale\" content=\"en_US\" \/>\n<meta property=\"og:type\" content=\"article\" \/>\n<meta property=\"og:title\" content=\"Herman Miller Cosm Graphite Low - Office-Sale.ch\" \/>\n<meta property=\"og:description\" content=\"Der Herman Miller Cosm ist ein innovativer B\u00fcrostuhl, der sich durch sein modernes Design und seinen hohen Komfort auszeichnet. Er bietet eine automatische Anpassung an den Nutzer, was bedeutet, dass keine manuelle Einstellung von Neigung oder R\u00fcckenlehne erforderlich ist. Mit seiner flexiblen Rahmenkonstruktion und der atmungsaktiven Netzr\u00fcckenlehne bietet er sowohl Unterst\u00fctzung als auch Bewegungsfreiheit. Besonders hervorzuheben ist die Auto-Harmonic\u2122 Tilt-Technologie, die eine nat\u00fcrliche, gleichm\u00e4\u00dfige R\u00fcckw\u00e4rtsneigung erm\u00f6glicht und den Druck gleichm\u00e4\u00dfig verteilt. Dank der ergonomischen Konstruktion wird die Wirbels\u00e4ule unterst\u00fctzt, was Verspannungen und R\u00fcckenschmerzen vorbeugt. Der Stuhl f\u00f6rdert eine gesunde Sitzhaltung. Insgesamt vereint der Herman Miller Cosm modernste Ergonomie, Design und Technologie f\u00fcr komfortables, gesundes und produktives Sitzen.\" \/>\n<meta property=\"og:url\" content=\"https:\/\/www.office-sale.ch\/en\/shop\/herman-miller-cosm-graphite-low\/\" \/>\n<meta property=\"og:site_name\" content=\"Office-Sale.ch\" \/>\n<meta property=\"article:modified_time\" content=\"2024-09-22T16:34:55+00:00\" \/>\n<meta property=\"og:image\" content=\"https:\/\/www.office-sale.ch\/wp-content\/uploads\/2024\/09\/cosm2030.jpg\" \/>\n\t<meta property=\"og:image:width\" content=\"1200\" \/>\n\t<meta property=\"og:image:height\" content=\"1600\" \/>\n\t<meta property=\"og:image:type\" content=\"image\/jpeg\" \/>\n<script type=\"application\/ld+json\" class=\"yoast-schema-graph\">{\"@context\":\"https:\\\/\\\/schema.org\",\"@graph\":[{\"@type\":\"WebPage\",\"@id\":\"https:\\\/\\\/www.office-sale.ch\\\/shop\\\/herman-miller-cosm-graphite-low\\\/\",\"url\":\"https:\\\/\\\/www.office-sale.ch\\\/shop\\\/herman-miller-cosm-graphite-low\\\/\",\"name\":\"Herman Miller Cosm Graphite Low - Office-Sale.ch\",\"isPartOf\":{\"@id\":\"https:\\\/\\\/www.office-sale.ch\\\/#website\"},\"primaryImageOfPage\":{\"@id\":\"https:\\\/\\\/www.office-sale.ch\\\/shop\\\/herman-miller-cosm-graphite-low\\\/#primaryimage\"},\"image\":{\"@id\":\"https:\\\/\\\/www.office-sale.ch\\\/shop\\\/herman-miller-cosm-graphite-low\\\/#primaryimage\"},\"thumbnailUrl\":\"https:\\\/\\\/www.office-sale.ch\\\/wp-content\\\/uploads\\\/2024\\\/09\\\/cosm2030.jpg\",\"datePublished\":\"2024-09-18T09:47:02+00:00\",\"dateModified\":\"2024-09-22T16:34:55+00:00\",\"description\":\"Der Herman Miller Cosm ist ein innovativer B\u00fcrostuhl, der sich durch sein modernes Design und seinen hohen Komfort auszeichnet. Er bietet eine automatische Anpassung an den Nutzer, was bedeutet, dass keine manuelle Einstellung von Neigung oder R\u00fcckenlehne erforderlich ist. Mit seiner flexiblen Rahmenkonstruktion und der atmungsaktiven Netzr\u00fcckenlehne bietet er sowohl Unterst\u00fctzung als auch Bewegungsfreiheit. Besonders hervorzuheben ist die Auto-Harmonic\u2122 Tilt-Technologie, die eine nat\u00fcrliche, gleichm\u00e4\u00dfige R\u00fcckw\u00e4rtsneigung erm\u00f6glicht und den Druck gleichm\u00e4\u00dfig verteilt. Dank der ergonomischen Konstruktion wird die Wirbels\u00e4ule unterst\u00fctzt, was Verspannungen und R\u00fcckenschmerzen vorbeugt. Der Stuhl f\u00f6rdert eine gesunde Sitzhaltung. Insgesamt vereint der Herman Miller Cosm modernste Ergonomie, Design und Technologie f\u00fcr komfortables, gesundes und produktives Sitzen.\",\"breadcrumb\":{\"@id\":\"https:\\\/\\\/www.office-sale.ch\\\/shop\\\/herman-miller-cosm-graphite-low\\\/#breadcrumb\"},\"inLanguage\":\"en-US\",\"potentialAction\":[{\"@type\":\"ReadAction\",\"target\":[\"https:\\\/\\\/www.office-sale.ch\\\/shop\\\/herman-miller-cosm-graphite-low\\\/\"]}]},{\"@type\":\"ImageObject\",\"inLanguage\":\"en-US\",\"@id\":\"https:\\\/\\\/www.office-sale.ch\\\/shop\\\/herman-miller-cosm-graphite-low\\\/#primaryimage\",\"url\":\"https:\\\/\\\/www.office-sale.ch\\\/wp-content\\\/uploads\\\/2024\\\/09\\\/cosm2030.jpg\",\"contentUrl\":\"https:\\\/\\\/www.office-sale.ch\\\/wp-content\\\/uploads\\\/2024\\\/09\\\/cosm2030.jpg\",\"width\":1200,\"height\":1600},{\"@type\":\"BreadcrumbList\",\"@id\":\"https:\\\/\\\/www.office-sale.ch\\\/shop\\\/herman-miller-cosm-graphite-low\\\/#breadcrumb\",\"itemListElement\":[{\"@type\":\"ListItem\",\"position\":1,\"name\":\"Startseite\",\"item\":\"https:\\\/\\\/www.office-sale.ch\\\/\"},{\"@type\":\"ListItem\",\"position\":2,\"name\":\"Shop\",\"item\":\"https:\\\/\\\/www.office-sale.ch\\\/shop\\\/\"},{\"@type\":\"ListItem\",\"position\":3,\"name\":\"Herman Miller Cosm Graphite Low\"}]},{\"@type\":\"WebSite\",\"@id\":\"https:\\\/\\\/www.office-sale.ch\\\/#website\",\"url\":\"https:\\\/\\\/www.office-sale.ch\\\/\",\"name\":\"Office Sale\",\"description\":\"\",\"publisher\":{\"@id\":\"https:\\\/\\\/www.office-sale.ch\\\/#organization\"},\"potentialAction\":[{\"@type\":\"SearchAction\",\"target\":{\"@type\":\"EntryPoint\",\"urlTemplate\":\"https:\\\/\\\/www.office-sale.ch\\\/?s={search_term_string}\"},\"query-input\":{\"@type\":\"PropertyValueSpecification\",\"valueRequired\":true,\"valueName\":\"search_term_string\"}}],\"inLanguage\":\"en-US\"},{\"@type\":\"Organization\",\"@id\":\"https:\\\/\\\/www.office-sale.ch\\\/#organization\",\"name\":\"Office Sale\",\"url\":\"https:\\\/\\\/www.office-sale.ch\\\/\",\"logo\":{\"@type\":\"ImageObject\",\"inLanguage\":\"en-US\",\"@id\":\"https:\\\/\\\/www.office-sale.ch\\\/#\\\/schema\\\/logo\\\/image\\\/\",\"url\":\"https:\\\/\\\/www.office-sale.ch\\\/wp-content\\\/uploads\\\/2024\\\/08\\\/logo-office-sale.webp\",\"contentUrl\":\"https:\\\/\\\/www.office-sale.ch\\\/wp-content\\\/uploads\\\/2024\\\/08\\\/logo-office-sale.webp\",\"width\":1431,\"height\":369,\"caption\":\"Office Sale\"},\"image\":{\"@id\":\"https:\\\/\\\/www.office-sale.ch\\\/#\\\/schema\\\/logo\\\/image\\\/\"}}]}<\/script>\n<!-- \/ Yoast SEO plugin. -->","yoast_head_json":{"title":"Herman Miller Cosm Graphite Low - Office-Sale.ch","description":"Der Herman Miller Cosm ist ein innovativer B\u00fcrostuhl, der sich durch sein modernes Design und seinen hohen Komfort auszeichnet. Er bietet eine automatische Anpassung an den Nutzer, was bedeutet, dass keine manuelle Einstellung von Neigung oder R\u00fcckenlehne erforderlich ist. Mit seiner flexiblen Rahmenkonstruktion und der atmungsaktiven Netzr\u00fcckenlehne bietet er sowohl Unterst\u00fctzung als auch Bewegungsfreiheit. Besonders hervorzuheben ist die Auto-Harmonic\u2122 Tilt-Technologie, die eine nat\u00fcrliche, gleichm\u00e4\u00dfige R\u00fcckw\u00e4rtsneigung erm\u00f6glicht und den Druck gleichm\u00e4\u00dfig verteilt. Dank der ergonomischen Konstruktion wird die Wirbels\u00e4ule unterst\u00fctzt, was Verspannungen und R\u00fcckenschmerzen vorbeugt. Der Stuhl f\u00f6rdert eine gesunde Sitzhaltung. Insgesamt vereint der Herman Miller Cosm modernste Ergonomie, Design und Technologie f\u00fcr komfortables, gesundes und produktives Sitzen.","robots":{"index":"index","follow":"follow","max-snippet":"max-snippet:-1","max-image-preview":"max-image-preview:large","max-video-preview":"max-video-preview:-1"},"canonical":"https:\/\/www.office-sale.ch\/en\/shop\/herman-miller-cosm-graphite-low\/","og_locale":"en_US","og_type":"article","og_title":"Herman Miller Cosm Graphite Low - Office-Sale.ch","og_description":"Der Herman Miller Cosm ist ein innovativer B\u00fcrostuhl, der sich durch sein modernes Design und seinen hohen Komfort auszeichnet. Er bietet eine automatische Anpassung an den Nutzer, was bedeutet, dass keine manuelle Einstellung von Neigung oder R\u00fcckenlehne erforderlich ist. Mit seiner flexiblen Rahmenkonstruktion und der atmungsaktiven Netzr\u00fcckenlehne bietet er sowohl Unterst\u00fctzung als auch Bewegungsfreiheit. Besonders hervorzuheben ist die Auto-Harmonic\u2122 Tilt-Technologie, die eine nat\u00fcrliche, gleichm\u00e4\u00dfige R\u00fcckw\u00e4rtsneigung erm\u00f6glicht und den Druck gleichm\u00e4\u00dfig verteilt. Dank der ergonomischen Konstruktion wird die Wirbels\u00e4ule unterst\u00fctzt, was Verspannungen und R\u00fcckenschmerzen vorbeugt. Der Stuhl f\u00f6rdert eine gesunde Sitzhaltung. Insgesamt vereint der Herman Miller Cosm modernste Ergonomie, Design und Technologie f\u00fcr komfortables, gesundes und produktives Sitzen.","og_url":"https:\/\/www.office-sale.ch\/en\/shop\/herman-miller-cosm-graphite-low\/","og_site_name":"Office-Sale.ch","article_modified_time":"2024-09-22T16:34:55+00:00","og_image":[{"width":1200,"height":1600,"url":"https:\/\/www.office-sale.ch\/wp-content\/uploads\/2024\/09\/cosm2030.jpg","type":"image\/jpeg"}],"schema":{"@context":"https:\/\/schema.org","@graph":[{"@type":"WebPage","@id":"https:\/\/www.office-sale.ch\/shop\/herman-miller-cosm-graphite-low\/","url":"https:\/\/www.office-sale.ch\/shop\/herman-miller-cosm-graphite-low\/","name":"Herman Miller Cosm Graphite Low - Office-Sale.ch","isPartOf":{"@id":"https:\/\/www.office-sale.ch\/#website"},"primaryImageOfPage":{"@id":"https:\/\/www.office-sale.ch\/shop\/herman-miller-cosm-graphite-low\/#primaryimage"},"image":{"@id":"https:\/\/www.office-sale.ch\/shop\/herman-miller-cosm-graphite-low\/#primaryimage"},"thumbnailUrl":"https:\/\/www.office-sale.ch\/wp-content\/uploads\/2024\/09\/cosm2030.jpg","datePublished":"2024-09-18T09:47:02+00:00","dateModified":"2024-09-22T16:34:55+00:00","description":"Der Herman Miller Cosm ist ein innovativer B\u00fcrostuhl, der sich durch sein modernes Design und seinen hohen Komfort auszeichnet. Er bietet eine automatische Anpassung an den Nutzer, was bedeutet, dass keine manuelle Einstellung von Neigung oder R\u00fcckenlehne erforderlich ist. Mit seiner flexiblen Rahmenkonstruktion und der atmungsaktiven Netzr\u00fcckenlehne bietet er sowohl Unterst\u00fctzung als auch Bewegungsfreiheit. Besonders hervorzuheben ist die Auto-Harmonic\u2122 Tilt-Technologie, die eine nat\u00fcrliche, gleichm\u00e4\u00dfige R\u00fcckw\u00e4rtsneigung erm\u00f6glicht und den Druck gleichm\u00e4\u00dfig verteilt. Dank der ergonomischen Konstruktion wird die Wirbels\u00e4ule unterst\u00fctzt, was Verspannungen und R\u00fcckenschmerzen vorbeugt. Der Stuhl f\u00f6rdert eine gesunde Sitzhaltung. Insgesamt vereint der Herman Miller Cosm modernste Ergonomie, Design und Technologie f\u00fcr komfortables, gesundes und produktives Sitzen.","breadcrumb":{"@id":"https:\/\/www.office-sale.ch\/shop\/herman-miller-cosm-graphite-low\/#breadcrumb"},"inLanguage":"en-US","potentialAction":[{"@type":"ReadAction","target":["https:\/\/www.office-sale.ch\/shop\/herman-miller-cosm-graphite-low\/"]}]},{"@type":"ImageObject","inLanguage":"en-US","@id":"https:\/\/www.office-sale.ch\/shop\/herman-miller-cosm-graphite-low\/#primaryimage","url":"https:\/\/www.office-sale.ch\/wp-content\/uploads\/2024\/09\/cosm2030.jpg","contentUrl":"https:\/\/www.office-sale.ch\/wp-content\/uploads\/2024\/09\/cosm2030.jpg","width":1200,"height":1600},{"@type":"BreadcrumbList","@id":"https:\/\/www.office-sale.ch\/shop\/herman-miller-cosm-graphite-low\/#breadcrumb","itemListElement":[{"@type":"ListItem","position":1,"name":"Startseite","item":"https:\/\/www.office-sale.ch\/"},{"@type":"ListItem","position":2,"name":"Shop","item":"https:\/\/www.office-sale.ch\/shop\/"},{"@type":"ListItem","position":3,"name":"Herman Miller Cosm Graphite Low"}]},{"@type":"WebSite","@id":"https:\/\/www.office-sale.ch\/#website","url":"https:\/\/www.office-sale.ch\/","name":"Office Sale","description":"","publisher":{"@id":"https:\/\/www.office-sale.ch\/#organization"},"potentialAction":[{"@type":"SearchAction","target":{"@type":"EntryPoint","urlTemplate":"https:\/\/www.office-sale.ch\/?s={search_term_string}"},"query-input":{"@type":"PropertyValueSpecification","valueRequired":true,"valueName":"search_term_string"}}],"inLanguage":"en-US"},{"@type":"Organization","@id":"https:\/\/www.office-sale.ch\/#organization","name":"Office Sale","url":"https:\/\/www.office-sale.ch\/","logo":{"@type":"ImageObject","inLanguage":"en-US","@id":"https:\/\/www.office-sale.ch\/#\/schema\/logo\/image\/","url":"https:\/\/www.office-sale.ch\/wp-content\/uploads\/2024\/08\/logo-office-sale.webp","contentUrl":"https:\/\/www.office-sale.ch\/wp-content\/uploads\/2024\/08\/logo-office-sale.webp","width":1431,"height":369,"caption":"Office Sale"},"image":{"@id":"https:\/\/www.office-sale.ch\/#\/schema\/logo\/image\/"}}]}},"_links":{"self":[{"href":"https:\/\/www.office-sale.ch\/en\/wp-json\/wp\/v2\/product\/2286","targetHints":{"allow":["GET"]}}],"collection":[{"href":"https:\/\/www.office-sale.ch\/en\/wp-json\/wp\/v2\/product"}],"about":[{"href":"https:\/\/www.office-sale.ch\/en\/wp-json\/wp\/v2\/types\/product"}],"wp:featuredmedia":[{"embeddable":true,"href":"https:\/\/www.office-sale.ch\/en\/wp-json\/wp\/v2\/media\/2289"}],"wp:attachment":[{"href":"https:\/\/www.office-sale.ch\/en\/wp-json\/wp\/v2\/media?parent=2286"}],"wp:term":[{"taxonomy":"product_brand","embeddable":true,"href":"https:\/\/www.office-sale.ch\/en\/wp-json\/wp\/v2\/product_brand?post=2286"},{"taxonomy":"product_cat","embeddable":true,"href":"https:\/\/www.office-sale.ch\/en\/wp-json\/wp\/v2\/product_cat?post=2286"},{"taxonomy":"product_tag","embeddable":true,"href":"https:\/\/www.office-sale.ch\/en\/wp-json\/wp\/v2\/product_tag?post=2286"}],"curies":[{"name":"wp","href":"https:\/\/api.w.org\/{rel}","templated":true}]}}