{"id":2301,"date":"2024-09-18T15:37:07","date_gmt":"2024-09-18T13:37:07","guid":{"rendered":"https:\/\/www.office-sale.ch\/?post_type=product&#038;p=2301"},"modified":"2024-09-22T20:29:26","modified_gmt":"2024-09-22T18:29:26","slug":"herman-miller-setu-besucherstuhl","status":"publish","type":"product","link":"https:\/\/www.office-sale.ch\/en\/shop\/herman-miller-setu-besucherstuhl\/","title":{"rendered":"Herman Miller Setu Besucherstuhl"},"content":{"rendered":"<p><strong>Herman Miller Setu Besucherstuhl<\/strong><\/p>\n<p><em>Der Herman Miller Setu Besucherstuhl ist ein ergonomischer Stuhl, der durch seine innovative Konstruktion und minimalistisches Design besticht. Er wurde speziell f\u00fcr Konferenzr\u00e4ume, Wartebereiche oder als flexibler G\u00e4stestuhl entwickelt. Der Setu Stuhl verbindet Funktionalit\u00e4t und \u00c4sthetik, ideal f\u00fcr moderne B\u00fcros und Besprechungsr\u00e4ume.<\/em><\/p>\n<ul>\n<li><em>Neu mit Garantie<\/em><\/li>\n<li><em>Flexibles Kinemat\u2122-R\u00fcckensystem: Passt sich automatisch den Bewegungen des Nutzers an, ohne dass eine manuelle Verstellung erforderlich ist.<\/em><\/li>\n<li><em>Elastische Netzbespannung: Die atmungsaktive R\u00fcckenlehne und Sitzfl\u00e4che bieten Komfort und Halt.<\/em><\/li>\n<li><em>Leicht und stabil: Das Stuhlgestell besteht aus einer Kombination aus recycelbaren Materialien wie Aluminium und Kunststoff, was den Stuhl robust, aber dennoch leicht macht.<\/em><\/li>\n<li><em>Modernes Design: Schlank und zeitlos, passend zu verschiedenen Umgebungen.<\/em><\/li>\n<li><em>Fusskreuz: Semi-polished Alu<\/em><\/li>\n<li><em>Chassis: Studio white 98<\/em><\/li>\n<li><em>Rollen Softfloor<\/em><\/li>\n<li><em>Bezug: Graphite 4W31<\/em><\/li>\n<\/ul>\n<p>&nbsp;<\/p>","protected":false},"excerpt":{"rendered":"<p><em>Der Herman Miller Setu Besucherstuhl ist ein ergonomischer Stuhl, der durch seine innovative Konstruktion und minimalistisches Design besticht. Er wurde speziell f\u00fcr Konferenzr\u00e4ume, Wartebereiche oder als flexibler G\u00e4stestuhl entwickelt. Der Setu Stuhl verbindet Funktionalit\u00e4t und \u00c4sthetik, ideal f\u00fcr moderne B\u00fcros und Besprechungsr\u00e4ume.<\/em><\/p>","protected":false},"featured_media":2302,"template":"","meta":[],"product_brand":[],"product_cat":[56,66],"product_tag":[79,155],"class_list":{"0":"post-2301","1":"product","2":"type-product","3":"status-publish","4":"has-post-thumbnail","6":"product_cat-stuehle","7":"product_cat-besucherstuehle-besprechungsstuehle","8":"product_tag-herman-miller","9":"product_tag-setu","10":"product_shipping_class-spedition","12":"first","13":"instock","14":"sale","15":"shipping-taxable","16":"purchasable","17":"product-type-simple"},"yoast_head":"<!-- This site is optimized with the Yoast SEO plugin v27.4 - https:\/\/yoast.com\/product\/yoast-seo-wordpress\/ -->\n<title>Herman Miller Setu Besucherstuhl - Office-Sale.ch<\/title>\n<meta name=\"description\" content=\"Der Herman Miller Setu Besucherstuhl ist ein ergonomischer Stuhl, der durch seine innovative Konstruktion und minimalistisches Design besticht. Er wurde speziell f\u00fcr Konferenzr\u00e4ume, Wartebereiche oder als flexibler G\u00e4stestuhl entwickelt. Der Setu Stuhl verbindet Funktionalit\u00e4t und \u00c4sthetik, ideal f\u00fcr moderne B\u00fcros und Besprechungsr\u00e4ume.\u00a0\" \/>\n<meta name=\"robots\" content=\"index, follow, max-snippet:-1, max-image-preview:large, max-video-preview:-1\" \/>\n<link rel=\"canonical\" href=\"https:\/\/www.office-sale.ch\/en\/shop\/herman-miller-setu-besucherstuhl\/\" \/>\n<meta property=\"og:locale\" content=\"en_US\" \/>\n<meta property=\"og:type\" content=\"article\" \/>\n<meta property=\"og:title\" content=\"Herman Miller Setu Besucherstuhl - Office-Sale.ch\" \/>\n<meta property=\"og:description\" content=\"Der Herman Miller Setu Besucherstuhl ist ein ergonomischer Stuhl, der durch seine innovative Konstruktion und minimalistisches Design besticht. Er wurde speziell f\u00fcr Konferenzr\u00e4ume, Wartebereiche oder als flexibler G\u00e4stestuhl entwickelt. Der Setu Stuhl verbindet Funktionalit\u00e4t und \u00c4sthetik, ideal f\u00fcr moderne B\u00fcros und Besprechungsr\u00e4ume.\u00a0\" \/>\n<meta property=\"og:url\" content=\"https:\/\/www.office-sale.ch\/en\/shop\/herman-miller-setu-besucherstuhl\/\" \/>\n<meta property=\"og:site_name\" content=\"Office-Sale.ch\" \/>\n<meta property=\"article:modified_time\" content=\"2024-09-22T18:29:26+00:00\" \/>\n<meta property=\"og:image\" content=\"https:\/\/www.office-sale.ch\/wp-content\/uploads\/2024\/09\/setu2001.jpg\" \/>\n\t<meta property=\"og:image:width\" content=\"1200\" \/>\n\t<meta property=\"og:image:height\" content=\"1600\" \/>\n\t<meta property=\"og:image:type\" content=\"image\/jpeg\" \/>\n<script type=\"application\/ld+json\" class=\"yoast-schema-graph\">{\"@context\":\"https:\\\/\\\/schema.org\",\"@graph\":[{\"@type\":\"WebPage\",\"@id\":\"https:\\\/\\\/www.office-sale.ch\\\/shop\\\/herman-miller-setu-besucherstuhl\\\/\",\"url\":\"https:\\\/\\\/www.office-sale.ch\\\/shop\\\/herman-miller-setu-besucherstuhl\\\/\",\"name\":\"Herman Miller Setu Besucherstuhl - Office-Sale.ch\",\"isPartOf\":{\"@id\":\"https:\\\/\\\/www.office-sale.ch\\\/#website\"},\"primaryImageOfPage\":{\"@id\":\"https:\\\/\\\/www.office-sale.ch\\\/shop\\\/herman-miller-setu-besucherstuhl\\\/#primaryimage\"},\"image\":{\"@id\":\"https:\\\/\\\/www.office-sale.ch\\\/shop\\\/herman-miller-setu-besucherstuhl\\\/#primaryimage\"},\"thumbnailUrl\":\"https:\\\/\\\/www.office-sale.ch\\\/wp-content\\\/uploads\\\/2024\\\/09\\\/setu2001.jpg\",\"datePublished\":\"2024-09-18T13:37:07+00:00\",\"dateModified\":\"2024-09-22T18:29:26+00:00\",\"description\":\"Der Herman Miller Setu Besucherstuhl ist ein ergonomischer Stuhl, der durch seine innovative Konstruktion und minimalistisches Design besticht. Er wurde speziell f\u00fcr Konferenzr\u00e4ume, Wartebereiche oder als flexibler G\u00e4stestuhl entwickelt. Der Setu Stuhl verbindet Funktionalit\u00e4t und \u00c4sthetik, ideal f\u00fcr moderne B\u00fcros und Besprechungsr\u00e4ume.\u00a0\",\"breadcrumb\":{\"@id\":\"https:\\\/\\\/www.office-sale.ch\\\/shop\\\/herman-miller-setu-besucherstuhl\\\/#breadcrumb\"},\"inLanguage\":\"en-US\",\"potentialAction\":[{\"@type\":\"ReadAction\",\"target\":[\"https:\\\/\\\/www.office-sale.ch\\\/shop\\\/herman-miller-setu-besucherstuhl\\\/\"]}]},{\"@type\":\"ImageObject\",\"inLanguage\":\"en-US\",\"@id\":\"https:\\\/\\\/www.office-sale.ch\\\/shop\\\/herman-miller-setu-besucherstuhl\\\/#primaryimage\",\"url\":\"https:\\\/\\\/www.office-sale.ch\\\/wp-content\\\/uploads\\\/2024\\\/09\\\/setu2001.jpg\",\"contentUrl\":\"https:\\\/\\\/www.office-sale.ch\\\/wp-content\\\/uploads\\\/2024\\\/09\\\/setu2001.jpg\",\"width\":1200,\"height\":1600},{\"@type\":\"BreadcrumbList\",\"@id\":\"https:\\\/\\\/www.office-sale.ch\\\/shop\\\/herman-miller-setu-besucherstuhl\\\/#breadcrumb\",\"itemListElement\":[{\"@type\":\"ListItem\",\"position\":1,\"name\":\"Startseite\",\"item\":\"https:\\\/\\\/www.office-sale.ch\\\/\"},{\"@type\":\"ListItem\",\"position\":2,\"name\":\"Shop\",\"item\":\"https:\\\/\\\/www.office-sale.ch\\\/shop\\\/\"},{\"@type\":\"ListItem\",\"position\":3,\"name\":\"Herman Miller Setu Besucherstuhl\"}]},{\"@type\":\"WebSite\",\"@id\":\"https:\\\/\\\/www.office-sale.ch\\\/#website\",\"url\":\"https:\\\/\\\/www.office-sale.ch\\\/\",\"name\":\"Office Sale\",\"description\":\"\",\"publisher\":{\"@id\":\"https:\\\/\\\/www.office-sale.ch\\\/#organization\"},\"potentialAction\":[{\"@type\":\"SearchAction\",\"target\":{\"@type\":\"EntryPoint\",\"urlTemplate\":\"https:\\\/\\\/www.office-sale.ch\\\/?s={search_term_string}\"},\"query-input\":{\"@type\":\"PropertyValueSpecification\",\"valueRequired\":true,\"valueName\":\"search_term_string\"}}],\"inLanguage\":\"en-US\"},{\"@type\":\"Organization\",\"@id\":\"https:\\\/\\\/www.office-sale.ch\\\/#organization\",\"name\":\"Office Sale\",\"url\":\"https:\\\/\\\/www.office-sale.ch\\\/\",\"logo\":{\"@type\":\"ImageObject\",\"inLanguage\":\"en-US\",\"@id\":\"https:\\\/\\\/www.office-sale.ch\\\/#\\\/schema\\\/logo\\\/image\\\/\",\"url\":\"https:\\\/\\\/www.office-sale.ch\\\/wp-content\\\/uploads\\\/2024\\\/08\\\/logo-office-sale.webp\",\"contentUrl\":\"https:\\\/\\\/www.office-sale.ch\\\/wp-content\\\/uploads\\\/2024\\\/08\\\/logo-office-sale.webp\",\"width\":1431,\"height\":369,\"caption\":\"Office Sale\"},\"image\":{\"@id\":\"https:\\\/\\\/www.office-sale.ch\\\/#\\\/schema\\\/logo\\\/image\\\/\"}}]}<\/script>\n<!-- \/ Yoast SEO plugin. -->","yoast_head_json":{"title":"Herman Miller Setu Besucherstuhl - Office-Sale.ch","description":"Der Herman Miller Setu Besucherstuhl ist ein ergonomischer Stuhl, der durch seine innovative Konstruktion und minimalistisches Design besticht. Er wurde speziell f\u00fcr Konferenzr\u00e4ume, Wartebereiche oder als flexibler G\u00e4stestuhl entwickelt. Der Setu Stuhl verbindet Funktionalit\u00e4t und \u00c4sthetik, ideal f\u00fcr moderne B\u00fcros und Besprechungsr\u00e4ume.\u00a0","robots":{"index":"index","follow":"follow","max-snippet":"max-snippet:-1","max-image-preview":"max-image-preview:large","max-video-preview":"max-video-preview:-1"},"canonical":"https:\/\/www.office-sale.ch\/en\/shop\/herman-miller-setu-besucherstuhl\/","og_locale":"en_US","og_type":"article","og_title":"Herman Miller Setu Besucherstuhl - Office-Sale.ch","og_description":"Der Herman Miller Setu Besucherstuhl ist ein ergonomischer Stuhl, der durch seine innovative Konstruktion und minimalistisches Design besticht. Er wurde speziell f\u00fcr Konferenzr\u00e4ume, Wartebereiche oder als flexibler G\u00e4stestuhl entwickelt. Der Setu Stuhl verbindet Funktionalit\u00e4t und \u00c4sthetik, ideal f\u00fcr moderne B\u00fcros und Besprechungsr\u00e4ume.\u00a0","og_url":"https:\/\/www.office-sale.ch\/en\/shop\/herman-miller-setu-besucherstuhl\/","og_site_name":"Office-Sale.ch","article_modified_time":"2024-09-22T18:29:26+00:00","og_image":[{"width":1200,"height":1600,"url":"https:\/\/www.office-sale.ch\/wp-content\/uploads\/2024\/09\/setu2001.jpg","type":"image\/jpeg"}],"schema":{"@context":"https:\/\/schema.org","@graph":[{"@type":"WebPage","@id":"https:\/\/www.office-sale.ch\/shop\/herman-miller-setu-besucherstuhl\/","url":"https:\/\/www.office-sale.ch\/shop\/herman-miller-setu-besucherstuhl\/","name":"Herman Miller Setu Besucherstuhl - Office-Sale.ch","isPartOf":{"@id":"https:\/\/www.office-sale.ch\/#website"},"primaryImageOfPage":{"@id":"https:\/\/www.office-sale.ch\/shop\/herman-miller-setu-besucherstuhl\/#primaryimage"},"image":{"@id":"https:\/\/www.office-sale.ch\/shop\/herman-miller-setu-besucherstuhl\/#primaryimage"},"thumbnailUrl":"https:\/\/www.office-sale.ch\/wp-content\/uploads\/2024\/09\/setu2001.jpg","datePublished":"2024-09-18T13:37:07+00:00","dateModified":"2024-09-22T18:29:26+00:00","description":"Der Herman Miller Setu Besucherstuhl ist ein ergonomischer Stuhl, der durch seine innovative Konstruktion und minimalistisches Design besticht. Er wurde speziell f\u00fcr Konferenzr\u00e4ume, Wartebereiche oder als flexibler G\u00e4stestuhl entwickelt. Der Setu Stuhl verbindet Funktionalit\u00e4t und \u00c4sthetik, ideal f\u00fcr moderne B\u00fcros und Besprechungsr\u00e4ume.\u00a0","breadcrumb":{"@id":"https:\/\/www.office-sale.ch\/shop\/herman-miller-setu-besucherstuhl\/#breadcrumb"},"inLanguage":"en-US","potentialAction":[{"@type":"ReadAction","target":["https:\/\/www.office-sale.ch\/shop\/herman-miller-setu-besucherstuhl\/"]}]},{"@type":"ImageObject","inLanguage":"en-US","@id":"https:\/\/www.office-sale.ch\/shop\/herman-miller-setu-besucherstuhl\/#primaryimage","url":"https:\/\/www.office-sale.ch\/wp-content\/uploads\/2024\/09\/setu2001.jpg","contentUrl":"https:\/\/www.office-sale.ch\/wp-content\/uploads\/2024\/09\/setu2001.jpg","width":1200,"height":1600},{"@type":"BreadcrumbList","@id":"https:\/\/www.office-sale.ch\/shop\/herman-miller-setu-besucherstuhl\/#breadcrumb","itemListElement":[{"@type":"ListItem","position":1,"name":"Startseite","item":"https:\/\/www.office-sale.ch\/"},{"@type":"ListItem","position":2,"name":"Shop","item":"https:\/\/www.office-sale.ch\/shop\/"},{"@type":"ListItem","position":3,"name":"Herman Miller Setu Besucherstuhl"}]},{"@type":"WebSite","@id":"https:\/\/www.office-sale.ch\/#website","url":"https:\/\/www.office-sale.ch\/","name":"Office Sale","description":"","publisher":{"@id":"https:\/\/www.office-sale.ch\/#organization"},"potentialAction":[{"@type":"SearchAction","target":{"@type":"EntryPoint","urlTemplate":"https:\/\/www.office-sale.ch\/?s={search_term_string}"},"query-input":{"@type":"PropertyValueSpecification","valueRequired":true,"valueName":"search_term_string"}}],"inLanguage":"en-US"},{"@type":"Organization","@id":"https:\/\/www.office-sale.ch\/#organization","name":"Office Sale","url":"https:\/\/www.office-sale.ch\/","logo":{"@type":"ImageObject","inLanguage":"en-US","@id":"https:\/\/www.office-sale.ch\/#\/schema\/logo\/image\/","url":"https:\/\/www.office-sale.ch\/wp-content\/uploads\/2024\/08\/logo-office-sale.webp","contentUrl":"https:\/\/www.office-sale.ch\/wp-content\/uploads\/2024\/08\/logo-office-sale.webp","width":1431,"height":369,"caption":"Office Sale"},"image":{"@id":"https:\/\/www.office-sale.ch\/#\/schema\/logo\/image\/"}}]}},"_links":{"self":[{"href":"https:\/\/www.office-sale.ch\/en\/wp-json\/wp\/v2\/product\/2301","targetHints":{"allow":["GET"]}}],"collection":[{"href":"https:\/\/www.office-sale.ch\/en\/wp-json\/wp\/v2\/product"}],"about":[{"href":"https:\/\/www.office-sale.ch\/en\/wp-json\/wp\/v2\/types\/product"}],"wp:featuredmedia":[{"embeddable":true,"href":"https:\/\/www.office-sale.ch\/en\/wp-json\/wp\/v2\/media\/2302"}],"wp:attachment":[{"href":"https:\/\/www.office-sale.ch\/en\/wp-json\/wp\/v2\/media?parent=2301"}],"wp:term":[{"taxonomy":"product_brand","embeddable":true,"href":"https:\/\/www.office-sale.ch\/en\/wp-json\/wp\/v2\/product_brand?post=2301"},{"taxonomy":"product_cat","embeddable":true,"href":"https:\/\/www.office-sale.ch\/en\/wp-json\/wp\/v2\/product_cat?post=2301"},{"taxonomy":"product_tag","embeddable":true,"href":"https:\/\/www.office-sale.ch\/en\/wp-json\/wp\/v2\/product_tag?post=2301"}],"curies":[{"name":"wp","href":"https:\/\/api.w.org\/{rel}","templated":true}]}}