{"id":2353,"date":"2024-09-19T14:23:19","date_gmt":"2024-09-19T12:23:19","guid":{"rendered":"https:\/\/www.office-sale.ch\/?post_type=product&#038;p=2353"},"modified":"2024-09-22T20:26:32","modified_gmt":"2024-09-22T18:26:32","slug":"herman-miller-keyn-chair-graphite","status":"publish","type":"product","link":"https:\/\/www.office-sale.ch\/en\/shop\/herman-miller-keyn-chair-graphite\/","title":{"rendered":"Herman Miller Keyn Chair Graphite"},"content":{"rendered":"<div class=\"flex-shrink-0 flex flex-col relative items-end\">\n<div>\n<div class=\"pt-0\">\n<div class=\"gizmo-bot-avatar flex h-8 w-8 items-center justify-center overflow-hidden rounded-full\">\n<div class=\"relative p-1 rounded-sm flex items-center justify-center bg-token-main-surface-primary text-token-text-primary h-8 w-8\"><strong>Herman Miller Keyn Chair Graphite<\/strong><\/div>\n<div><\/div>\n<\/div>\n<\/div>\n<\/div>\n<\/div>\n<div class=\"group\/conversation-turn relative flex w-full min-w-0 flex-col agent-turn\">\n<div class=\"flex-col gap-1 md:gap-3\">\n<div class=\"flex max-w-full flex-col flex-grow\">\n<div class=\"min-h-[20px] text-message flex w-full flex-col items-end gap-2 whitespace-normal break-words [.text-message+&amp;]:mt-5\" dir=\"auto\" data-message-author-role=\"assistant\" data-message-id=\"7d0fedb5-1a42-47e3-8a13-f36082e5bbe7\">\n<div class=\"flex w-full flex-col gap-1 empty:hidden first:pt-[3px]\">\n<div class=\"markdown prose w-full break-words dark:prose-invert light\">\n<p><em>Die Herman Miller Keyn Stuhlserie wurde f\u00fcr dynamischen Komfort entwickelt und bietet eine flexible Sitzl\u00f6sung f\u00fcr Konferenzr\u00e4ume und B\u00fcros. Charakteristisch f\u00fcr den Keyn Stuhl ist die innovative Wippmechanik, die eine R\u00fcckneigung um bis zu 10 Grad erm\u00f6glicht. Dadurch passt sich der Stuhl den Bewegungen des Nutzers an und f\u00f6rdert eine aktivere Sitzhaltung.<\/em><\/p>\n<p><em>Das Design ist elegant und minimalistisch, wodurch sich der Stuhl nahtlos in moderne B\u00fcroumgebungen einf\u00fcgt. Er ist in verschiedenen Farben und Ausf\u00fchrungen erh\u00e4ltlich, sodass er vielseitig einsetzbar ist. Der Keyn bietet eine atmungsaktive R\u00fcckenlehne mit einer perforierten Struktur, die den Sitzkomfort auch bei l\u00e4ngerem Gebrauch verbessert.<\/em><\/p>\n<p><em>Zusammengefasst zeichnet sich der Herman Miller Keyn durch seine Ergonomie, Anpassungsf\u00e4higkeit und sein stilvolles Design aus, was ihn zu einer idealen Wahl f\u00fcr Konferenzr\u00e4ume oder Gemeinschaftsbereiche macht.<\/em><\/p>\n<ul>\n<li><em>Neu mit Garantie<\/em><\/li>\n<li><em>Fusskreuz: Graphite<\/em><\/li>\n<li><em>Chassis: Graphite<\/em><\/li>\n<li><em>Softfloor Rollen<\/em><\/li>\n<li><em>Bezug: black<\/em><\/li>\n<\/ul>\n<\/div>\n<\/div>\n<\/div>\n<\/div>\n<\/div>\n<\/div>\n","protected":false},"excerpt":{"rendered":"<div class=\"flex-shrink-0 flex flex-col relative items-end\">\n<div>\n<div class=\"pt-0\">\n<div class=\"gizmo-bot-avatar flex h-8 w-8 items-center justify-center overflow-hidden rounded-full\">\n<div class=\"relative p-1 rounded-sm flex items-center justify-center bg-token-main-surface-primary text-token-text-primary h-8 w-8\"><em>Die Herman Miller Keyn Stuhlserie wurde f\u00fcr dynamischen Komfort entwickelt und bietet eine flexible Sitzl\u00f6sung f\u00fcr Konferenzr\u00e4ume und B\u00fcros. Charakteristisch f\u00fcr den Keyn Stuhl ist die innovative Wippmechanik, die eine R\u00fcckneigung um bis zu 10 Grad erm\u00f6glicht. Dadurch passt sich der Stuhl den Bewegungen des Nutzers an und f\u00f6rdert eine aktivere Sitzhaltung.<\/em><\/div>\n<\/div>\n<\/div>\n<\/div>\n<\/div>\n<div class=\"group\/conversation-turn relative flex w-full min-w-0 flex-col agent-turn\">\n<div class=\"flex-col gap-1 md:gap-3\">\n<div class=\"flex max-w-full flex-col flex-grow\">\n<div class=\"min-h-[20px] text-message flex w-full flex-col items-end gap-2 whitespace-normal break-words [.text-message+&amp;]:mt-5\" dir=\"auto\" data-message-author-role=\"assistant\" data-message-id=\"7d0fedb5-1a42-47e3-8a13-f36082e5bbe7\">\n<div class=\"flex w-full flex-col gap-1 empty:hidden first:pt-[3px]\">\n<div class=\"markdown prose w-full break-words dark:prose-invert light\">\n<p>&nbsp;<\/p>\n<\/div>\n<\/div>\n<\/div>\n<\/div>\n<\/div>\n<\/div>\n","protected":false},"featured_media":2306,"template":"","meta":[],"product_brand":[],"product_cat":[56,66],"product_tag":[79,157],"class_list":{"0":"post-2353","1":"product","2":"type-product","3":"status-publish","4":"has-post-thumbnail","6":"product_cat-stuehle","7":"product_cat-besucherstuehle-besprechungsstuehle","8":"product_tag-herman-miller","9":"product_tag-keyn","10":"product_shipping_class-spedition","12":"first","13":"instock","14":"sale","15":"shipping-taxable","16":"purchasable","17":"product-type-simple"},"yoast_head":"<!-- This site is optimized with the Yoast SEO plugin v27.4 - https:\/\/yoast.com\/product\/yoast-seo-wordpress\/ -->\n<title>Herman Miller Keyn Chair Graphite - Office-Sale.ch<\/title>\n<meta name=\"description\" content=\"Die Herman Miller Keyn Stuhlserie wurde f\u00fcr dynamischen Komfort entwickelt und bietet eine flexible Sitzl\u00f6sung f\u00fcr Konferenzr\u00e4ume und B\u00fcros. Charakteristisch f\u00fcr den Keyn Stuhl ist die innovative Wippmechanik, die eine R\u00fcckneigung um bis zu 10 Grad erm\u00f6glicht. Dadurch passt sich der Stuhl den Bewegungen des Nutzers an und f\u00f6rdert eine aktivere Sitzhaltung. Das Design ist elegant und minimalistisch, wodurch sich der Stuhl nahtlos in moderne B\u00fcroumgebungen einf\u00fcgt. Er ist in verschiedenen Farben und Ausf\u00fchrungen erh\u00e4ltlich, sodass er vielseitig einsetzbar ist. Der Keyn bietet eine atmungsaktive R\u00fcckenlehne mit einer perforierten Struktur, die den Sitzkomfort auch bei l\u00e4ngerem Gebrauch verbessert. Zusammengefasst zeichnet sich der Herman Miller Keyn durch seine Ergonomie, Anpassungsf\u00e4higkeit und sein stilvolles Design aus, was ihn zu einer idealen Wahl f\u00fcr Konferenzr\u00e4ume oder Gemeinschaftsbereiche macht.\" \/>\n<meta name=\"robots\" content=\"index, follow, max-snippet:-1, max-image-preview:large, max-video-preview:-1\" \/>\n<link rel=\"canonical\" href=\"https:\/\/www.office-sale.ch\/en\/shop\/herman-miller-keyn-chair-graphite\/\" \/>\n<meta property=\"og:locale\" content=\"en_US\" \/>\n<meta property=\"og:type\" content=\"article\" \/>\n<meta property=\"og:title\" content=\"Herman Miller Keyn Chair Graphite - Office-Sale.ch\" \/>\n<meta property=\"og:description\" content=\"Die Herman Miller Keyn Stuhlserie wurde f\u00fcr dynamischen Komfort entwickelt und bietet eine flexible Sitzl\u00f6sung f\u00fcr Konferenzr\u00e4ume und B\u00fcros. Charakteristisch f\u00fcr den Keyn Stuhl ist die innovative Wippmechanik, die eine R\u00fcckneigung um bis zu 10 Grad erm\u00f6glicht. Dadurch passt sich der Stuhl den Bewegungen des Nutzers an und f\u00f6rdert eine aktivere Sitzhaltung. Das Design ist elegant und minimalistisch, wodurch sich der Stuhl nahtlos in moderne B\u00fcroumgebungen einf\u00fcgt. Er ist in verschiedenen Farben und Ausf\u00fchrungen erh\u00e4ltlich, sodass er vielseitig einsetzbar ist. Der Keyn bietet eine atmungsaktive R\u00fcckenlehne mit einer perforierten Struktur, die den Sitzkomfort auch bei l\u00e4ngerem Gebrauch verbessert. Zusammengefasst zeichnet sich der Herman Miller Keyn durch seine Ergonomie, Anpassungsf\u00e4higkeit und sein stilvolles Design aus, was ihn zu einer idealen Wahl f\u00fcr Konferenzr\u00e4ume oder Gemeinschaftsbereiche macht.\" \/>\n<meta property=\"og:url\" content=\"https:\/\/www.office-sale.ch\/en\/shop\/herman-miller-keyn-chair-graphite\/\" \/>\n<meta property=\"og:site_name\" content=\"Office-Sale.ch\" \/>\n<meta property=\"article:modified_time\" content=\"2024-09-22T18:26:32+00:00\" \/>\n<meta property=\"og:image\" content=\"https:\/\/www.office-sale.ch\/wp-content\/uploads\/2024\/09\/keyn2001.jpg\" \/>\n\t<meta property=\"og:image:width\" content=\"1200\" \/>\n\t<meta property=\"og:image:height\" content=\"1600\" \/>\n\t<meta property=\"og:image:type\" content=\"image\/jpeg\" \/>\n<script type=\"application\/ld+json\" class=\"yoast-schema-graph\">{\"@context\":\"https:\\\/\\\/schema.org\",\"@graph\":[{\"@type\":\"WebPage\",\"@id\":\"https:\\\/\\\/www.office-sale.ch\\\/shop\\\/herman-miller-keyn-chair-graphite\\\/\",\"url\":\"https:\\\/\\\/www.office-sale.ch\\\/shop\\\/herman-miller-keyn-chair-graphite\\\/\",\"name\":\"Herman Miller Keyn Chair Graphite - Office-Sale.ch\",\"isPartOf\":{\"@id\":\"https:\\\/\\\/www.office-sale.ch\\\/#website\"},\"primaryImageOfPage\":{\"@id\":\"https:\\\/\\\/www.office-sale.ch\\\/shop\\\/herman-miller-keyn-chair-graphite\\\/#primaryimage\"},\"image\":{\"@id\":\"https:\\\/\\\/www.office-sale.ch\\\/shop\\\/herman-miller-keyn-chair-graphite\\\/#primaryimage\"},\"thumbnailUrl\":\"https:\\\/\\\/www.office-sale.ch\\\/wp-content\\\/uploads\\\/2024\\\/09\\\/keyn2001.jpg\",\"datePublished\":\"2024-09-19T12:23:19+00:00\",\"dateModified\":\"2024-09-22T18:26:32+00:00\",\"description\":\"Die Herman Miller Keyn Stuhlserie wurde f\u00fcr dynamischen Komfort entwickelt und bietet eine flexible Sitzl\u00f6sung f\u00fcr Konferenzr\u00e4ume und B\u00fcros. Charakteristisch f\u00fcr den Keyn Stuhl ist die innovative Wippmechanik, die eine R\u00fcckneigung um bis zu 10 Grad erm\u00f6glicht. Dadurch passt sich der Stuhl den Bewegungen des Nutzers an und f\u00f6rdert eine aktivere Sitzhaltung. Das Design ist elegant und minimalistisch, wodurch sich der Stuhl nahtlos in moderne B\u00fcroumgebungen einf\u00fcgt. Er ist in verschiedenen Farben und Ausf\u00fchrungen erh\u00e4ltlich, sodass er vielseitig einsetzbar ist. Der Keyn bietet eine atmungsaktive R\u00fcckenlehne mit einer perforierten Struktur, die den Sitzkomfort auch bei l\u00e4ngerem Gebrauch verbessert. Zusammengefasst zeichnet sich der Herman Miller Keyn durch seine Ergonomie, Anpassungsf\u00e4higkeit und sein stilvolles Design aus, was ihn zu einer idealen Wahl f\u00fcr Konferenzr\u00e4ume oder Gemeinschaftsbereiche macht.\",\"breadcrumb\":{\"@id\":\"https:\\\/\\\/www.office-sale.ch\\\/shop\\\/herman-miller-keyn-chair-graphite\\\/#breadcrumb\"},\"inLanguage\":\"en-US\",\"potentialAction\":[{\"@type\":\"ReadAction\",\"target\":[\"https:\\\/\\\/www.office-sale.ch\\\/shop\\\/herman-miller-keyn-chair-graphite\\\/\"]}]},{\"@type\":\"ImageObject\",\"inLanguage\":\"en-US\",\"@id\":\"https:\\\/\\\/www.office-sale.ch\\\/shop\\\/herman-miller-keyn-chair-graphite\\\/#primaryimage\",\"url\":\"https:\\\/\\\/www.office-sale.ch\\\/wp-content\\\/uploads\\\/2024\\\/09\\\/keyn2001.jpg\",\"contentUrl\":\"https:\\\/\\\/www.office-sale.ch\\\/wp-content\\\/uploads\\\/2024\\\/09\\\/keyn2001.jpg\",\"width\":1200,\"height\":1600},{\"@type\":\"BreadcrumbList\",\"@id\":\"https:\\\/\\\/www.office-sale.ch\\\/shop\\\/herman-miller-keyn-chair-graphite\\\/#breadcrumb\",\"itemListElement\":[{\"@type\":\"ListItem\",\"position\":1,\"name\":\"Startseite\",\"item\":\"https:\\\/\\\/www.office-sale.ch\\\/\"},{\"@type\":\"ListItem\",\"position\":2,\"name\":\"Shop\",\"item\":\"https:\\\/\\\/www.office-sale.ch\\\/shop\\\/\"},{\"@type\":\"ListItem\",\"position\":3,\"name\":\"Herman Miller Keyn Chair Graphite\"}]},{\"@type\":\"WebSite\",\"@id\":\"https:\\\/\\\/www.office-sale.ch\\\/#website\",\"url\":\"https:\\\/\\\/www.office-sale.ch\\\/\",\"name\":\"Office Sale\",\"description\":\"\",\"publisher\":{\"@id\":\"https:\\\/\\\/www.office-sale.ch\\\/#organization\"},\"potentialAction\":[{\"@type\":\"SearchAction\",\"target\":{\"@type\":\"EntryPoint\",\"urlTemplate\":\"https:\\\/\\\/www.office-sale.ch\\\/?s={search_term_string}\"},\"query-input\":{\"@type\":\"PropertyValueSpecification\",\"valueRequired\":true,\"valueName\":\"search_term_string\"}}],\"inLanguage\":\"en-US\"},{\"@type\":\"Organization\",\"@id\":\"https:\\\/\\\/www.office-sale.ch\\\/#organization\",\"name\":\"Office Sale\",\"url\":\"https:\\\/\\\/www.office-sale.ch\\\/\",\"logo\":{\"@type\":\"ImageObject\",\"inLanguage\":\"en-US\",\"@id\":\"https:\\\/\\\/www.office-sale.ch\\\/#\\\/schema\\\/logo\\\/image\\\/\",\"url\":\"https:\\\/\\\/www.office-sale.ch\\\/wp-content\\\/uploads\\\/2024\\\/08\\\/logo-office-sale.webp\",\"contentUrl\":\"https:\\\/\\\/www.office-sale.ch\\\/wp-content\\\/uploads\\\/2024\\\/08\\\/logo-office-sale.webp\",\"width\":1431,\"height\":369,\"caption\":\"Office Sale\"},\"image\":{\"@id\":\"https:\\\/\\\/www.office-sale.ch\\\/#\\\/schema\\\/logo\\\/image\\\/\"}}]}<\/script>\n<!-- \/ Yoast SEO plugin. -->","yoast_head_json":{"title":"Herman Miller Keyn Chair Graphite - Office-Sale.ch","description":"Die Herman Miller Keyn Stuhlserie wurde f\u00fcr dynamischen Komfort entwickelt und bietet eine flexible Sitzl\u00f6sung f\u00fcr Konferenzr\u00e4ume und B\u00fcros. Charakteristisch f\u00fcr den Keyn Stuhl ist die innovative Wippmechanik, die eine R\u00fcckneigung um bis zu 10 Grad erm\u00f6glicht. Dadurch passt sich der Stuhl den Bewegungen des Nutzers an und f\u00f6rdert eine aktivere Sitzhaltung. Das Design ist elegant und minimalistisch, wodurch sich der Stuhl nahtlos in moderne B\u00fcroumgebungen einf\u00fcgt. Er ist in verschiedenen Farben und Ausf\u00fchrungen erh\u00e4ltlich, sodass er vielseitig einsetzbar ist. Der Keyn bietet eine atmungsaktive R\u00fcckenlehne mit einer perforierten Struktur, die den Sitzkomfort auch bei l\u00e4ngerem Gebrauch verbessert. Zusammengefasst zeichnet sich der Herman Miller Keyn durch seine Ergonomie, Anpassungsf\u00e4higkeit und sein stilvolles Design aus, was ihn zu einer idealen Wahl f\u00fcr Konferenzr\u00e4ume oder Gemeinschaftsbereiche macht.","robots":{"index":"index","follow":"follow","max-snippet":"max-snippet:-1","max-image-preview":"max-image-preview:large","max-video-preview":"max-video-preview:-1"},"canonical":"https:\/\/www.office-sale.ch\/en\/shop\/herman-miller-keyn-chair-graphite\/","og_locale":"en_US","og_type":"article","og_title":"Herman Miller Keyn Chair Graphite - Office-Sale.ch","og_description":"Die Herman Miller Keyn Stuhlserie wurde f\u00fcr dynamischen Komfort entwickelt und bietet eine flexible Sitzl\u00f6sung f\u00fcr Konferenzr\u00e4ume und B\u00fcros. Charakteristisch f\u00fcr den Keyn Stuhl ist die innovative Wippmechanik, die eine R\u00fcckneigung um bis zu 10 Grad erm\u00f6glicht. Dadurch passt sich der Stuhl den Bewegungen des Nutzers an und f\u00f6rdert eine aktivere Sitzhaltung. Das Design ist elegant und minimalistisch, wodurch sich der Stuhl nahtlos in moderne B\u00fcroumgebungen einf\u00fcgt. Er ist in verschiedenen Farben und Ausf\u00fchrungen erh\u00e4ltlich, sodass er vielseitig einsetzbar ist. Der Keyn bietet eine atmungsaktive R\u00fcckenlehne mit einer perforierten Struktur, die den Sitzkomfort auch bei l\u00e4ngerem Gebrauch verbessert. Zusammengefasst zeichnet sich der Herman Miller Keyn durch seine Ergonomie, Anpassungsf\u00e4higkeit und sein stilvolles Design aus, was ihn zu einer idealen Wahl f\u00fcr Konferenzr\u00e4ume oder Gemeinschaftsbereiche macht.","og_url":"https:\/\/www.office-sale.ch\/en\/shop\/herman-miller-keyn-chair-graphite\/","og_site_name":"Office-Sale.ch","article_modified_time":"2024-09-22T18:26:32+00:00","og_image":[{"width":1200,"height":1600,"url":"https:\/\/www.office-sale.ch\/wp-content\/uploads\/2024\/09\/keyn2001.jpg","type":"image\/jpeg"}],"schema":{"@context":"https:\/\/schema.org","@graph":[{"@type":"WebPage","@id":"https:\/\/www.office-sale.ch\/shop\/herman-miller-keyn-chair-graphite\/","url":"https:\/\/www.office-sale.ch\/shop\/herman-miller-keyn-chair-graphite\/","name":"Herman Miller Keyn Chair Graphite - Office-Sale.ch","isPartOf":{"@id":"https:\/\/www.office-sale.ch\/#website"},"primaryImageOfPage":{"@id":"https:\/\/www.office-sale.ch\/shop\/herman-miller-keyn-chair-graphite\/#primaryimage"},"image":{"@id":"https:\/\/www.office-sale.ch\/shop\/herman-miller-keyn-chair-graphite\/#primaryimage"},"thumbnailUrl":"https:\/\/www.office-sale.ch\/wp-content\/uploads\/2024\/09\/keyn2001.jpg","datePublished":"2024-09-19T12:23:19+00:00","dateModified":"2024-09-22T18:26:32+00:00","description":"Die Herman Miller Keyn Stuhlserie wurde f\u00fcr dynamischen Komfort entwickelt und bietet eine flexible Sitzl\u00f6sung f\u00fcr Konferenzr\u00e4ume und B\u00fcros. Charakteristisch f\u00fcr den Keyn Stuhl ist die innovative Wippmechanik, die eine R\u00fcckneigung um bis zu 10 Grad erm\u00f6glicht. Dadurch passt sich der Stuhl den Bewegungen des Nutzers an und f\u00f6rdert eine aktivere Sitzhaltung. Das Design ist elegant und minimalistisch, wodurch sich der Stuhl nahtlos in moderne B\u00fcroumgebungen einf\u00fcgt. Er ist in verschiedenen Farben und Ausf\u00fchrungen erh\u00e4ltlich, sodass er vielseitig einsetzbar ist. Der Keyn bietet eine atmungsaktive R\u00fcckenlehne mit einer perforierten Struktur, die den Sitzkomfort auch bei l\u00e4ngerem Gebrauch verbessert. Zusammengefasst zeichnet sich der Herman Miller Keyn durch seine Ergonomie, Anpassungsf\u00e4higkeit und sein stilvolles Design aus, was ihn zu einer idealen Wahl f\u00fcr Konferenzr\u00e4ume oder Gemeinschaftsbereiche macht.","breadcrumb":{"@id":"https:\/\/www.office-sale.ch\/shop\/herman-miller-keyn-chair-graphite\/#breadcrumb"},"inLanguage":"en-US","potentialAction":[{"@type":"ReadAction","target":["https:\/\/www.office-sale.ch\/shop\/herman-miller-keyn-chair-graphite\/"]}]},{"@type":"ImageObject","inLanguage":"en-US","@id":"https:\/\/www.office-sale.ch\/shop\/herman-miller-keyn-chair-graphite\/#primaryimage","url":"https:\/\/www.office-sale.ch\/wp-content\/uploads\/2024\/09\/keyn2001.jpg","contentUrl":"https:\/\/www.office-sale.ch\/wp-content\/uploads\/2024\/09\/keyn2001.jpg","width":1200,"height":1600},{"@type":"BreadcrumbList","@id":"https:\/\/www.office-sale.ch\/shop\/herman-miller-keyn-chair-graphite\/#breadcrumb","itemListElement":[{"@type":"ListItem","position":1,"name":"Startseite","item":"https:\/\/www.office-sale.ch\/"},{"@type":"ListItem","position":2,"name":"Shop","item":"https:\/\/www.office-sale.ch\/shop\/"},{"@type":"ListItem","position":3,"name":"Herman Miller Keyn Chair Graphite"}]},{"@type":"WebSite","@id":"https:\/\/www.office-sale.ch\/#website","url":"https:\/\/www.office-sale.ch\/","name":"Office Sale","description":"","publisher":{"@id":"https:\/\/www.office-sale.ch\/#organization"},"potentialAction":[{"@type":"SearchAction","target":{"@type":"EntryPoint","urlTemplate":"https:\/\/www.office-sale.ch\/?s={search_term_string}"},"query-input":{"@type":"PropertyValueSpecification","valueRequired":true,"valueName":"search_term_string"}}],"inLanguage":"en-US"},{"@type":"Organization","@id":"https:\/\/www.office-sale.ch\/#organization","name":"Office Sale","url":"https:\/\/www.office-sale.ch\/","logo":{"@type":"ImageObject","inLanguage":"en-US","@id":"https:\/\/www.office-sale.ch\/#\/schema\/logo\/image\/","url":"https:\/\/www.office-sale.ch\/wp-content\/uploads\/2024\/08\/logo-office-sale.webp","contentUrl":"https:\/\/www.office-sale.ch\/wp-content\/uploads\/2024\/08\/logo-office-sale.webp","width":1431,"height":369,"caption":"Office Sale"},"image":{"@id":"https:\/\/www.office-sale.ch\/#\/schema\/logo\/image\/"}}]}},"_links":{"self":[{"href":"https:\/\/www.office-sale.ch\/en\/wp-json\/wp\/v2\/product\/2353","targetHints":{"allow":["GET"]}}],"collection":[{"href":"https:\/\/www.office-sale.ch\/en\/wp-json\/wp\/v2\/product"}],"about":[{"href":"https:\/\/www.office-sale.ch\/en\/wp-json\/wp\/v2\/types\/product"}],"wp:featuredmedia":[{"embeddable":true,"href":"https:\/\/www.office-sale.ch\/en\/wp-json\/wp\/v2\/media\/2306"}],"wp:attachment":[{"href":"https:\/\/www.office-sale.ch\/en\/wp-json\/wp\/v2\/media?parent=2353"}],"wp:term":[{"taxonomy":"product_brand","embeddable":true,"href":"https:\/\/www.office-sale.ch\/en\/wp-json\/wp\/v2\/product_brand?post=2353"},{"taxonomy":"product_cat","embeddable":true,"href":"https:\/\/www.office-sale.ch\/en\/wp-json\/wp\/v2\/product_cat?post=2353"},{"taxonomy":"product_tag","embeddable":true,"href":"https:\/\/www.office-sale.ch\/en\/wp-json\/wp\/v2\/product_tag?post=2353"}],"curies":[{"name":"wp","href":"https:\/\/api.w.org\/{rel}","templated":true}]}}