{"id":2375,"date":"2024-09-19T17:35:14","date_gmt":"2024-09-19T15:35:14","guid":{"rendered":"https:\/\/www.office-sale.ch\/?post_type=product&#038;p=2375"},"modified":"2024-09-22T21:11:25","modified_gmt":"2024-09-22T19:11:25","slug":"herman-miller-nevi-desk-oak-1600x800mm","status":"publish","type":"product","link":"https:\/\/www.office-sale.ch\/en\/shop\/herman-miller-nevi-desk-oak-1600x800mm\/","title":{"rendered":"Herman Miller Nevi Desk Oak 1600x800mm"},"content":{"rendered":"<p><strong>Herman Miller Nevi Desk Oak<\/strong><\/p>\n<p>&nbsp;<\/p>\n<p><em>Der Herman Miller Nevi Schreibtisch ist ein h\u00f6henverstellbarer Schreibtisch, der ergonomisches Arbeiten unterst\u00fctzt und eine gesunde Balance zwischen Sitzen und Stehen f\u00f6rdert. Gr\u00f6sse: 1600 mm x 800 mm , H\u00f6he: 650 mm &#8211; 1250 mm<\/em><\/p>\n<p><em>\u00a0<\/em><\/p>\n<ul>\n<li><em>Neu mit Garantie<\/em><\/li>\n<li><em>Tischplatte: Dekor Eiche \/ Oak Napoli<\/em><\/li>\n<li><em>Tischbeine: weiss<\/em><\/li>\n<li><em>H\u00f6henverstellbar: Motorisierte H\u00f6henanpassung f\u00fcr flexibles Arbeiten.<\/em><\/li>\n<li><em>Minimalistisches Design: Schlicht und modern, passend f\u00fcr B\u00fcro oder Homeoffice.<\/em><\/li>\n<li><em>Langlebige Materialien: Hochwertige Verarbeitung f\u00fcr eine lange Lebensdauer.<\/em><\/li>\n<li><em>Umweltfreundlich: Hergestellt aus nachhaltigen Materialien.<\/em><\/li>\n<li><em>Anpassbar: Erh\u00e4ltlich in verschiedenen Gr\u00f6\u00dfen und Oberfl\u00e4chen.<\/em><\/li>\n<li><em>Kabelmanagement: Integrierte L\u00f6sungen f\u00fcr geordnete Kabel.<\/em><\/li>\n<\/ul>","protected":false},"excerpt":{"rendered":"<p><em>Der Herman Miller Nevi Schreibtisch ist ein h\u00f6henverstellbarer Schreibtisch, der ergonomisches Arbeiten unterst\u00fctzt und eine gesunde Balance zwischen Sitzen und Stehen f\u00f6rdert. Gr\u00f6sse: 1600 mm x 800 mm , H\u00f6he: 650 mm &#8211; 1250 mm<\/em><\/p>\n<p><em>\u00a0<\/em><\/p>\n<p>&nbsp;<\/p>","protected":false},"featured_media":2376,"template":"","meta":[],"product_brand":[],"product_cat":[57,69],"product_tag":[79,158],"class_list":{"0":"post-2375","1":"product","2":"type-product","3":"status-publish","4":"has-post-thumbnail","6":"product_cat-tische","7":"product_cat-steh-sitz-schreibtische","8":"product_tag-herman-miller","9":"product_tag-nevi-desk","10":"product_shipping_class-spedition","12":"first","13":"instock","14":"sale","15":"shipping-taxable","16":"purchasable","17":"product-type-simple"},"yoast_head":"<!-- This site is optimized with the Yoast SEO plugin v27.4 - https:\/\/yoast.com\/product\/yoast-seo-wordpress\/ -->\n<title>Herman Miller Nevi Desk Oak 1600x800mm - Office-Sale.ch<\/title>\n<meta name=\"description\" content=\"Herman Miller Nevi Desk Oak\u00a0Der Herman Miller Nevi Schreibtisch ist ein h\u00f6henverstellbarer Schreibtisch, der ergonomisches Arbeiten unterst\u00fctzt und eine gesunde Balance zwischen Sitzen und Stehen f\u00f6rdert. Gr\u00f6sse: 1600 mm x 800 mm , H\u00f6he: 650 mm - 1250 mm\u00a0Tischplatte: Dekor Eiche \/ Oak Napoli Tischbeine: weiss H\u00f6henverstellbar: Motorisierte H\u00f6henanpassung f\u00fcr flexibles Arbeiten. Minimalistisches Design: Schlicht und modern, passend f\u00fcr B\u00fcro oder Homeoffice. Langlebige Materialien: Hochwertige Verarbeitung f\u00fcr eine lange Lebensdauer. Umweltfreundlich: Hergestellt aus nachhaltigen Materialien. Anpassbar: Erh\u00e4ltlich in verschiedenen Gr\u00f6\u00dfen und Oberfl\u00e4chen. Kabelmanagement: Integrierte L\u00f6sungen f\u00fcr geordnete Kabel.\" \/>\n<meta name=\"robots\" content=\"index, follow, max-snippet:-1, max-image-preview:large, max-video-preview:-1\" \/>\n<link rel=\"canonical\" href=\"https:\/\/www.office-sale.ch\/en\/shop\/herman-miller-nevi-desk-oak-1600x800mm\/\" \/>\n<meta property=\"og:locale\" content=\"en_US\" \/>\n<meta property=\"og:type\" content=\"article\" \/>\n<meta property=\"og:title\" content=\"Herman Miller Nevi Desk Oak 1600x800mm - Office-Sale.ch\" \/>\n<meta property=\"og:description\" content=\"Herman Miller Nevi Desk Oak\u00a0Der Herman Miller Nevi Schreibtisch ist ein h\u00f6henverstellbarer Schreibtisch, der ergonomisches Arbeiten unterst\u00fctzt und eine gesunde Balance zwischen Sitzen und Stehen f\u00f6rdert. Gr\u00f6sse: 1600 mm x 800 mm , H\u00f6he: 650 mm - 1250 mm\u00a0Tischplatte: Dekor Eiche \/ Oak Napoli Tischbeine: weiss H\u00f6henverstellbar: Motorisierte H\u00f6henanpassung f\u00fcr flexibles Arbeiten. Minimalistisches Design: Schlicht und modern, passend f\u00fcr B\u00fcro oder Homeoffice. Langlebige Materialien: Hochwertige Verarbeitung f\u00fcr eine lange Lebensdauer. Umweltfreundlich: Hergestellt aus nachhaltigen Materialien. Anpassbar: Erh\u00e4ltlich in verschiedenen Gr\u00f6\u00dfen und Oberfl\u00e4chen. Kabelmanagement: Integrierte L\u00f6sungen f\u00fcr geordnete Kabel.\" \/>\n<meta property=\"og:url\" content=\"https:\/\/www.office-sale.ch\/en\/shop\/herman-miller-nevi-desk-oak-1600x800mm\/\" \/>\n<meta property=\"og:site_name\" content=\"Office-Sale.ch\" \/>\n<meta property=\"article:modified_time\" content=\"2024-09-22T19:11:25+00:00\" \/>\n<meta property=\"og:image\" content=\"https:\/\/www.office-sale.ch\/wp-content\/uploads\/2024\/09\/Nevi2001.jpg\" \/>\n\t<meta property=\"og:image:width\" content=\"577\" \/>\n\t<meta property=\"og:image:height\" content=\"433\" \/>\n\t<meta property=\"og:image:type\" content=\"image\/jpeg\" \/>\n<script type=\"application\/ld+json\" class=\"yoast-schema-graph\">{\"@context\":\"https:\\\/\\\/schema.org\",\"@graph\":[{\"@type\":\"WebPage\",\"@id\":\"https:\\\/\\\/www.office-sale.ch\\\/shop\\\/herman-miller-nevi-desk-oak-1600x800mm\\\/\",\"url\":\"https:\\\/\\\/www.office-sale.ch\\\/shop\\\/herman-miller-nevi-desk-oak-1600x800mm\\\/\",\"name\":\"Herman Miller Nevi Desk Oak 1600x800mm - Office-Sale.ch\",\"isPartOf\":{\"@id\":\"https:\\\/\\\/www.office-sale.ch\\\/#website\"},\"primaryImageOfPage\":{\"@id\":\"https:\\\/\\\/www.office-sale.ch\\\/shop\\\/herman-miller-nevi-desk-oak-1600x800mm\\\/#primaryimage\"},\"image\":{\"@id\":\"https:\\\/\\\/www.office-sale.ch\\\/shop\\\/herman-miller-nevi-desk-oak-1600x800mm\\\/#primaryimage\"},\"thumbnailUrl\":\"https:\\\/\\\/www.office-sale.ch\\\/wp-content\\\/uploads\\\/2024\\\/09\\\/Nevi2001.jpg\",\"datePublished\":\"2024-09-19T15:35:14+00:00\",\"dateModified\":\"2024-09-22T19:11:25+00:00\",\"description\":\"Herman Miller Nevi Desk Oak\u00a0Der Herman Miller Nevi Schreibtisch ist ein h\u00f6henverstellbarer Schreibtisch, der ergonomisches Arbeiten unterst\u00fctzt und eine gesunde Balance zwischen Sitzen und Stehen f\u00f6rdert. Gr\u00f6sse: 1600 mm x 800 mm , H\u00f6he: 650 mm - 1250 mm\u00a0Tischplatte: Dekor Eiche \\\/ Oak Napoli Tischbeine: weiss H\u00f6henverstellbar: Motorisierte H\u00f6henanpassung f\u00fcr flexibles Arbeiten. Minimalistisches Design: Schlicht und modern, passend f\u00fcr B\u00fcro oder Homeoffice. Langlebige Materialien: Hochwertige Verarbeitung f\u00fcr eine lange Lebensdauer. Umweltfreundlich: Hergestellt aus nachhaltigen Materialien. Anpassbar: Erh\u00e4ltlich in verschiedenen Gr\u00f6\u00dfen und Oberfl\u00e4chen. Kabelmanagement: Integrierte L\u00f6sungen f\u00fcr geordnete Kabel.\",\"breadcrumb\":{\"@id\":\"https:\\\/\\\/www.office-sale.ch\\\/shop\\\/herman-miller-nevi-desk-oak-1600x800mm\\\/#breadcrumb\"},\"inLanguage\":\"en-US\",\"potentialAction\":[{\"@type\":\"ReadAction\",\"target\":[\"https:\\\/\\\/www.office-sale.ch\\\/shop\\\/herman-miller-nevi-desk-oak-1600x800mm\\\/\"]}]},{\"@type\":\"ImageObject\",\"inLanguage\":\"en-US\",\"@id\":\"https:\\\/\\\/www.office-sale.ch\\\/shop\\\/herman-miller-nevi-desk-oak-1600x800mm\\\/#primaryimage\",\"url\":\"https:\\\/\\\/www.office-sale.ch\\\/wp-content\\\/uploads\\\/2024\\\/09\\\/Nevi2001.jpg\",\"contentUrl\":\"https:\\\/\\\/www.office-sale.ch\\\/wp-content\\\/uploads\\\/2024\\\/09\\\/Nevi2001.jpg\",\"width\":577,\"height\":433},{\"@type\":\"BreadcrumbList\",\"@id\":\"https:\\\/\\\/www.office-sale.ch\\\/shop\\\/herman-miller-nevi-desk-oak-1600x800mm\\\/#breadcrumb\",\"itemListElement\":[{\"@type\":\"ListItem\",\"position\":1,\"name\":\"Startseite\",\"item\":\"https:\\\/\\\/www.office-sale.ch\\\/\"},{\"@type\":\"ListItem\",\"position\":2,\"name\":\"Shop\",\"item\":\"https:\\\/\\\/www.office-sale.ch\\\/shop\\\/\"},{\"@type\":\"ListItem\",\"position\":3,\"name\":\"Herman Miller Nevi Desk Oak 1600x800mm\"}]},{\"@type\":\"WebSite\",\"@id\":\"https:\\\/\\\/www.office-sale.ch\\\/#website\",\"url\":\"https:\\\/\\\/www.office-sale.ch\\\/\",\"name\":\"Office Sale\",\"description\":\"\",\"publisher\":{\"@id\":\"https:\\\/\\\/www.office-sale.ch\\\/#organization\"},\"potentialAction\":[{\"@type\":\"SearchAction\",\"target\":{\"@type\":\"EntryPoint\",\"urlTemplate\":\"https:\\\/\\\/www.office-sale.ch\\\/?s={search_term_string}\"},\"query-input\":{\"@type\":\"PropertyValueSpecification\",\"valueRequired\":true,\"valueName\":\"search_term_string\"}}],\"inLanguage\":\"en-US\"},{\"@type\":\"Organization\",\"@id\":\"https:\\\/\\\/www.office-sale.ch\\\/#organization\",\"name\":\"Office Sale\",\"url\":\"https:\\\/\\\/www.office-sale.ch\\\/\",\"logo\":{\"@type\":\"ImageObject\",\"inLanguage\":\"en-US\",\"@id\":\"https:\\\/\\\/www.office-sale.ch\\\/#\\\/schema\\\/logo\\\/image\\\/\",\"url\":\"https:\\\/\\\/www.office-sale.ch\\\/wp-content\\\/uploads\\\/2024\\\/08\\\/logo-office-sale.webp\",\"contentUrl\":\"https:\\\/\\\/www.office-sale.ch\\\/wp-content\\\/uploads\\\/2024\\\/08\\\/logo-office-sale.webp\",\"width\":1431,\"height\":369,\"caption\":\"Office Sale\"},\"image\":{\"@id\":\"https:\\\/\\\/www.office-sale.ch\\\/#\\\/schema\\\/logo\\\/image\\\/\"}}]}<\/script>\n<!-- \/ Yoast SEO plugin. -->","yoast_head_json":{"title":"Herman Miller Nevi Desk Oak 1600x800mm - Office-Sale.ch","description":"Herman Miller Nevi Desk Oak\u00a0Der Herman Miller Nevi Schreibtisch ist ein h\u00f6henverstellbarer Schreibtisch, der ergonomisches Arbeiten unterst\u00fctzt und eine gesunde Balance zwischen Sitzen und Stehen f\u00f6rdert. Gr\u00f6sse: 1600 mm x 800 mm , H\u00f6he: 650 mm - 1250 mm\u00a0Tischplatte: Dekor Eiche \/ Oak Napoli Tischbeine: weiss H\u00f6henverstellbar: Motorisierte H\u00f6henanpassung f\u00fcr flexibles Arbeiten. Minimalistisches Design: Schlicht und modern, passend f\u00fcr B\u00fcro oder Homeoffice. Langlebige Materialien: Hochwertige Verarbeitung f\u00fcr eine lange Lebensdauer. Umweltfreundlich: Hergestellt aus nachhaltigen Materialien. Anpassbar: Erh\u00e4ltlich in verschiedenen Gr\u00f6\u00dfen und Oberfl\u00e4chen. Kabelmanagement: Integrierte L\u00f6sungen f\u00fcr geordnete Kabel.","robots":{"index":"index","follow":"follow","max-snippet":"max-snippet:-1","max-image-preview":"max-image-preview:large","max-video-preview":"max-video-preview:-1"},"canonical":"https:\/\/www.office-sale.ch\/en\/shop\/herman-miller-nevi-desk-oak-1600x800mm\/","og_locale":"en_US","og_type":"article","og_title":"Herman Miller Nevi Desk Oak 1600x800mm - Office-Sale.ch","og_description":"Herman Miller Nevi Desk Oak\u00a0Der Herman Miller Nevi Schreibtisch ist ein h\u00f6henverstellbarer Schreibtisch, der ergonomisches Arbeiten unterst\u00fctzt und eine gesunde Balance zwischen Sitzen und Stehen f\u00f6rdert. Gr\u00f6sse: 1600 mm x 800 mm , H\u00f6he: 650 mm - 1250 mm\u00a0Tischplatte: Dekor Eiche \/ Oak Napoli Tischbeine: weiss H\u00f6henverstellbar: Motorisierte H\u00f6henanpassung f\u00fcr flexibles Arbeiten. Minimalistisches Design: Schlicht und modern, passend f\u00fcr B\u00fcro oder Homeoffice. Langlebige Materialien: Hochwertige Verarbeitung f\u00fcr eine lange Lebensdauer. Umweltfreundlich: Hergestellt aus nachhaltigen Materialien. Anpassbar: Erh\u00e4ltlich in verschiedenen Gr\u00f6\u00dfen und Oberfl\u00e4chen. Kabelmanagement: Integrierte L\u00f6sungen f\u00fcr geordnete Kabel.","og_url":"https:\/\/www.office-sale.ch\/en\/shop\/herman-miller-nevi-desk-oak-1600x800mm\/","og_site_name":"Office-Sale.ch","article_modified_time":"2024-09-22T19:11:25+00:00","og_image":[{"width":577,"height":433,"url":"https:\/\/www.office-sale.ch\/wp-content\/uploads\/2024\/09\/Nevi2001.jpg","type":"image\/jpeg"}],"schema":{"@context":"https:\/\/schema.org","@graph":[{"@type":"WebPage","@id":"https:\/\/www.office-sale.ch\/shop\/herman-miller-nevi-desk-oak-1600x800mm\/","url":"https:\/\/www.office-sale.ch\/shop\/herman-miller-nevi-desk-oak-1600x800mm\/","name":"Herman Miller Nevi Desk Oak 1600x800mm - Office-Sale.ch","isPartOf":{"@id":"https:\/\/www.office-sale.ch\/#website"},"primaryImageOfPage":{"@id":"https:\/\/www.office-sale.ch\/shop\/herman-miller-nevi-desk-oak-1600x800mm\/#primaryimage"},"image":{"@id":"https:\/\/www.office-sale.ch\/shop\/herman-miller-nevi-desk-oak-1600x800mm\/#primaryimage"},"thumbnailUrl":"https:\/\/www.office-sale.ch\/wp-content\/uploads\/2024\/09\/Nevi2001.jpg","datePublished":"2024-09-19T15:35:14+00:00","dateModified":"2024-09-22T19:11:25+00:00","description":"Herman Miller Nevi Desk Oak\u00a0Der Herman Miller Nevi Schreibtisch ist ein h\u00f6henverstellbarer Schreibtisch, der ergonomisches Arbeiten unterst\u00fctzt und eine gesunde Balance zwischen Sitzen und Stehen f\u00f6rdert. Gr\u00f6sse: 1600 mm x 800 mm , H\u00f6he: 650 mm - 1250 mm\u00a0Tischplatte: Dekor Eiche \/ Oak Napoli Tischbeine: weiss H\u00f6henverstellbar: Motorisierte H\u00f6henanpassung f\u00fcr flexibles Arbeiten. Minimalistisches Design: Schlicht und modern, passend f\u00fcr B\u00fcro oder Homeoffice. Langlebige Materialien: Hochwertige Verarbeitung f\u00fcr eine lange Lebensdauer. Umweltfreundlich: Hergestellt aus nachhaltigen Materialien. Anpassbar: Erh\u00e4ltlich in verschiedenen Gr\u00f6\u00dfen und Oberfl\u00e4chen. Kabelmanagement: Integrierte L\u00f6sungen f\u00fcr geordnete Kabel.","breadcrumb":{"@id":"https:\/\/www.office-sale.ch\/shop\/herman-miller-nevi-desk-oak-1600x800mm\/#breadcrumb"},"inLanguage":"en-US","potentialAction":[{"@type":"ReadAction","target":["https:\/\/www.office-sale.ch\/shop\/herman-miller-nevi-desk-oak-1600x800mm\/"]}]},{"@type":"ImageObject","inLanguage":"en-US","@id":"https:\/\/www.office-sale.ch\/shop\/herman-miller-nevi-desk-oak-1600x800mm\/#primaryimage","url":"https:\/\/www.office-sale.ch\/wp-content\/uploads\/2024\/09\/Nevi2001.jpg","contentUrl":"https:\/\/www.office-sale.ch\/wp-content\/uploads\/2024\/09\/Nevi2001.jpg","width":577,"height":433},{"@type":"BreadcrumbList","@id":"https:\/\/www.office-sale.ch\/shop\/herman-miller-nevi-desk-oak-1600x800mm\/#breadcrumb","itemListElement":[{"@type":"ListItem","position":1,"name":"Startseite","item":"https:\/\/www.office-sale.ch\/"},{"@type":"ListItem","position":2,"name":"Shop","item":"https:\/\/www.office-sale.ch\/shop\/"},{"@type":"ListItem","position":3,"name":"Herman Miller Nevi Desk Oak 1600x800mm"}]},{"@type":"WebSite","@id":"https:\/\/www.office-sale.ch\/#website","url":"https:\/\/www.office-sale.ch\/","name":"Office Sale","description":"","publisher":{"@id":"https:\/\/www.office-sale.ch\/#organization"},"potentialAction":[{"@type":"SearchAction","target":{"@type":"EntryPoint","urlTemplate":"https:\/\/www.office-sale.ch\/?s={search_term_string}"},"query-input":{"@type":"PropertyValueSpecification","valueRequired":true,"valueName":"search_term_string"}}],"inLanguage":"en-US"},{"@type":"Organization","@id":"https:\/\/www.office-sale.ch\/#organization","name":"Office Sale","url":"https:\/\/www.office-sale.ch\/","logo":{"@type":"ImageObject","inLanguage":"en-US","@id":"https:\/\/www.office-sale.ch\/#\/schema\/logo\/image\/","url":"https:\/\/www.office-sale.ch\/wp-content\/uploads\/2024\/08\/logo-office-sale.webp","contentUrl":"https:\/\/www.office-sale.ch\/wp-content\/uploads\/2024\/08\/logo-office-sale.webp","width":1431,"height":369,"caption":"Office Sale"},"image":{"@id":"https:\/\/www.office-sale.ch\/#\/schema\/logo\/image\/"}}]}},"_links":{"self":[{"href":"https:\/\/www.office-sale.ch\/en\/wp-json\/wp\/v2\/product\/2375","targetHints":{"allow":["GET"]}}],"collection":[{"href":"https:\/\/www.office-sale.ch\/en\/wp-json\/wp\/v2\/product"}],"about":[{"href":"https:\/\/www.office-sale.ch\/en\/wp-json\/wp\/v2\/types\/product"}],"wp:featuredmedia":[{"embeddable":true,"href":"https:\/\/www.office-sale.ch\/en\/wp-json\/wp\/v2\/media\/2376"}],"wp:attachment":[{"href":"https:\/\/www.office-sale.ch\/en\/wp-json\/wp\/v2\/media?parent=2375"}],"wp:term":[{"taxonomy":"product_brand","embeddable":true,"href":"https:\/\/www.office-sale.ch\/en\/wp-json\/wp\/v2\/product_brand?post=2375"},{"taxonomy":"product_cat","embeddable":true,"href":"https:\/\/www.office-sale.ch\/en\/wp-json\/wp\/v2\/product_cat?post=2375"},{"taxonomy":"product_tag","embeddable":true,"href":"https:\/\/www.office-sale.ch\/en\/wp-json\/wp\/v2\/product_tag?post=2375"}],"curies":[{"name":"wp","href":"https:\/\/api.w.org\/{rel}","templated":true}]}}