{"id":2687,"date":"2025-10-02T10:50:46","date_gmt":"2025-10-02T08:50:46","guid":{"rendered":"https:\/\/www.office-sale.ch\/?post_type=product&#038;p=2687"},"modified":"2026-03-30T19:15:11","modified_gmt":"2026-03-30T17:15:11","slug":"smartsafe-mit-bluetooth-der-intelligente-tresor-fuers-buero-oder-zuhause","status":"publish","type":"product","link":"https:\/\/www.office-sale.ch\/en\/shop\/smartsafe-mit-bluetooth-der-intelligente-tresor-fuers-buero-oder-zuhause\/","title":{"rendered":"SmartSafe mit Bluetooth &#8211; Der intelligente Tresor f\u00fcrs B\u00fcro oder Zuhause"},"content":{"rendered":"<div id=\"main\">\n<div class=\"main-inside\">\n<div class=\"product-info product-info-default row\">\n<div class=\"product-info-content col-xs-12\">\n<div class=\"row\">\n<div class=\"product-info-description col-md-8\">\n<div class=\"nav-tabs-container\">\n<div class=\"tab-content\">\n<div class=\"tab-pane active\">\n<div class=\"tab-body active\">\n<h2>SmartSafe mit Bluetooth &#8211; der intelligente Tresor<\/h2>\n<p>Der SmartSafe ist ein Produkt von OMFOCUS (Shenzen) Tech Co. Limited.<\/p>\n<p>Bestellen Sie den SmartSafe zum Sale-Preis!<\/p>\n<h2>SmartSafe mit Bluetooth\u00a0und Fernprogrammierung<\/h2>\n<p>Sie m\u00fcssen nicht mehr Ihren Tresorschl\u00fcssel bei sich haben oder sich Sorgen machen, dass Ihre Familie keinen Schl\u00fcssel zum \u00d6ffnen der T\u00fcr hat. Gross genug f\u00fcr Ihre Wertsachen. \u00d6ffnen Sie den SmartSafe mit Bluetooth \u00fcbers Handy oder \u00fcber einen PIN-Code. Organisieren und managen Sie den SmartSafe einfach mit Ihrem Smartphone. Die Programmierung erfolgt entweder direkt am SmartSafe oder \u00fcber die gratis App.<\/p>\n<h2>Vorteile SmartSafe mit Bluetooth<\/h2>\n<ul>\n<li>Wertgegenst\u00e4nde sind sicher unter Verschluss<\/li>\n<li>sehr stabile Ausf\u00fchrung zur Boden- oder Wandmontage<\/li>\n<li>kinderleichte Programmierung und Bedienung<\/li>\n<li>einfache und \u00fcbersichtliche Bedienungsanleitung<\/li>\n<li>Codes k\u00f6nnen jederzeit und beliebig oft gewechselt werden (Online mit Bluetooth oder weltweit offline)<\/li>\n<\/ul>\n<h2>Der SmartSafe mit Bluetooth kann wie folgt ge\u00f6ffnet werden<\/h2>\n<ul>\n<li>Direkteingabe \u00fcber die SmartSafe\u00a0Tastatur<\/li>\n<li>Mobile App Bluetooth Freischaltung<\/li>\n<\/ul>\n<h2>Der SmartSafe mit Bluetooth kann wie folgt programmiert werden<\/h2>\n<ul>\n<li>Direktprogrammierung \u00fcber die SmartSafe\u00a0Tastatur<\/li>\n<li>Onlineprogrammierung \u00fcber Bluetooth mit gratis App (es muss eine Bluetooth Verbindung vorhanden sein), freie Passwortvergabe, PIN 6-10 stellig, permanente oder tempor\u00e4re Passw\u00f6rter, Ein- oder Mehrfachverwendung m\u00f6glich.<\/li>\n<li>Offlineprogrammierung \u00fcber gratis App (es muss <strong>keine\u00a0<\/strong>Bluetooth Verbindung vorhanden sein), Passwort wird vom SmartSafe\u00a0generiert, PIN 10 stellig, Ein- oder Mehrfachverwendung m\u00f6glich. Somit k\u00f6nnen Sie den SmartSafe\u00a0aus der Ferne programmieren. Weltweite\u00a0Offline-Programmierung m\u00f6glich \u00fcber gratis App.<\/li>\n<\/ul>\n<h2>Technische Angaben SmartSafe mit Bluetooth<\/h2>\n<ul>\n<li>Material: 2 mm verzinktes Stahlblech<\/li>\n<li>Farbe: schwarz<\/li>\n<li>Aussenmass:\u00a0 400 x 300 x 295 mm<\/li>\n<li>Innenmass: 396 x 296 x 235 mm<\/li>\n<li>Gewicht: ca. 17\u00a0kg<\/li>\n<li>Leistung: 4 x AA-Batterie (Batteriezustand wird\u00a0in der App in % angezeigt)<\/li>\n<li>Strom\u00fcberbr\u00fcckung: Mikro-USB DC 5V<\/li>\n<li>Zertifizierung: IP65<\/li>\n<li>Unterst\u00fctzte Telefone: IOS und Android<\/li>\n<\/ul>\n<h2>Lieferumfang SmartSafe mit Bluetooth<\/h2>\n<ul>\n<li>1 SmartSafe<\/li>\n<li>1 Schnellanleitung<\/li>\n<li>2 Montageschrauben<\/li>\n<li>2 Notschl\u00fcssel<\/li>\n<li>4 Batterien AA<\/li>\n<\/ul>\n<p><strong>Gratis Versand in der ganzen Schweiz!<\/strong><\/p>\n<h2><\/h2>\n<\/div>\n<\/div>\n<\/div>\n<\/div>\n<\/div>\n<\/div>\n<\/div>\n<\/div>\n<\/div>\n<\/div>","protected":false},"excerpt":{"rendered":"<ul>\n<li>SmartSafe mit Bluetooth und Fernprogrammierung<\/li>\n<li>\u00d6ffnen Sie den SmartSafe mit Bluetooth \u00fcbers Handy oder \u00fcber einen PIN-Code<\/li>\n<li>Organisieren und managen Sie den SmartSafe einfach mit Ihrem Smartphone.<\/li>\n<li>Programmierung direkt am SmartSafe oder \u00fcber die gratis App.<\/li>\n<li>Wertgegenst\u00e4nde sind sicher unter Verschluss<\/li>\n<li>Sehr stabile Ausf\u00fchrung zur Boden- oder Wandmontage<\/li>\n<li>Codes k\u00f6nnen jederzeit und beliebig oft gewechselt werden (Online mit Bluetooth oder weltweit offline)<\/li>\n<li>Gratis Versand in der ganzen Schweiz!<\/li>\n<\/ul>","protected":false},"featured_media":2688,"template":"","meta":[],"product_brand":[],"product_cat":[75],"product_tag":[159],"class_list":{"0":"post-2687","1":"product","2":"type-product","3":"status-publish","4":"has-post-thumbnail","6":"product_cat-sonstiges","7":"product_tag-smartsafe-tresor","8":"product_shipping_class-gratis-versand","10":"first","11":"instock","12":"sale","13":"featured","14":"shipping-taxable","15":"purchasable","16":"product-type-simple"},"yoast_head":"<!-- This site is optimized with the Yoast SEO plugin v27.4 - https:\/\/yoast.com\/product\/yoast-seo-wordpress\/ -->\n<title>SmartSafe mit Bluetooth - Der intelligente Tresor f\u00fcrs B\u00fcro oder Zuhause - Office-Sale.ch<\/title>\n<meta name=\"description\" content=\"SmartSafe mit Bluetooth\u00a0und Fernprogrammierung \u00d6ffnen Sie den SmartSafe mit Bluetooth \u00fcbers Handy oder \u00fcber einen PIN-Code. Organisieren und managen Sie den SmartSafe einfach mit Ihrem Smartphone. Die Programmierung erfolgt entweder direkt am SmartSafe oder \u00fcber die gratis App.\u00a0Vorteile SmartSafe mit Bluetooth Wertgegenst\u00e4nde sind sicher unter Verschluss sehr stabile Ausf\u00fchrung zur Boden- oder Wandmontagekinderleichte Programmierung und Bedienung einfache und \u00fcbersichtliche Bedienungsanleitung Codes k\u00f6nnen jederzeit und beliebig oft gewechselt werden (Online mit Bluetooth oder weltweit offline)\" \/>\n<meta name=\"robots\" content=\"index, follow, max-snippet:-1, max-image-preview:large, max-video-preview:-1\" \/>\n<link rel=\"canonical\" href=\"https:\/\/www.office-sale.ch\/en\/shop\/smartsafe-mit-bluetooth-der-intelligente-tresor-fuers-buero-oder-zuhause\/\" \/>\n<meta property=\"og:locale\" content=\"en_US\" \/>\n<meta property=\"og:type\" content=\"article\" \/>\n<meta property=\"og:title\" content=\"SmartSafe mit Bluetooth - Der intelligente Tresor f\u00fcrs B\u00fcro oder Zuhause - Office-Sale.ch\" \/>\n<meta property=\"og:description\" content=\"SmartSafe mit Bluetooth\u00a0und Fernprogrammierung \u00d6ffnen Sie den SmartSafe mit Bluetooth \u00fcbers Handy oder \u00fcber einen PIN-Code. Organisieren und managen Sie den SmartSafe einfach mit Ihrem Smartphone. Die Programmierung erfolgt entweder direkt am SmartSafe oder \u00fcber die gratis App.\u00a0Vorteile SmartSafe mit Bluetooth Wertgegenst\u00e4nde sind sicher unter Verschluss sehr stabile Ausf\u00fchrung zur Boden- oder Wandmontagekinderleichte Programmierung und Bedienung einfache und \u00fcbersichtliche Bedienungsanleitung Codes k\u00f6nnen jederzeit und beliebig oft gewechselt werden (Online mit Bluetooth oder weltweit offline)\" \/>\n<meta property=\"og:url\" content=\"https:\/\/www.office-sale.ch\/en\/shop\/smartsafe-mit-bluetooth-der-intelligente-tresor-fuers-buero-oder-zuhause\/\" \/>\n<meta property=\"og:site_name\" content=\"Office-Sale.ch\" \/>\n<meta property=\"article:modified_time\" content=\"2026-03-30T17:15:11+00:00\" \/>\n<meta property=\"og:image\" content=\"https:\/\/www.office-sale.ch\/wp-content\/uploads\/2025\/10\/smartsafe-open.png\" \/>\n\t<meta property=\"og:image:width\" content=\"600\" \/>\n\t<meta property=\"og:image:height\" content=\"436\" \/>\n\t<meta property=\"og:image:type\" content=\"image\/png\" \/>\n<script type=\"application\/ld+json\" class=\"yoast-schema-graph\">{\"@context\":\"https:\\\/\\\/schema.org\",\"@graph\":[{\"@type\":\"WebPage\",\"@id\":\"https:\\\/\\\/www.office-sale.ch\\\/shop\\\/smartsafe-mit-bluetooth-der-intelligente-tresor-fuers-buero-oder-zuhause\\\/\",\"url\":\"https:\\\/\\\/www.office-sale.ch\\\/shop\\\/smartsafe-mit-bluetooth-der-intelligente-tresor-fuers-buero-oder-zuhause\\\/\",\"name\":\"SmartSafe mit Bluetooth - Der intelligente Tresor f\u00fcrs B\u00fcro oder Zuhause - Office-Sale.ch\",\"isPartOf\":{\"@id\":\"https:\\\/\\\/www.office-sale.ch\\\/#website\"},\"primaryImageOfPage\":{\"@id\":\"https:\\\/\\\/www.office-sale.ch\\\/shop\\\/smartsafe-mit-bluetooth-der-intelligente-tresor-fuers-buero-oder-zuhause\\\/#primaryimage\"},\"image\":{\"@id\":\"https:\\\/\\\/www.office-sale.ch\\\/shop\\\/smartsafe-mit-bluetooth-der-intelligente-tresor-fuers-buero-oder-zuhause\\\/#primaryimage\"},\"thumbnailUrl\":\"https:\\\/\\\/www.office-sale.ch\\\/wp-content\\\/uploads\\\/2025\\\/10\\\/smartsafe-open.png\",\"datePublished\":\"2025-10-02T08:50:46+00:00\",\"dateModified\":\"2026-03-30T17:15:11+00:00\",\"description\":\"SmartSafe mit Bluetooth\u00a0und Fernprogrammierung \u00d6ffnen Sie den SmartSafe mit Bluetooth \u00fcbers Handy oder \u00fcber einen PIN-Code. Organisieren und managen Sie den SmartSafe einfach mit Ihrem Smartphone. Die Programmierung erfolgt entweder direkt am SmartSafe oder \u00fcber die gratis App.\u00a0Vorteile SmartSafe mit Bluetooth Wertgegenst\u00e4nde sind sicher unter Verschluss sehr stabile Ausf\u00fchrung zur Boden- oder Wandmontagekinderleichte Programmierung und Bedienung einfache und \u00fcbersichtliche Bedienungsanleitung Codes k\u00f6nnen jederzeit und beliebig oft gewechselt werden (Online mit Bluetooth oder weltweit offline)\",\"breadcrumb\":{\"@id\":\"https:\\\/\\\/www.office-sale.ch\\\/shop\\\/smartsafe-mit-bluetooth-der-intelligente-tresor-fuers-buero-oder-zuhause\\\/#breadcrumb\"},\"inLanguage\":\"en-US\",\"potentialAction\":[{\"@type\":\"ReadAction\",\"target\":[\"https:\\\/\\\/www.office-sale.ch\\\/shop\\\/smartsafe-mit-bluetooth-der-intelligente-tresor-fuers-buero-oder-zuhause\\\/\"]}]},{\"@type\":\"ImageObject\",\"inLanguage\":\"en-US\",\"@id\":\"https:\\\/\\\/www.office-sale.ch\\\/shop\\\/smartsafe-mit-bluetooth-der-intelligente-tresor-fuers-buero-oder-zuhause\\\/#primaryimage\",\"url\":\"https:\\\/\\\/www.office-sale.ch\\\/wp-content\\\/uploads\\\/2025\\\/10\\\/smartsafe-open.png\",\"contentUrl\":\"https:\\\/\\\/www.office-sale.ch\\\/wp-content\\\/uploads\\\/2025\\\/10\\\/smartsafe-open.png\",\"width\":600,\"height\":436},{\"@type\":\"BreadcrumbList\",\"@id\":\"https:\\\/\\\/www.office-sale.ch\\\/shop\\\/smartsafe-mit-bluetooth-der-intelligente-tresor-fuers-buero-oder-zuhause\\\/#breadcrumb\",\"itemListElement\":[{\"@type\":\"ListItem\",\"position\":1,\"name\":\"Startseite\",\"item\":\"https:\\\/\\\/www.office-sale.ch\\\/\"},{\"@type\":\"ListItem\",\"position\":2,\"name\":\"Shop\",\"item\":\"https:\\\/\\\/www.office-sale.ch\\\/shop\\\/\"},{\"@type\":\"ListItem\",\"position\":3,\"name\":\"SmartSafe mit Bluetooth &#8211; Der intelligente Tresor f\u00fcrs B\u00fcro oder Zuhause\"}]},{\"@type\":\"WebSite\",\"@id\":\"https:\\\/\\\/www.office-sale.ch\\\/#website\",\"url\":\"https:\\\/\\\/www.office-sale.ch\\\/\",\"name\":\"Office Sale\",\"description\":\"\",\"publisher\":{\"@id\":\"https:\\\/\\\/www.office-sale.ch\\\/#organization\"},\"potentialAction\":[{\"@type\":\"SearchAction\",\"target\":{\"@type\":\"EntryPoint\",\"urlTemplate\":\"https:\\\/\\\/www.office-sale.ch\\\/?s={search_term_string}\"},\"query-input\":{\"@type\":\"PropertyValueSpecification\",\"valueRequired\":true,\"valueName\":\"search_term_string\"}}],\"inLanguage\":\"en-US\"},{\"@type\":\"Organization\",\"@id\":\"https:\\\/\\\/www.office-sale.ch\\\/#organization\",\"name\":\"Office Sale\",\"url\":\"https:\\\/\\\/www.office-sale.ch\\\/\",\"logo\":{\"@type\":\"ImageObject\",\"inLanguage\":\"en-US\",\"@id\":\"https:\\\/\\\/www.office-sale.ch\\\/#\\\/schema\\\/logo\\\/image\\\/\",\"url\":\"https:\\\/\\\/www.office-sale.ch\\\/wp-content\\\/uploads\\\/2024\\\/08\\\/logo-office-sale.webp\",\"contentUrl\":\"https:\\\/\\\/www.office-sale.ch\\\/wp-content\\\/uploads\\\/2024\\\/08\\\/logo-office-sale.webp\",\"width\":1431,\"height\":369,\"caption\":\"Office Sale\"},\"image\":{\"@id\":\"https:\\\/\\\/www.office-sale.ch\\\/#\\\/schema\\\/logo\\\/image\\\/\"}}]}<\/script>\n<!-- \/ Yoast SEO plugin. -->","yoast_head_json":{"title":"SmartSafe mit Bluetooth - Der intelligente Tresor f\u00fcrs B\u00fcro oder Zuhause - Office-Sale.ch","description":"SmartSafe mit Bluetooth\u00a0und Fernprogrammierung \u00d6ffnen Sie den SmartSafe mit Bluetooth \u00fcbers Handy oder \u00fcber einen PIN-Code. Organisieren und managen Sie den SmartSafe einfach mit Ihrem Smartphone. Die Programmierung erfolgt entweder direkt am SmartSafe oder \u00fcber die gratis App.\u00a0Vorteile SmartSafe mit Bluetooth Wertgegenst\u00e4nde sind sicher unter Verschluss sehr stabile Ausf\u00fchrung zur Boden- oder Wandmontagekinderleichte Programmierung und Bedienung einfache und \u00fcbersichtliche Bedienungsanleitung Codes k\u00f6nnen jederzeit und beliebig oft gewechselt werden (Online mit Bluetooth oder weltweit offline)","robots":{"index":"index","follow":"follow","max-snippet":"max-snippet:-1","max-image-preview":"max-image-preview:large","max-video-preview":"max-video-preview:-1"},"canonical":"https:\/\/www.office-sale.ch\/en\/shop\/smartsafe-mit-bluetooth-der-intelligente-tresor-fuers-buero-oder-zuhause\/","og_locale":"en_US","og_type":"article","og_title":"SmartSafe mit Bluetooth - Der intelligente Tresor f\u00fcrs B\u00fcro oder Zuhause - Office-Sale.ch","og_description":"SmartSafe mit Bluetooth\u00a0und Fernprogrammierung \u00d6ffnen Sie den SmartSafe mit Bluetooth \u00fcbers Handy oder \u00fcber einen PIN-Code. Organisieren und managen Sie den SmartSafe einfach mit Ihrem Smartphone. Die Programmierung erfolgt entweder direkt am SmartSafe oder \u00fcber die gratis App.\u00a0Vorteile SmartSafe mit Bluetooth Wertgegenst\u00e4nde sind sicher unter Verschluss sehr stabile Ausf\u00fchrung zur Boden- oder Wandmontagekinderleichte Programmierung und Bedienung einfache und \u00fcbersichtliche Bedienungsanleitung Codes k\u00f6nnen jederzeit und beliebig oft gewechselt werden (Online mit Bluetooth oder weltweit offline)","og_url":"https:\/\/www.office-sale.ch\/en\/shop\/smartsafe-mit-bluetooth-der-intelligente-tresor-fuers-buero-oder-zuhause\/","og_site_name":"Office-Sale.ch","article_modified_time":"2026-03-30T17:15:11+00:00","og_image":[{"width":600,"height":436,"url":"https:\/\/www.office-sale.ch\/wp-content\/uploads\/2025\/10\/smartsafe-open.png","type":"image\/png"}],"schema":{"@context":"https:\/\/schema.org","@graph":[{"@type":"WebPage","@id":"https:\/\/www.office-sale.ch\/shop\/smartsafe-mit-bluetooth-der-intelligente-tresor-fuers-buero-oder-zuhause\/","url":"https:\/\/www.office-sale.ch\/shop\/smartsafe-mit-bluetooth-der-intelligente-tresor-fuers-buero-oder-zuhause\/","name":"SmartSafe mit Bluetooth - Der intelligente Tresor f\u00fcrs B\u00fcro oder Zuhause - Office-Sale.ch","isPartOf":{"@id":"https:\/\/www.office-sale.ch\/#website"},"primaryImageOfPage":{"@id":"https:\/\/www.office-sale.ch\/shop\/smartsafe-mit-bluetooth-der-intelligente-tresor-fuers-buero-oder-zuhause\/#primaryimage"},"image":{"@id":"https:\/\/www.office-sale.ch\/shop\/smartsafe-mit-bluetooth-der-intelligente-tresor-fuers-buero-oder-zuhause\/#primaryimage"},"thumbnailUrl":"https:\/\/www.office-sale.ch\/wp-content\/uploads\/2025\/10\/smartsafe-open.png","datePublished":"2025-10-02T08:50:46+00:00","dateModified":"2026-03-30T17:15:11+00:00","description":"SmartSafe mit Bluetooth\u00a0und Fernprogrammierung \u00d6ffnen Sie den SmartSafe mit Bluetooth \u00fcbers Handy oder \u00fcber einen PIN-Code. Organisieren und managen Sie den SmartSafe einfach mit Ihrem Smartphone. Die Programmierung erfolgt entweder direkt am SmartSafe oder \u00fcber die gratis App.\u00a0Vorteile SmartSafe mit Bluetooth Wertgegenst\u00e4nde sind sicher unter Verschluss sehr stabile Ausf\u00fchrung zur Boden- oder Wandmontagekinderleichte Programmierung und Bedienung einfache und \u00fcbersichtliche Bedienungsanleitung Codes k\u00f6nnen jederzeit und beliebig oft gewechselt werden (Online mit Bluetooth oder weltweit offline)","breadcrumb":{"@id":"https:\/\/www.office-sale.ch\/shop\/smartsafe-mit-bluetooth-der-intelligente-tresor-fuers-buero-oder-zuhause\/#breadcrumb"},"inLanguage":"en-US","potentialAction":[{"@type":"ReadAction","target":["https:\/\/www.office-sale.ch\/shop\/smartsafe-mit-bluetooth-der-intelligente-tresor-fuers-buero-oder-zuhause\/"]}]},{"@type":"ImageObject","inLanguage":"en-US","@id":"https:\/\/www.office-sale.ch\/shop\/smartsafe-mit-bluetooth-der-intelligente-tresor-fuers-buero-oder-zuhause\/#primaryimage","url":"https:\/\/www.office-sale.ch\/wp-content\/uploads\/2025\/10\/smartsafe-open.png","contentUrl":"https:\/\/www.office-sale.ch\/wp-content\/uploads\/2025\/10\/smartsafe-open.png","width":600,"height":436},{"@type":"BreadcrumbList","@id":"https:\/\/www.office-sale.ch\/shop\/smartsafe-mit-bluetooth-der-intelligente-tresor-fuers-buero-oder-zuhause\/#breadcrumb","itemListElement":[{"@type":"ListItem","position":1,"name":"Startseite","item":"https:\/\/www.office-sale.ch\/"},{"@type":"ListItem","position":2,"name":"Shop","item":"https:\/\/www.office-sale.ch\/shop\/"},{"@type":"ListItem","position":3,"name":"SmartSafe mit Bluetooth &#8211; Der intelligente Tresor f\u00fcrs B\u00fcro oder Zuhause"}]},{"@type":"WebSite","@id":"https:\/\/www.office-sale.ch\/#website","url":"https:\/\/www.office-sale.ch\/","name":"Office Sale","description":"","publisher":{"@id":"https:\/\/www.office-sale.ch\/#organization"},"potentialAction":[{"@type":"SearchAction","target":{"@type":"EntryPoint","urlTemplate":"https:\/\/www.office-sale.ch\/?s={search_term_string}"},"query-input":{"@type":"PropertyValueSpecification","valueRequired":true,"valueName":"search_term_string"}}],"inLanguage":"en-US"},{"@type":"Organization","@id":"https:\/\/www.office-sale.ch\/#organization","name":"Office Sale","url":"https:\/\/www.office-sale.ch\/","logo":{"@type":"ImageObject","inLanguage":"en-US","@id":"https:\/\/www.office-sale.ch\/#\/schema\/logo\/image\/","url":"https:\/\/www.office-sale.ch\/wp-content\/uploads\/2024\/08\/logo-office-sale.webp","contentUrl":"https:\/\/www.office-sale.ch\/wp-content\/uploads\/2024\/08\/logo-office-sale.webp","width":1431,"height":369,"caption":"Office Sale"},"image":{"@id":"https:\/\/www.office-sale.ch\/#\/schema\/logo\/image\/"}}]}},"_links":{"self":[{"href":"https:\/\/www.office-sale.ch\/en\/wp-json\/wp\/v2\/product\/2687","targetHints":{"allow":["GET"]}}],"collection":[{"href":"https:\/\/www.office-sale.ch\/en\/wp-json\/wp\/v2\/product"}],"about":[{"href":"https:\/\/www.office-sale.ch\/en\/wp-json\/wp\/v2\/types\/product"}],"wp:featuredmedia":[{"embeddable":true,"href":"https:\/\/www.office-sale.ch\/en\/wp-json\/wp\/v2\/media\/2688"}],"wp:attachment":[{"href":"https:\/\/www.office-sale.ch\/en\/wp-json\/wp\/v2\/media?parent=2687"}],"wp:term":[{"taxonomy":"product_brand","embeddable":true,"href":"https:\/\/www.office-sale.ch\/en\/wp-json\/wp\/v2\/product_brand?post=2687"},{"taxonomy":"product_cat","embeddable":true,"href":"https:\/\/www.office-sale.ch\/en\/wp-json\/wp\/v2\/product_cat?post=2687"},{"taxonomy":"product_tag","embeddable":true,"href":"https:\/\/www.office-sale.ch\/en\/wp-json\/wp\/v2\/product_tag?post=2687"}],"curies":[{"name":"wp","href":"https:\/\/api.w.org\/{rel}","templated":true}]}}